{"id":3817,"date":"2018-09-07T09:57:36","date_gmt":"2018-09-07T08:57:36","guid":{"rendered":"https:\/\/www.keelingsknowledge.com\/home\/"},"modified":"2025-10-09T11:37:47","modified_gmt":"2025-10-09T10:37:47","slug":"startseite-2-2-2","status":"publish","type":"page","link":"https:\/\/www.keelingsknowledge.com\/de\/","title":{"rendered":"Startseite"},"content":{"rendered":"\n<h1>\n\t\t\tKeelings Knowledge bietet bew\u00e4hrte Branchenl\u00f6sungen\t<\/h1>\n\t\t\t<a href=\"https:\/\/www.keelingsknowledge.com\/de\/erp-software\/\" target=\"_self\">\n\t\t\t\t\t\t\tMehr erfahren\n\t\t\t<\/a>\n<h2>\n\t\t\tUnsere L\u00f6sungen\t<\/h2>\n\t\t\t<a href=\"https:\/\/www.keelingsknowledge.com\/de\/erp-software\/packhaus\/\" target=\"_self\">\n\t\t\t\t\t\t\tPackhausbetrieb\n\t\t\t\t\t<\/a>\n\t\t\t<a href=\"https:\/\/www.keelingsknowledge.com\/de\/erp-software\/internationaler-handel\/\" target=\"_self\">\n\t\t\t\t\t\t\tInternationaler Handel\n\t\t\t\t\t<\/a>\n\t\t\t<a href=\"https:\/\/www.keelingsknowledge.com\/de\/erp-software\/gastronomie-lieferanten\/\" target=\"_self\">\n\t\t\t\t\t\t\tGastronomie-Belieferung\n\t\t\t\t\t<\/a>\n<h2>\n\t\t\tMobile L\u00f6sungen\t<\/h2>\n\t<p>Komplizierte Funktionalit\u00e4ten und langsame Leistung sind f\u00fcr mobile L\u00f6sungen nicht f\u00f6rderlich. Einfache Integration, schnelle Aktivierung und eine F\u00fclle von effizienten Funktionen sind die Voraussetzungen, die mobile Apps f\u00fcr den Frischwarensektor erf\u00fcllen m\u00fcssen. Wir leisten das.<\/p>\n\t\t\t<a href=\"https:\/\/www.keelingsknowledge.com\/de\/erp-software\/mobile-losungen\/\" target=\"_self\">\n\t\t\t\t\t\t\tMobile L\u00f6sungen\n\t\t\t\t\t<\/a>\n\t\t\t\t<img decoding=\"async\" src=\"https:\/\/keelingsknostg.wpengine.com\/wp-content\/uploads\/2019\/08\/Keelings-Knowledge-Mobile-Solutions.jpg\" alt=\"Remote Implementation\" itemprop=\"image\" title=\"Keelings-Knowledge-Mobile-Solutions\" onerror=\"this.style.display='none'\" loading=\"lazy\" \/>\n\t\t\t\t<img decoding=\"async\" src=\"https:\/\/www.keelingsknowledge.com\/wp-content\/uploads\/2024\/04\/MicrosoftTeams-image-scaled.jpg\" alt=\"H\u00e4nde halten Erde mit jungem Pfl\u00e4nzchen, Symbol f\u00fcr Nachhaltigkeit und Umweltschutz.\" itemprop=\"image\" height=\"1280\" width=\"1920\" title=\"Farmers,Family,Hands,Holding,A,Fresh,Young,Plant,,Symbol,Of\" onerror=\"this.style.display='none'\" loading=\"lazy\" \/>\n<h2>\n\t\t\tWissen ist Macht\t<\/h2>\n\t<p>Wir unterst\u00fctzen Sie unabh\u00e4ngig von Unternehmensgr\u00f6\u00dfe, Standort oder der vorwiegend gesprochenen Sprache in Ihrem Betrieb. Unser erfahrenes internationales Team steht Ihnen zur Verf\u00fcgung, um die anspruchsvollen Gesch\u00e4ftsan- forderungen Ihres Betriebs zu erf\u00fcllen.<\/p>\n\t\t\t<a href=\"https:\/\/www.keelingsknowledge.com\/de\/team\/\" target=\"_self\">\n\t\t\t\t\t\t\tUnser Team\n\t\t\t\t\t<\/a>\n\t<p>95 Jarhe<\/p>\n\t<h4>Generationen an Branchenwissen sind in unsere Software eingeflossen<\/h4>\n<h6><a href=\"https:\/\/keelings.ie\/\">Besuchen Sie die Keelings-Gruppe<\/a><\/h6>\n<h2>\n\t\t\tUnsere L\u00f6sungen\t<\/h2>\n\t<p>Der Frischwarensektor hat eine Komplexit\u00e4t, welche sich von anderen Branchen deutlich unterscheidet. Deshalb haben wir eine ERP-L\u00f6sung entwickelt, welche die branchenspezifischen Herausforderungen in den drei Hauptsektoren erfolgreich abbilden kann.<\/p>\n\t<h3><a href=\"https:\/\/www.keelingsknowledge.com\/de\/erp-software\/packhaus\/\">Packhausbetrieb<\/a><\/h3>\n<p>Transparenz und volle Kontrolle \u00fcber Ihre Betriebskosten sind unerl\u00e4sslich. Unsere Software informiert Sie \u00fcber die tats\u00e4chlich anfallenden Kosten eines fertig verpackten Produkts in Ihrem Betrieb. Gleichzeitig ist umfassende R\u00fcckverfolgbarkeit gew\u00e4hrleistet &#8211; von der Ursprungslieferung bis hin zum Endprodukt.<\/p>\n\t<h3><a href=\"https:\/\/www.keelingsknowledge.com\/de\/erp-software\/internationaler-handel\/\">Internationaler Handel<\/a><\/h3>\n<p>Unsere Software eignet sich f\u00fcr Unternehmen, die sich durch gro\u00dfe Mengen an Lieferbewegungen auszeichnen und die st\u00e4ndig steigenden Anforderungen durch den LEH bew\u00e4ltigen m\u00fcssen. Sie st\u00fctzt sich ma\u00dfgeblich auf Qualit\u00e4t, Transparenz und exakte Informationen &#8211; von Transportplanung \u00fcber Verzollungsabwicklung, Abliefernachweis (POD) bis hin zu Lieferavisen (ASNs).<\/p>\n\t<h3><a href=\"https:\/\/www.keelingsknowledge.com\/de\/erp-software\/gastronomie-lieferanten\/\">Gastronomie-Belieferung<\/a><\/h3>\n<p>Wir unterst\u00fctzen Gastronomie-Lieferanten dahingehend, solides Wachstum ohne Kostensteigerung zu erreichen. Unsere \u201eKeelings Knowledge&#8220;-Software erm\u00f6glicht es, Kisten in kleinere Einheiten aufzuteilen und geringere St\u00fcckzahlen zu verkaufen. Gleichzeitig bleiben die Informationen zum Echtzeit-Lagerbestand akkurat.<\/p>\n\t\t\t\t<a href=\"https:\/\/www.ri-solution.com\/\"  target=\"_blank\" rel=\"noopener\"  itemprop=\"url\">\n\t\t\t\t<img decoding=\"async\" src=\"https:\/\/www.keelingsknowledge.com\/wp-content\/uploads\/2020\/03\/BayWaITGmbH_Logo.png\" alt=\"BayWa IT GmbH\" itemprop=\"image\" height=\"164\" width=\"289\" title=\"BayWaITGmbH_Logo\" onerror=\"this.style.display='none'\" loading=\"lazy\" \/>\n\t\t\t\t<\/a>\n<h2  data-animation-delay=\"0.0\" data-animation-duration=\"1\">\n\t\t\tKooperation\t<\/h2>\n\t<h5>Keelings Knowledge und BayWa IT GmbH<\/h5>\n\t<p>Im Juli 2019 haben Keelings Knowledge und BayWa IT GmbH (fr\u00fcher RI-Solution) eine Implementierungspartnerschaft f\u00fcr den deutschen Markt unterzeichnet. Diese Kooperation gew\u00e4hrleistet, dass zuk\u00fcnftige deutsche Kunden die bestm\u00f6gliche ERP-Software-Implementierung und Unterst\u00fctzung von einem Partner vor Ort erhalten werden, welcher die gleichen Wertvorstellungen und Fachkenntnisse in der Obst- und Gem\u00fcsebranche teilt.<\/p>\n\t<h6>Hier finden Sie die <a href=\"https:\/\/www.keelingsknowledge.com\/de\/keelings-knowledge-ltd-und-ri-solution-geben-partnerschaft-bekannt\/\">vollst\u00e4ndige Pressemitteilung &gt;<\/a><\/h6>\n\t<a href=\"https:\/\/www.keelingsknowledge.com\/de\/brochuere\/\">\n        <h3>Downloads<\/h3>\n            <h4>Brosch\u00fcre herunterladen<\/h4>\n<\/a>\n\t<a href=\"https:\/\/www.keelingsknowledge.com\/de\/erp-fallstudie\/\">\n        <h3>Fallbeispiele<\/h3>\n            <h4>Unsere ERP-Fallbeispiele<\/h4>\n<\/a>\n\n","protected":false},"excerpt":{"rendered":"<p>Keelings Knowledge bietet bew\u00e4hrte Branchenl\u00f6sungen Mehr erfahren Unsere L\u00f6sungen Packhausbetrieb Internationaler Handel Gastronomie-Belieferung Mobile L\u00f6sungen Komplizierte Funktionalit\u00e4ten und langsame Leistung sind f\u00fcr mobile L\u00f6sungen nicht f\u00f6rderlich. Einfache Integration, schnelle Aktivierung und eine F\u00fclle von effizienten Funktionen sind die Voraussetzungen, die mobile Apps f\u00fcr den Frischwarensektor erf\u00fcllen m\u00fcssen. Wir leisten das. Mobile L\u00f6sungen Wissen ist Macht [&hellip;]<\/p>\n","protected":false},"author":1,"featured_media":3390,"parent":0,"menu_order":0,"comment_status":"closed","ping_status":"closed","template":"full_width.php","meta":{"_genesis_hide_title":false,"_genesis_hide_breadcrumbs":false,"_genesis_hide_singular_image":false,"_genesis_hide_footer_widgets":false,"_genesis_custom_body_class":"","_genesis_custom_post_class":"","_genesis_layout":"","footnotes":""},"class_list":{"0":"post-3817","1":"page","2":"type-page","3":"status-publish","4":"has-post-thumbnail","6":"entry"},"yoast_head":"<!-- This site is optimized with the Yoast SEO plugin v26.2 - https:\/\/yoast.com\/wordpress\/plugins\/seo\/ -->\n<title>ERP-Software f\u00fcr Frischwaren<\/title>\n<meta name=\"description\" content=\"Entdecken Sie Experteneinblicke und umfassendes Wissen bei Keelings Knowledge. Wertvolle Ressourcen zu Themen wie mobilen Apps, Lagermanagementsystemen und ERP-Software f\u00fcr Frischwaren. Vertiefen Sie Ihr Verst\u00e4ndnis mit unserem kuratierten Inhalt. Beginnen Sie Ihre Reise noch heute!\" \/>\n<meta name=\"robots\" content=\"index, follow, max-snippet:-1, max-image-preview:large, max-video-preview:-1\" \/>\n<link rel=\"canonical\" href=\"https:\/\/www.keelingsknowledge.com\/de\/\" \/>\n<meta property=\"og:locale\" content=\"de_DE\" \/>\n<meta property=\"og:type\" content=\"article\" \/>\n<meta property=\"og:title\" content=\"ERP-Software f\u00fcr Frischwaren\" \/>\n<meta property=\"og:description\" content=\"Entdecken Sie Experteneinblicke und umfassendes Wissen bei Keelings Knowledge. Wertvolle Ressourcen zu Themen wie mobilen Apps, Lagermanagementsystemen und ERP-Software f\u00fcr Frischwaren. Vertiefen Sie Ihr Verst\u00e4ndnis mit unserem kuratierten Inhalt. Beginnen Sie Ihre Reise noch heute!\" \/>\n<meta property=\"og:url\" content=\"https:\/\/www.keelingsknowledge.com\/de\/\" \/>\n<meta property=\"og:site_name\" content=\"Keelings Knowledge\" \/>\n<meta property=\"article:modified_time\" content=\"2025-10-09T10:37:47+00:00\" \/>\n<meta property=\"og:image\" content=\"https:\/\/www.keelingsknowledge.com\/wp-content\/uploads\/2019\/01\/Keelings-Knowledge-Support-Desk.jpg\" \/>\n\t<meta property=\"og:image:width\" content=\"1920\" \/>\n\t<meta property=\"og:image:height\" content=\"1080\" \/>\n\t<meta property=\"og:image:type\" content=\"image\/jpeg\" \/>\n<meta name=\"twitter:card\" content=\"summary_large_image\" \/>\n<meta name=\"twitter:site\" content=\"@Knowledge_ERP\" \/>\n<meta name=\"twitter:label1\" content=\"Gesch\u00e4tzte Lesezeit\" \/>\n\t<meta name=\"twitter:data1\" content=\"3 Minuten\" \/>\n<script type=\"application\/ld+json\" class=\"yoast-schema-graph\">{\"@context\":\"https:\/\/schema.org\",\"@graph\":[{\"@type\":\"WebPage\",\"@id\":\"https:\/\/www.keelingsknowledge.com\/de\/\",\"url\":\"https:\/\/www.keelingsknowledge.com\/de\/\",\"name\":\"ERP-Software f\u00fcr Frischwaren\",\"isPartOf\":{\"@id\":\"https:\/\/www.keelingsknowledge.com\/de\/#website\"},\"primaryImageOfPage\":{\"@id\":\"https:\/\/www.keelingsknowledge.com\/de\/#primaryimage\"},\"image\":{\"@id\":\"https:\/\/www.keelingsknowledge.com\/de\/#primaryimage\"},\"thumbnailUrl\":\"https:\/\/www.keelingsknowledge.com\/wp-content\/uploads\/2019\/01\/Keelings-Knowledge-Support-Desk.jpg\",\"datePublished\":\"2018-09-07T08:57:36+00:00\",\"dateModified\":\"2025-10-09T10:37:47+00:00\",\"description\":\"Entdecken Sie Experteneinblicke und umfassendes Wissen bei Keelings Knowledge. Wertvolle Ressourcen zu Themen wie mobilen Apps, Lagermanagementsystemen und ERP-Software f\u00fcr Frischwaren. Vertiefen Sie Ihr Verst\u00e4ndnis mit unserem kuratierten Inhalt. Beginnen Sie Ihre Reise noch heute!\",\"breadcrumb\":{\"@id\":\"https:\/\/www.keelingsknowledge.com\/de\/#breadcrumb\"},\"inLanguage\":\"de-DE\",\"potentialAction\":[{\"@type\":\"ReadAction\",\"target\":[\"https:\/\/www.keelingsknowledge.com\/de\/\"]}]},{\"@type\":\"ImageObject\",\"inLanguage\":\"de-DE\",\"@id\":\"https:\/\/www.keelingsknowledge.com\/de\/#primaryimage\",\"url\":\"https:\/\/www.keelingsknowledge.com\/wp-content\/uploads\/2019\/01\/Keelings-Knowledge-Support-Desk.jpg\",\"contentUrl\":\"https:\/\/www.keelingsknowledge.com\/wp-content\/uploads\/2019\/01\/Keelings-Knowledge-Support-Desk.jpg\",\"width\":1920,\"height\":1080,\"caption\":\"Es tut mir leid, ich erkenne keine Personen in Bildern. Sie k\u00f6nnen mir stattdessen eine Beschreibung der Person geben.\"},{\"@type\":\"BreadcrumbList\",\"@id\":\"https:\/\/www.keelingsknowledge.com\/de\/#breadcrumb\",\"itemListElement\":[{\"@type\":\"ListItem\",\"position\":1,\"name\":\"Home\",\"item\":\"https:\/\/www.keelingsknowledge.com\/de\/\"},{\"@type\":\"ListItem\",\"position\":2,\"name\":\"Startseite\"}]},{\"@type\":\"WebSite\",\"@id\":\"https:\/\/www.keelingsknowledge.com\/de\/#website\",\"url\":\"https:\/\/www.keelingsknowledge.com\/de\/\",\"name\":\"Keelings Knowledge\",\"description\":\"ERP Fresh Produce Solutions\",\"potentialAction\":[{\"@type\":\"SearchAction\",\"target\":{\"@type\":\"EntryPoint\",\"urlTemplate\":\"https:\/\/www.keelingsknowledge.com\/de\/?s={search_term_string}\"},\"query-input\":{\"@type\":\"PropertyValueSpecification\",\"valueRequired\":true,\"valueName\":\"search_term_string\"}}],\"inLanguage\":\"de-DE\"}]}<\/script>\n<!-- \/ Yoast SEO plugin. -->","yoast_head_json":{"title":"ERP-Software f\u00fcr Frischwaren","description":"Entdecken Sie Experteneinblicke und umfassendes Wissen bei Keelings Knowledge. Wertvolle Ressourcen zu Themen wie mobilen Apps, Lagermanagementsystemen und ERP-Software f\u00fcr Frischwaren. Vertiefen Sie Ihr Verst\u00e4ndnis mit unserem kuratierten Inhalt. Beginnen Sie Ihre Reise noch heute!","robots":{"index":"index","follow":"follow","max-snippet":"max-snippet:-1","max-image-preview":"max-image-preview:large","max-video-preview":"max-video-preview:-1"},"canonical":"https:\/\/www.keelingsknowledge.com\/de\/","og_locale":"de_DE","og_type":"article","og_title":"ERP-Software f\u00fcr Frischwaren","og_description":"Entdecken Sie Experteneinblicke und umfassendes Wissen bei Keelings Knowledge. Wertvolle Ressourcen zu Themen wie mobilen Apps, Lagermanagementsystemen und ERP-Software f\u00fcr Frischwaren. Vertiefen Sie Ihr Verst\u00e4ndnis mit unserem kuratierten Inhalt. Beginnen Sie Ihre Reise noch heute!","og_url":"https:\/\/www.keelingsknowledge.com\/de\/","og_site_name":"Keelings Knowledge","article_modified_time":"2025-10-09T10:37:47+00:00","og_image":[{"width":1920,"height":1080,"url":"https:\/\/www.keelingsknowledge.com\/wp-content\/uploads\/2019\/01\/Keelings-Knowledge-Support-Desk.jpg","type":"image\/jpeg"}],"twitter_card":"summary_large_image","twitter_site":"@Knowledge_ERP","twitter_misc":{"Gesch\u00e4tzte Lesezeit":"3 Minuten"},"schema":{"@context":"https:\/\/schema.org","@graph":[{"@type":"WebPage","@id":"https:\/\/www.keelingsknowledge.com\/de\/","url":"https:\/\/www.keelingsknowledge.com\/de\/","name":"ERP-Software f\u00fcr Frischwaren","isPartOf":{"@id":"https:\/\/www.keelingsknowledge.com\/de\/#website"},"primaryImageOfPage":{"@id":"https:\/\/www.keelingsknowledge.com\/de\/#primaryimage"},"image":{"@id":"https:\/\/www.keelingsknowledge.com\/de\/#primaryimage"},"thumbnailUrl":"https:\/\/www.keelingsknowledge.com\/wp-content\/uploads\/2019\/01\/Keelings-Knowledge-Support-Desk.jpg","datePublished":"2018-09-07T08:57:36+00:00","dateModified":"2025-10-09T10:37:47+00:00","description":"Entdecken Sie Experteneinblicke und umfassendes Wissen bei Keelings Knowledge. Wertvolle Ressourcen zu Themen wie mobilen Apps, Lagermanagementsystemen und ERP-Software f\u00fcr Frischwaren. Vertiefen Sie Ihr Verst\u00e4ndnis mit unserem kuratierten Inhalt. Beginnen Sie Ihre Reise noch heute!","breadcrumb":{"@id":"https:\/\/www.keelingsknowledge.com\/de\/#breadcrumb"},"inLanguage":"de-DE","potentialAction":[{"@type":"ReadAction","target":["https:\/\/www.keelingsknowledge.com\/de\/"]}]},{"@type":"ImageObject","inLanguage":"de-DE","@id":"https:\/\/www.keelingsknowledge.com\/de\/#primaryimage","url":"https:\/\/www.keelingsknowledge.com\/wp-content\/uploads\/2019\/01\/Keelings-Knowledge-Support-Desk.jpg","contentUrl":"https:\/\/www.keelingsknowledge.com\/wp-content\/uploads\/2019\/01\/Keelings-Knowledge-Support-Desk.jpg","width":1920,"height":1080,"caption":"Es tut mir leid, ich erkenne keine Personen in Bildern. Sie k\u00f6nnen mir stattdessen eine Beschreibung der Person geben."},{"@type":"BreadcrumbList","@id":"https:\/\/www.keelingsknowledge.com\/de\/#breadcrumb","itemListElement":[{"@type":"ListItem","position":1,"name":"Home","item":"https:\/\/www.keelingsknowledge.com\/de\/"},{"@type":"ListItem","position":2,"name":"Startseite"}]},{"@type":"WebSite","@id":"https:\/\/www.keelingsknowledge.com\/de\/#website","url":"https:\/\/www.keelingsknowledge.com\/de\/","name":"Keelings Knowledge","description":"ERP Fresh Produce Solutions","potentialAction":[{"@type":"SearchAction","target":{"@type":"EntryPoint","urlTemplate":"https:\/\/www.keelingsknowledge.com\/de\/?s={search_term_string}"},"query-input":{"@type":"PropertyValueSpecification","valueRequired":true,"valueName":"search_term_string"}}],"inLanguage":"de-DE"}]}},"_links":{"self":[{"href":"https:\/\/www.keelingsknowledge.com\/de\/wp-json\/wp\/v2\/pages\/3817","targetHints":{"allow":["GET"]}}],"collection":[{"href":"https:\/\/www.keelingsknowledge.com\/de\/wp-json\/wp\/v2\/pages"}],"about":[{"href":"https:\/\/www.keelingsknowledge.com\/de\/wp-json\/wp\/v2\/types\/page"}],"author":[{"embeddable":true,"href":"https:\/\/www.keelingsknowledge.com\/de\/wp-json\/wp\/v2\/users\/1"}],"replies":[{"embeddable":true,"href":"https:\/\/www.keelingsknowledge.com\/de\/wp-json\/wp\/v2\/comments?post=3817"}],"version-history":[{"count":0,"href":"https:\/\/www.keelingsknowledge.com\/de\/wp-json\/wp\/v2\/pages\/3817\/revisions"}],"wp:featuredmedia":[{"embeddable":true,"href":"https:\/\/www.keelingsknowledge.com\/de\/wp-json\/wp\/v2\/media\/3390"}],"wp:attachment":[{"href":"https:\/\/www.keelingsknowledge.com\/de\/wp-json\/wp\/v2\/media?parent=3817"}],"curies":[{"name":"wp","href":"https:\/\/api.w.org\/{rel}","templated":true}]}}