{"id":3833,"date":"2017-11-23T15:45:28","date_gmt":"2017-11-23T15:45:28","guid":{"rendered":"https:\/\/www.keelingsknowledge.com\/news\/"},"modified":"2019-03-26T19:06:23","modified_gmt":"2019-03-26T19:06:23","slug":"neuigkeiten","status":"publish","type":"page","link":"https:\/\/www.keelingsknowledge.com\/de\/neuigkeiten\/","title":{"rendered":"Neuigkeiten"},"content":{"rendered":"<h1>\n\t\tWissenswertes aus der Branche\n\t<\/h1>\n<h2>\n\t\tNeuigkeiten\n\t<\/h2>\n\t<p>Unser Unternehmen ist tief im Obst- und Gem\u00fcsesektor verwurzelt. Unsere Services zum ERP-Consulting wurden von Experten konzipiert, welche \u00fcber umfassende Erfahrung in der Frischwarenbranche verf\u00fcgen. Wir bewerten kontinuierlich Ihre Gesch\u00e4ftsaktivit\u00e4ten, um herauszufinden, welche Bereiche Sie verbessern k\u00f6nnen, zum Beispiel durch so genanntes &#8222;Change Management&#8220;, Anpassung der Arbeitsprozesse oder Nutzung unserer Technologie zur Gesch\u00e4ftsoptimierung.<\/p>\n","protected":false},"excerpt":{"rendered":"<p>Wissenswertes aus der Branche Neuigkeiten Unser Unternehmen ist tief im Obst- und Gem\u00fcsesektor verwurzelt. Unsere Services zum ERP-Consulting wurden von Experten konzipiert, welche \u00fcber umfassende Erfahrung in der Frischwarenbranche verf\u00fcgen. Wir bewerten kontinuierlich Ihre Gesch\u00e4ftsaktivit\u00e4ten, um herauszufinden, welche Bereiche Sie verbessern k\u00f6nnen, zum Beispiel durch so genanntes &#8222;Change Management&#8220;, Anpassung der Arbeitsprozesse oder Nutzung unserer [&hellip;]<\/p>\n","protected":false},"author":1,"featured_media":0,"parent":0,"menu_order":0,"comment_status":"closed","ping_status":"closed","template":"full_width.php","meta":{"_genesis_hide_title":false,"_genesis_hide_breadcrumbs":false,"_genesis_hide_singular_image":false,"_genesis_hide_footer_widgets":false,"_genesis_custom_body_class":"","_genesis_custom_post_class":"","_genesis_layout":"content-sidebar","footnotes":""},"class_list":{"0":"post-3833","1":"page","2":"type-page","3":"status-publish","5":"entry"},"yoast_head":"<!-- This site is optimized with the Yoast SEO plugin v26.2 - https:\/\/yoast.com\/wordpress\/plugins\/seo\/ -->\n<title>Neuigkeiten | Keelings Knowledge<\/title>\n<meta name=\"description\" content=\"Lesen Sie Wissenswertes aus der Obst- und Gem\u00fcsebranche und erfahren Sie mehr \u00fcber Trends und Innovationen aus der Lebensmittelindustrie.\" \/>\n<meta name=\"robots\" content=\"index, follow, max-snippet:-1, max-image-preview:large, max-video-preview:-1\" \/>\n<link rel=\"canonical\" href=\"https:\/\/www.keelingsknowledge.com\/de\/neuigkeiten\/\" \/>\n<meta property=\"og:locale\" content=\"de_DE\" \/>\n<meta property=\"og:type\" content=\"article\" \/>\n<meta property=\"og:title\" content=\"Neuigkeiten | Keelings Knowledge\" \/>\n<meta property=\"og:description\" content=\"Lesen Sie Wissenswertes aus der Obst- und Gem\u00fcsebranche und erfahren Sie mehr \u00fcber Trends und Innovationen aus der Lebensmittelindustrie.\" \/>\n<meta property=\"og:url\" content=\"https:\/\/www.keelingsknowledge.com\/de\/neuigkeiten\/\" \/>\n<meta property=\"og:site_name\" content=\"Keelings Knowledge\" \/>\n<meta property=\"article:modified_time\" content=\"2019-03-26T19:06:23+00:00\" \/>\n<meta property=\"og:image\" content=\"https:\/\/www.keelingsknowledge.com\/wp-content\/uploads\/2019\/01\/Keelings-Knowledge-Support-Desk.jpg\" \/>\n\t<meta property=\"og:image:width\" content=\"1920\" \/>\n\t<meta property=\"og:image:height\" content=\"1080\" \/>\n\t<meta property=\"og:image:type\" content=\"image\/jpeg\" \/>\n<meta name=\"twitter:card\" content=\"summary_large_image\" \/>\n<meta name=\"twitter:site\" content=\"@Knowledge_ERP\" \/>\n<script type=\"application\/ld+json\" class=\"yoast-schema-graph\">{\"@context\":\"https:\/\/schema.org\",\"@graph\":[{\"@type\":\"WebPage\",\"@id\":\"https:\/\/www.keelingsknowledge.com\/de\/neuigkeiten\/\",\"url\":\"https:\/\/www.keelingsknowledge.com\/de\/neuigkeiten\/\",\"name\":\"Neuigkeiten | Keelings Knowledge\",\"isPartOf\":{\"@id\":\"https:\/\/www.keelingsknowledge.com\/de\/#website\"},\"datePublished\":\"2017-11-23T15:45:28+00:00\",\"dateModified\":\"2019-03-26T19:06:23+00:00\",\"description\":\"Lesen Sie Wissenswertes aus der Obst- und Gem\u00fcsebranche und erfahren Sie mehr \u00fcber Trends und Innovationen aus der Lebensmittelindustrie.\",\"breadcrumb\":{\"@id\":\"https:\/\/www.keelingsknowledge.com\/de\/neuigkeiten\/#breadcrumb\"},\"inLanguage\":\"de-DE\",\"potentialAction\":[{\"@type\":\"ReadAction\",\"target\":[\"https:\/\/www.keelingsknowledge.com\/de\/neuigkeiten\/\"]}]},{\"@type\":\"BreadcrumbList\",\"@id\":\"https:\/\/www.keelingsknowledge.com\/de\/neuigkeiten\/#breadcrumb\",\"itemListElement\":[{\"@type\":\"ListItem\",\"position\":1,\"name\":\"Home\",\"item\":\"https:\/\/www.keelingsknowledge.com\/de\/\"},{\"@type\":\"ListItem\",\"position\":2,\"name\":\"Neuigkeiten\"}]},{\"@type\":\"WebSite\",\"@id\":\"https:\/\/www.keelingsknowledge.com\/de\/#website\",\"url\":\"https:\/\/www.keelingsknowledge.com\/de\/\",\"name\":\"Keelings Knowledge\",\"description\":\"ERP Fresh Produce Solutions\",\"potentialAction\":[{\"@type\":\"SearchAction\",\"target\":{\"@type\":\"EntryPoint\",\"urlTemplate\":\"https:\/\/www.keelingsknowledge.com\/de\/?s={search_term_string}\"},\"query-input\":{\"@type\":\"PropertyValueSpecification\",\"valueRequired\":true,\"valueName\":\"search_term_string\"}}],\"inLanguage\":\"de-DE\"}]}<\/script>\n<!-- \/ Yoast SEO plugin. -->","yoast_head_json":{"title":"Neuigkeiten | Keelings Knowledge","description":"Lesen Sie Wissenswertes aus der Obst- und Gem\u00fcsebranche und erfahren Sie mehr \u00fcber Trends und Innovationen aus der Lebensmittelindustrie.","robots":{"index":"index","follow":"follow","max-snippet":"max-snippet:-1","max-image-preview":"max-image-preview:large","max-video-preview":"max-video-preview:-1"},"canonical":"https:\/\/www.keelingsknowledge.com\/de\/neuigkeiten\/","og_locale":"de_DE","og_type":"article","og_title":"Neuigkeiten | Keelings Knowledge","og_description":"Lesen Sie Wissenswertes aus der Obst- und Gem\u00fcsebranche und erfahren Sie mehr \u00fcber Trends und Innovationen aus der Lebensmittelindustrie.","og_url":"https:\/\/www.keelingsknowledge.com\/de\/neuigkeiten\/","og_site_name":"Keelings Knowledge","article_modified_time":"2019-03-26T19:06:23+00:00","og_image":[{"width":1920,"height":1080,"url":"https:\/\/www.keelingsknowledge.com\/wp-content\/uploads\/2019\/01\/Keelings-Knowledge-Support-Desk.jpg","type":"image\/jpeg"}],"twitter_card":"summary_large_image","twitter_site":"@Knowledge_ERP","schema":{"@context":"https:\/\/schema.org","@graph":[{"@type":"WebPage","@id":"https:\/\/www.keelingsknowledge.com\/de\/neuigkeiten\/","url":"https:\/\/www.keelingsknowledge.com\/de\/neuigkeiten\/","name":"Neuigkeiten | Keelings Knowledge","isPartOf":{"@id":"https:\/\/www.keelingsknowledge.com\/de\/#website"},"datePublished":"2017-11-23T15:45:28+00:00","dateModified":"2019-03-26T19:06:23+00:00","description":"Lesen Sie Wissenswertes aus der Obst- und Gem\u00fcsebranche und erfahren Sie mehr \u00fcber Trends und Innovationen aus der Lebensmittelindustrie.","breadcrumb":{"@id":"https:\/\/www.keelingsknowledge.com\/de\/neuigkeiten\/#breadcrumb"},"inLanguage":"de-DE","potentialAction":[{"@type":"ReadAction","target":["https:\/\/www.keelingsknowledge.com\/de\/neuigkeiten\/"]}]},{"@type":"BreadcrumbList","@id":"https:\/\/www.keelingsknowledge.com\/de\/neuigkeiten\/#breadcrumb","itemListElement":[{"@type":"ListItem","position":1,"name":"Home","item":"https:\/\/www.keelingsknowledge.com\/de\/"},{"@type":"ListItem","position":2,"name":"Neuigkeiten"}]},{"@type":"WebSite","@id":"https:\/\/www.keelingsknowledge.com\/de\/#website","url":"https:\/\/www.keelingsknowledge.com\/de\/","name":"Keelings Knowledge","description":"ERP Fresh Produce Solutions","potentialAction":[{"@type":"SearchAction","target":{"@type":"EntryPoint","urlTemplate":"https:\/\/www.keelingsknowledge.com\/de\/?s={search_term_string}"},"query-input":{"@type":"PropertyValueSpecification","valueRequired":true,"valueName":"search_term_string"}}],"inLanguage":"de-DE"}]}},"_links":{"self":[{"href":"https:\/\/www.keelingsknowledge.com\/de\/wp-json\/wp\/v2\/pages\/3833","targetHints":{"allow":["GET"]}}],"collection":[{"href":"https:\/\/www.keelingsknowledge.com\/de\/wp-json\/wp\/v2\/pages"}],"about":[{"href":"https:\/\/www.keelingsknowledge.com\/de\/wp-json\/wp\/v2\/types\/page"}],"author":[{"embeddable":true,"href":"https:\/\/www.keelingsknowledge.com\/de\/wp-json\/wp\/v2\/users\/1"}],"replies":[{"embeddable":true,"href":"https:\/\/www.keelingsknowledge.com\/de\/wp-json\/wp\/v2\/comments?post=3833"}],"version-history":[{"count":0,"href":"https:\/\/www.keelingsknowledge.com\/de\/wp-json\/wp\/v2\/pages\/3833\/revisions"}],"wp:attachment":[{"href":"https:\/\/www.keelingsknowledge.com\/de\/wp-json\/wp\/v2\/media?parent=3833"}],"curies":[{"name":"wp","href":"https:\/\/api.w.org\/{rel}","templated":true}]}}