                             {"id":3844,"date":"2018-12-03T10:35:45","date_gmt":"2018-12-03T10:35:45","guid":{"rendered":"https:\/\/www.keelingsknowledge.com\/erp-services\/"},"modified":"2019-02-21T10:08:33","modified_gmt":"2019-02-21T10:08:33","slug":"erp-services","status":"publish","type":"page","link":"https:\/\/www.keelingsknowledge.com\/de\/erp-services\/","title":{"rendered":"Services"},"content":{"rendered":"\n<h1>\n\t\tDer Anbau liegt uns im Blut, Service in unserer Natur\n\t<\/h1>\n<h2>\n\t\tUnsere Services\n\t<\/h2>\n\t<p>Unser ERP-System wurde von Experten entwickelt und implementiert, welche \u00fcber umfassende Erfahrung in der Frischwarenbranche verf\u00fcgen. Wir werden gemeinsam Ihre Gesch\u00e4ftsabl\u00e4ufe kontinuierlich pr\u00fcfen, um so festzustellen, in welchen Bereichen wir Sie mit unseren branchenspezifischen ERP-Services, die zur Verbesserung Ihres Frischwarengesch\u00e4fts beitragen, unterst\u00fctzen k\u00f6nnen.<\/p>\n\t\t\t\t<a href=\"https:\/\/www.keelingsknowledge.com\/de\/erp-services\/erp-consulting\/\" target=\"_self\" itemprop=\"url\">\n\t\t\t\t<img loading=\"lazy\" decoding=\"async\" src=\"https:\/\/www.keelingsknowledge.com\/wp-content\/uploads\/2019\/01\/Keelings-Knowledge-Consulting.jpg\" alt=\"Keelings Knowledge Consulting\" itemprop=\"image\" title=\"Keelings Knowledge Consulting\" onerror=\"this.style.display='none'\" width=\"1920\" height=\"1080\">\n\t\t\t\t<\/a>\n\t<h3>Consulting<\/h3>\n<p>Unsere Experten, welche auf Betriebe der Obst- und Gem\u00fcsebranche spezialisiert sind, werden zun\u00e4chst eine Gesch\u00e4ftspr\u00fcfung in Ihrem Unternehmen durchf\u00fchren. Dabei werden wir interne Arbeitsabl\u00e4ufe analysieren und Evaluationen zur Anwendbarkeit von Technologien sowie zum allgemeinen Gesch\u00e4ftsrisiko durchf\u00fchren. So kann festgelegt werden, welche Prozesse und Technologien sich positiv auf Ihren Betrieb auswirken werden.<\/p>\n<p>&nbsp;<\/p>\n<h6>Vorteile einer Expertenberatung &gt;<\/h6>\n\t\t\t\t<a href=\"https:\/\/www.keelingsknowledge.com\/de\/erp-services\/erp-implementierung\/\" target=\"_self\" itemprop=\"url\">\n\t\t\t\t<img loading=\"lazy\" decoding=\"async\" src=\"https:\/\/www.keelingsknowledge.com\/wp-content\/uploads\/2018\/12\/Keelsing-Knowledge-Our-Services-Implementation.jpg\" alt=\"Keelsing Knowledge Our Services Implementation\" itemprop=\"image\" title=\"Keelsing Knowledge Our Services Implementation\" onerror=\"this.style.display='none'\" width=\"1920\" height=\"1080\">\n\t\t\t\t<\/a>\n\t<h3>Implementierung<\/h3>\n<p>Wir wissen, dass selbst positive \u00c4nderungen in einem Betrieb ein gewisses Risiko bergen. Wir haben einen strukturierten Implementationsansatz entwickelt, welcher die Migration von einem System zu einem anderen erleichtert und Risiken verringert. Wir minimieren St\u00f6rungen im Tagesgesch\u00e4ft dadurch, dass wir gut vorplanen und Ihr Team vorbereiten und w\u00e4hrend der Software-Implementierung unterst\u00fctzen.<\/p>\n<p>&nbsp;<\/p>\n<h6>Erfolgreich implementieren &gt;<\/h6>\n\t\t\t\t<a href=\"https:\/\/www.keelingsknowledge.com\/de\/erp-services\/erp-training\/\" target=\"_self\" itemprop=\"url\">\n\t\t\t\t<img loading=\"lazy\" decoding=\"async\" src=\"https:\/\/www.keelingsknowledge.com\/wp-content\/uploads\/2018\/12\/Keelsing-Knowledge-Our-Services-Training.jpg\" alt=\"Keelsing Knowledge Our Services Training\" itemprop=\"image\" title=\"Keelsing Knowledge Our Services Training\" onerror=\"this.style.display='none'\" width=\"1920\" height=\"1080\">\n\t\t\t\t<\/a>\n\t<h3>Training<\/h3>\n<p>Nach abgeschlossener Implementierung wird unsere Software eines der Schl\u00fcsselelemente f\u00fcr Ihren weiteren Erfolg sein. Um sicherzustellen, dass die Software-Kenntnisse Ihrer Mitarbeiter stets auf einem hohen Niveau bleiben und erweitert werden, bieten wir Ihnen eine ganze Reihe an verschiedenen anwendungsbezogenen Schulungen an.<\/p>\n<p>&nbsp;<\/p>\n<h6>Trainingsoptionen f\u00fcr Benutzer &gt;<\/h6>\n<h2>\n\t\tReferenzen\n\t<\/h2>\n\t<p>Die Frischwarenindustrie weist eine Komplexit\u00e4t auf, die sich von anderen Branchen eindeutig unterscheidet. Daher haben wir eine ERP-L\u00f6sung entwickelt, um diese Herausforderungen zu meistern.<\/p>\n\t<div>\r\n                <div class=\"testimonials\">\r\n                    <div class=\"testimonials_carousel\">                        <div style=\"padding: 0 5px\">\r\n                                <div class=\"testimonial_item color-blue\">\r\n                                    <div class=\"testimonial_icon\"> <img decoding=\"async\" width=\"55\" src=\"https:\/\/www.keelingsknowledge.com\/wp-content\/themes\/keelings-knowledge\/images\/testimonials\/icon_(blue).png\"><\/div>\r\n                                  \r\n                                                  &#8222;Zwischen der Landfrisch AG, der Vitarom Unternehmensgruppe und Keelings gibt es viele Parallelen in der Unternehmensstruktur in Produktion, B\u00fcndelung und termingerechter Zustellung von Waren. Dadurch gab es ein schnelles und leichtes Verst\u00e4ndnis unserer Bed\u00fcrfnisse. Das Team von Keelings hat uns besonders mit seiner professionellen und l\u00f6sungsorientierten Arbeitsweise geholfen unseren Arbeitsablauf besser zu strukturieren. Die Arbeit mit dem Warenwirtschaftssystem KBS hat uns erm\u00f6glicht unsere Ziele schneller und effizienter zu erreichen. Mit Keelings haben wir einen kontinuierlichen Austausch. Das Team hat stets ein offenes Ohr f\u00fcr unsere Anliegen und geht aktiv auf unsere Bed\u00fcrfnisse ein. Ich kann Keelings uneingeschr\u00e4nkt empfehlen.&#8220;\r\n<em>&#8211; Dominik Baum (Vertrieb bei Vitarom)<\/em>                                    <i class=\"down\"><\/i>\r\n                                <\/div>\r\n                        <\/div>\r\n                                          <div style=\"padding: 0 5px\">\r\n                                <div class=\"testimonial_item color-blue\">\r\n                                    <div class=\"testimonial_icon\"> <img decoding=\"async\" width=\"55\" src=\"https:\/\/www.keelingsknowledge.com\/wp-content\/themes\/keelings-knowledge\/images\/testimonials\/icon_(blue).png\"><\/div>\r\n                                  \r\n                                                  <p>&#8222;Wir sind gerade in einer Phase der Ver\u00e4nderung. Wir konsolidieren unseren Umsatz, treffen Entscheidungen auf welche Produktkategorien wir den Fokus legen und worauf wir uns spezialisieren m\u00f6chten und gehen verst\u00e4rkt auf unsere Erzeuger ein. Jetzt haben wir all die n\u00f6tigen Informationen.&#8220;<br \/>\n<em>&#8211; Int. Handelsunternehmen, Niederlande<\/em><\/p>\n                                    <i class=\"down\"><\/i>\r\n                                <\/div>\r\n                        <\/div>\r\n                                          <div style=\"padding: 0 5px\">\r\n                                <div class=\"testimonial_item color-blue\">\r\n                                    <div class=\"testimonial_icon\"> <img decoding=\"async\" width=\"55\" src=\"https:\/\/www.keelingsknowledge.com\/wp-content\/themes\/keelings-knowledge\/images\/testimonials\/icon_(blue).png\"><\/div>\r\n                                  \r\n                                                  <p>&#8222;Wenn Sie KBS ERP richtig integriert haben, k\u00f6nnen Sie es in Ihrem Betrieb rentabel einsetzen. Es ist so konzipiert, dass die Wirtschaftlichkeit immer im Vordergrund steht. Es gibt uns volle Transparenz und die Sicherheit, dass die Daten im System jederzeit akkurat sind.&#8220;<br \/>\n<em>&#8211; Int. Packhausbetrieb, UK<\/em><\/p>\n                                    <i class=\"down\"><\/i>\r\n                                <\/div>\r\n                        <\/div>\r\n                                          <div style=\"padding: 0 5px\">\r\n                                <div class=\"testimonial_item color-blue\">\r\n                                    <div class=\"testimonial_icon\"> <img decoding=\"async\" width=\"55\" src=\"https:\/\/www.keelingsknowledge.com\/wp-content\/themes\/keelings-knowledge\/images\/testimonials\/icon_(blue).png\"><\/div>\r\n                                  \r\n                                                  <p>&#8222;Andere Anbieter von ERP-System wurden von Softwareentwicklern designt, welche die speziellen Anforderungen der Frischwarenbranche nicht verstehen. Daran merkt man, dass KK ERP auf fundiertes Branchenwissen und technischer Expertise basiert.&#8220;<br \/>\n<em>&#8211; Int. Packhausbetrieb, Irland<\/em><\/p>\n                                    <i class=\"down\"><\/i>\r\n                                <\/div>\r\n                        <\/div>\r\n                                          <div style=\"padding: 0 5px\">\r\n                                <div class=\"testimonial_item color-blue\">\r\n                                    <div class=\"testimonial_icon\"> <img decoding=\"async\" width=\"55\" src=\"https:\/\/www.keelingsknowledge.com\/wp-content\/themes\/keelings-knowledge\/images\/testimonials\/icon_(blue).png\"><\/div>\r\n                                  \r\n                                                  <p>&#8222;Es ist kompliziert und muss zu einem festen Termin umgesetzt sein und es wichtig, dass das Tagesgesch\u00e4ft nicht beeintr\u00e4chtigt wird, insbesondere die Bestandskontrolle und die Rechnungsstellung and die Kunden sind von Wichtigkeit. Keelings Knowledge hat gehalten was versprochen wurde.&#8220;<br \/>\n<em>&#8211; Int. Handelsunternehmen, Frankreich<\/em><\/p>\n                                    <i class=\"down\"><\/i>\r\n                                <\/div>\r\n                        <\/div>\r\n                                          <div style=\"padding: 0 5px\">\r\n                                <div class=\"testimonial_item color-blue\">\r\n                                    <div class=\"testimonial_icon\"> <img decoding=\"async\" width=\"55\" src=\"https:\/\/www.keelingsknowledge.com\/wp-content\/themes\/keelings-knowledge\/images\/testimonials\/icon_(blue).png\"><\/div>\r\n                                  \r\n                                                  <p>&#8222;Wir sind absolut zufrieden mit der Professionalit\u00e4t des Teams von Keelings Knowledge, mit der hohen Effizienz und der sorgf\u00e4ltigen Arbeitsweise. Wir sind fest davon \u00fcberzeugt, dass Chongming Agri. Company von dem systematischen Denken und dem branchenspezifischen Ansatz profitieren wird.&#8220;<br \/>\n<em>&#8211; Packhausbetrieb, China<\/em><\/p>\n                                    <i class=\"down\"><\/i>\r\n                                <\/div>\r\n                        <\/div>\r\n                  <\/div>\r\n                <\/div>\r\n            <\/div>\n\t<a href=\"\/?page_id=3835\">\n        <h3>Downloads<\/h3>\n            <h4>Brosch\u00fcre herunterladen<\/h4>\n<\/a>\n\t<a href=\"https:\/\/www.keelingsknowledge.com\/de\/10-tipps-fuer-die-erp-auswahl\/\">\n        <h3>Tipps<\/h3>\n            <h4>10 Tipps f\u00fcr die ERP-Auswahl<\/h4>\n<\/a>\n","protected":false},"excerpt":{"rendered":"<p>&#8222;Wir sind absolut zufrieden mit der Professionalit\u00e4t des Teams von Keelings Knowledge, mit der hohen Effizienz und der sorgf\u00e4ltigen Arbeitsweise. Wir sind fest davon \u00fcberzeugt, dass Chongming Agri. Company von dem systematischen Denken und dem branchenspezifischen Ansatz profitieren wird.&#8220; &#8211; Packhausbetrieb, China<\/p>\n","protected":false},"author":1,"featured_media":3560,"parent":0,"menu_order":0,"comment_status":"closed","ping_status":"closed","template":"full_width.php","meta":{"_genesis_hide_title":false,"_genesis_hide_breadcrumbs":false,"_genesis_hide_singular_image":false,"_genesis_hide_footer_widgets":false,"_genesis_custom_body_class":"","_genesis_custom_post_class":"","_genesis_layout":"","footnotes":""},"class_list":{"0":"post-3844","1":"page","2":"type-page","3":"status-publish","4":"has-post-thumbnail","6":"entry"},"yoast_head":"<!-- This site is optimized with the Yoast SEO plugin v26.2 - https:\/\/yoast.com\/wordpress\/plugins\/seo\/ -->\n<title>Services f\u00fcr Keelings Knowledge Frischwarensoftware<\/title>\n<meta name=\"description\" content=\"Keelings Knowledge bietet auch eine Reihe von ERP-Services f\u00fcr die Obst- und Gem\u00fcsebranche an, z. B. Fachberatung, technische Services und Training uvm.\" \/>\n<meta name=\"robots\" content=\"index, follow, max-snippet:-1, max-image-preview:large, max-video-preview:-1\" \/>\n<link rel=\"canonical\" href=\"https:\/\/www.keelingsknowledge.com\/de\/erp-services\/\" \/>\n<meta property=\"og:locale\" content=\"de_DE\" \/>\n<meta property=\"og:type\" content=\"article\" \/>\n<meta property=\"og:title\" content=\"Services f\u00fcr Keelings Knowledge Frischwarensoftware\" \/>\n<meta property=\"og:description\" content=\"Keelings Knowledge bietet auch eine Reihe von ERP-Services f\u00fcr die Obst- und Gem\u00fcsebranche an, z. B. Fachberatung, technische Services und Training uvm.\" \/>\n<meta property=\"og:url\" content=\"https:\/\/www.keelingsknowledge.com\/de\/erp-services\/\" \/>\n<meta property=\"og:site_name\" content=\"Keelings Knowledge\" \/>\n<meta property=\"article:modified_time\" content=\"2019-02-21T10:08:33+00:00\" \/>\n<meta property=\"og:image\" content=\"https:\/\/www.keelingsknowledge.com\/wp-content\/uploads\/2019\/01\/Keelings-Knowledge-Services.jpg\" \/>\n\t<meta property=\"og:image:width\" content=\"1920\" \/>\n\t<meta property=\"og:image:height\" content=\"1080\" \/>\n\t<meta property=\"og:image:type\" content=\"image\/jpeg\" \/>\n<meta name=\"twitter:card\" content=\"summary_large_image\" \/>\n<meta name=\"twitter:site\" content=\"@Knowledge_ERP\" \/>\n<meta name=\"twitter:label1\" content=\"Gesch\u00e4tzte Lesezeit\" \/>\n\t<meta name=\"twitter:data1\" content=\"1 Minute\" \/>\n<script type=\"application\/ld+json\" class=\"yoast-schema-graph\">{\"@context\":\"https:\/\/schema.org\",\"@graph\":[{\"@type\":\"WebPage\",\"@id\":\"https:\/\/www.keelingsknowledge.com\/de\/erp-services\/\",\"url\":\"https:\/\/www.keelingsknowledge.com\/de\/erp-services\/\",\"name\":\"Services f\u00fcr Keelings Knowledge Frischwarensoftware\",\"isPartOf\":{\"@id\":\"https:\/\/www.keelingsknowledge.com\/de\/#website\"},\"primaryImageOfPage\":{\"@id\":\"https:\/\/www.keelingsknowledge.com\/de\/erp-services\/#primaryimage\"},\"image\":{\"@id\":\"https:\/\/www.keelingsknowledge.com\/de\/erp-services\/#primaryimage\"},\"thumbnailUrl\":\"https:\/\/www.keelingsknowledge.com\/wp-content\/uploads\/2019\/01\/Keelings-Knowledge-Services.jpg\",\"datePublished\":\"2018-12-03T10:35:45+00:00\",\"dateModified\":\"2019-02-21T10:08:33+00:00\",\"description\":\"Keelings Knowledge bietet auch eine Reihe von ERP-Services f\u00fcr die Obst- und Gem\u00fcsebranche an, z. B. Fachberatung, technische Services und Training uvm.\",\"breadcrumb\":{\"@id\":\"https:\/\/www.keelingsknowledge.com\/de\/erp-services\/#breadcrumb\"},\"inLanguage\":\"de-DE\",\"potentialAction\":[{\"@type\":\"ReadAction\",\"target\":[\"https:\/\/www.keelingsknowledge.com\/de\/erp-services\/\"]}]},{\"@type\":\"ImageObject\",\"inLanguage\":\"de-DE\",\"@id\":\"https:\/\/www.keelingsknowledge.com\/de\/erp-services\/#primaryimage\",\"url\":\"https:\/\/www.keelingsknowledge.com\/wp-content\/uploads\/2019\/01\/Keelings-Knowledge-Services.jpg\",\"contentUrl\":\"https:\/\/www.keelingsknowledge.com\/wp-content\/uploads\/2019\/01\/Keelings-Knowledge-Services.jpg\",\"width\":1920,\"height\":1080,\"caption\":\"Mitarbeiter im Lager diskutieren mit Tablet und Scanner, logistische Planung im Lagerhaus.\"},{\"@type\":\"BreadcrumbList\",\"@id\":\"https:\/\/www.keelingsknowledge.com\/de\/erp-services\/#breadcrumb\",\"itemListElement\":[{\"@type\":\"ListItem\",\"position\":1,\"name\":\"Home\",\"item\":\"https:\/\/www.keelingsknowledge.com\/de\/\"},{\"@type\":\"ListItem\",\"position\":2,\"name\":\"Services\"}]},{\"@type\":\"WebSite\",\"@id\":\"https:\/\/www.keelingsknowledge.com\/de\/#website\",\"url\":\"https:\/\/www.keelingsknowledge.com\/de\/\",\"name\":\"Keelings Knowledge\",\"description\":\"ERP Fresh Produce Solutions\",\"potentialAction\":[{\"@type\":\"SearchAction\",\"target\":{\"@type\":\"EntryPoint\",\"urlTemplate\":\"https:\/\/www.keelingsknowledge.com\/de\/?s={search_term_string}\"},\"query-input\":{\"@type\":\"PropertyValueSpecification\",\"valueRequired\":true,\"valueName\":\"search_term_string\"}}],\"inLanguage\":\"de-DE\"}]}<\/script>\n<!-- \/ Yoast SEO plugin. -->","yoast_head_json":{"title":"Services f\u00fcr Keelings Knowledge Frischwarensoftware","description":"Keelings Knowledge bietet auch eine Reihe von ERP-Services f\u00fcr die Obst- und Gem\u00fcsebranche an, z. B. Fachberatung, technische Services und Training uvm.","robots":{"index":"index","follow":"follow","max-snippet":"max-snippet:-1","max-image-preview":"max-image-preview:large","max-video-preview":"max-video-preview:-1"},"canonical":"https:\/\/www.keelingsknowledge.com\/de\/erp-services\/","og_locale":"de_DE","og_type":"article","og_title":"Services f\u00fcr Keelings Knowledge Frischwarensoftware","og_description":"Keelings Knowledge bietet auch eine Reihe von ERP-Services f\u00fcr die Obst- und Gem\u00fcsebranche an, z. B. Fachberatung, technische Services und Training uvm.","og_url":"https:\/\/www.keelingsknowledge.com\/de\/erp-services\/","og_site_name":"Keelings Knowledge","article_modified_time":"2019-02-21T10:08:33+00:00","og_image":[{"width":1920,"height":1080,"url":"https:\/\/www.keelingsknowledge.com\/wp-content\/uploads\/2019\/01\/Keelings-Knowledge-Services.jpg","type":"image\/jpeg"}],"twitter_card":"summary_large_image","twitter_site":"@Knowledge_ERP","twitter_misc":{"Gesch\u00e4tzte Lesezeit":"1 Minute"},"schema":{"@context":"https:\/\/schema.org","@graph":[{"@type":"WebPage","@id":"https:\/\/www.keelingsknowledge.com\/de\/erp-services\/","url":"https:\/\/www.keelingsknowledge.com\/de\/erp-services\/","name":"Services f\u00fcr Keelings Knowledge Frischwarensoftware","isPartOf":{"@id":"https:\/\/www.keelingsknowledge.com\/de\/#website"},"primaryImageOfPage":{"@id":"https:\/\/www.keelingsknowledge.com\/de\/erp-services\/#primaryimage"},"image":{"@id":"https:\/\/www.keelingsknowledge.com\/de\/erp-services\/#primaryimage"},"thumbnailUrl":"https:\/\/www.keelingsknowledge.com\/wp-content\/uploads\/2019\/01\/Keelings-Knowledge-Services.jpg","datePublished":"2018-12-03T10:35:45+00:00","dateModified":"2019-02-21T10:08:33+00:00","description":"Keelings Knowledge bietet auch eine Reihe von ERP-Services f\u00fcr die Obst- und Gem\u00fcsebranche an, z. B. Fachberatung, technische Services und Training uvm.","breadcrumb":{"@id":"https:\/\/www.keelingsknowledge.com\/de\/erp-services\/#breadcrumb"},"inLanguage":"de-DE","potentialAction":[{"@type":"ReadAction","target":["https:\/\/www.keelingsknowledge.com\/de\/erp-services\/"]}]},{"@type":"ImageObject","inLanguage":"de-DE","@id":"https:\/\/www.keelingsknowledge.com\/de\/erp-services\/#primaryimage","url":"https:\/\/www.keelingsknowledge.com\/wp-content\/uploads\/2019\/01\/Keelings-Knowledge-Services.jpg","contentUrl":"https:\/\/www.keelingsknowledge.com\/wp-content\/uploads\/2019\/01\/Keelings-Knowledge-Services.jpg","width":1920,"height":1080,"caption":"Mitarbeiter im Lager diskutieren mit Tablet und Scanner, logistische Planung im Lagerhaus."},{"@type":"BreadcrumbList","@id":"https:\/\/www.keelingsknowledge.com\/de\/erp-services\/#breadcrumb","itemListElement":[{"@type":"ListItem","position":1,"name":"Home","item":"https:\/\/www.keelingsknowledge.com\/de\/"},{"@type":"ListItem","position":2,"name":"Services"}]},{"@type":"WebSite","@id":"https:\/\/www.keelingsknowledge.com\/de\/#website","url":"https:\/\/www.keelingsknowledge.com\/de\/","name":"Keelings Knowledge","description":"ERP Fresh Produce Solutions","potentialAction":[{"@type":"SearchAction","target":{"@type":"EntryPoint","urlTemplate":"https:\/\/www.keelingsknowledge.com\/de\/?s={search_term_string}"},"query-input":{"@type":"PropertyValueSpecification","valueRequired":true,"valueName":"search_term_string"}}],"inLanguage":"de-DE"}]}},"_links":{"self":[{"href":"https:\/\/www.keelingsknowledge.com\/de\/wp-json\/wp\/v2\/pages\/3844","targetHints":{"allow":["GET"]}}],"collection":[{"href":"https:\/\/www.keelingsknowledge.com\/de\/wp-json\/wp\/v2\/pages"}],"about":[{"href":"https:\/\/www.keelingsknowledge.com\/de\/wp-json\/wp\/v2\/types\/page"}],"author":[{"embeddable":true,"href":"https:\/\/www.keelingsknowledge.com\/de\/wp-json\/wp\/v2\/users\/1"}],"replies":[{"embeddable":true,"href":"https:\/\/www.keelingsknowledge.com\/de\/wp-json\/wp\/v2\/comments?post=3844"}],"version-history":[{"count":0,"href":"https:\/\/www.keelingsknowledge.com\/de\/wp-json\/wp\/v2\/pages\/3844\/revisions"}],"wp:featuredmedia":[{"embeddable":true,"href":"https:\/\/www.keelingsknowledge.com\/de\/wp-json\/wp\/v2\/media\/3560"}],"wp:attachment":[{"href":"https:\/\/www.keelingsknowledge.com\/de\/wp-json\/wp\/v2\/media?parent=3844"}],"curies":[{"name":"wp","href":"https:\/\/api.w.org\/{rel}","templated":true}]}}