                             {"id":3875,"date":"2018-12-02T23:29:54","date_gmt":"2018-12-02T23:29:54","guid":{"rendered":"https:\/\/www.keelingsknowledge.com\/erp-case-study\/"},"modified":"2019-05-08T16:18:12","modified_gmt":"2019-05-08T15:18:12","slug":"erp-fallstudie","status":"publish","type":"page","link":"https:\/\/www.keelingsknowledge.com\/de\/erp-fallstudie\/","title":{"rendered":"Fallbeispiele"},"content":{"rendered":"<h1>\n\t\tUnsere ERP-Software Grundlage f\u00fcr Ihr Unternehmen\n\t<\/h1>\n<h2>\n\t\tFallbeispiele\n\t<\/h2>\n\t<p>Die Obst- und Gem\u00fcsebranche ist komplex und stellt besondere Anforderungen, die sich von denen anderer Lagerwirtschafts- oder Produktionssektoren unterscheiden. Generische Softwaresysteme passen in der Regel nicht gut zu den einzigartigen Anforderungen dieser Branche. Die ERP-Komplettl\u00f6sung von Keelings Knowledge wurde von Branchenexperten speziell f\u00fcr Unternehmen aus der Obst- und Gem\u00fcsebranche entwickelt. Lesen Sie unsere ERP-Fallstudien, um zu erfahren, wie Frischwarenunternehmen, die unsere Software verwenden, von den \u00c4nderungen profitieren, die in ihrem gesamten Unternehmen stattgefunden haben.<\/p>\n\t<h4>Fallstudie<\/h4>\n<h2>Mehr Umsatz und gr\u00f6\u00dfere Margen<\/h2>\n<p>&nbsp;<\/p>\n<h6><a href=\"turnover-case-study\/\">Lesen Sie mehr &gt;<\/a><\/h6>\n\t\t\t\t<img loading=\"lazy\" decoding=\"async\" src=\"https:\/\/www.keelingsknowledge.com\/wp-content\/uploads\/2019\/01\/Keelings-Knowledge-Case-Study-Increased-Turnover.jpg\" alt=\"Keelings Knowledge Case Study Increased Turnover\" itemprop=\"image\" height=\"1080\" width=\"1920\" title=\"Keelings Knowledge Case Study Increased Turnover\" onerror=\"this.style.display='none'\"  \/>\n\t<h4>Fallstudie<\/h4>\n<h2>Strategischer Ansatz zum Unternehmenswachstum<\/h2>\n<p>&nbsp;<\/p>\n<h6><a href=\"https:\/\/www.keelingsknowledge.com\/de\/erp-fallstudie\/einzelhandel-fallstudie\/\">Lesen Sie mehr &gt;<\/a><\/h6>\n\t\t\t\t<img loading=\"lazy\" decoding=\"async\" src=\"https:\/\/www.keelingsknowledge.com\/wp-content\/uploads\/2019\/01\/Keelings-Knowledge-ERP-solutions-for-Fresh-Produce.jpg\" alt=\"Keelings Knowledge ERP-L\u00f6sung f\u00fcr Frischwaren-Produkte\" itemprop=\"image\" height=\"1080\" width=\"1920\" title=\"Keelings Knowledge ERP-L\u00f6sung f\u00fcr Frischwaren-Produkte\" onerror=\"this.style.display='none'\"  \/>\n<h2>\n\t\tReferenzen\n\t<\/h2>\n\t<p>Die Frischwarenindustrie weist eine Komplexit\u00e4t auf, die sich von anderen Branchen eindeutig unterscheidet. Daher haben wir eine ERP-L\u00f6sung entwickelt, um diese Herausforderungen zu meistern.<\/p>\n\t<div>\r\n                <div class=\"testimonials\">\r\n                    <div class=\"testimonials_carousel\">                        <div style=\"padding: 0 5px\">\r\n                                <div class=\"testimonial_item color-blue\">\r\n                                    <div class=\"testimonial_icon\"> <img decoding=\"async\" width=\"55\" src=\"https:\/\/www.keelingsknowledge.com\/wp-content\/themes\/keelings-knowledge\/images\/testimonials\/icon_(blue).png\"><\/div>\r\n                                  \r\n                                                  &#8222;Zwischen der Landfrisch AG, der Vitarom Unternehmensgruppe und Keelings gibt es viele Parallelen in der Unternehmensstruktur in Produktion, B\u00fcndelung und termingerechter Zustellung von Waren. Dadurch gab es ein schnelles und leichtes Verst\u00e4ndnis unserer Bed\u00fcrfnisse. Das Team von Keelings hat uns besonders mit seiner professionellen und l\u00f6sungsorientierten Arbeitsweise geholfen unseren Arbeitsablauf besser zu strukturieren. Die Arbeit mit dem Warenwirtschaftssystem KBS hat uns erm\u00f6glicht unsere Ziele schneller und effizienter zu erreichen. Mit Keelings haben wir einen kontinuierlichen Austausch. Das Team hat stets ein offenes Ohr f\u00fcr unsere Anliegen und geht aktiv auf unsere Bed\u00fcrfnisse ein. Ich kann Keelings uneingeschr\u00e4nkt empfehlen.&#8220;\r\n<em>&#8211; Dominik Baum (Vertrieb bei Vitarom)<\/em>                                    <i class=\"down\"><\/i>\r\n                                <\/div>\r\n                        <\/div>\r\n                                          <div style=\"padding: 0 5px\">\r\n                                <div class=\"testimonial_item color-blue\">\r\n                                    <div class=\"testimonial_icon\"> <img decoding=\"async\" width=\"55\" src=\"https:\/\/www.keelingsknowledge.com\/wp-content\/themes\/keelings-knowledge\/images\/testimonials\/icon_(blue).png\"><\/div>\r\n                                  \r\n                                                  <p>&#8222;Wir sind gerade in einer Phase der Ver\u00e4nderung. Wir konsolidieren unseren Umsatz, treffen Entscheidungen auf welche Produktkategorien wir den Fokus legen und worauf wir uns spezialisieren m\u00f6chten und gehen verst\u00e4rkt auf unsere Erzeuger ein. Jetzt haben wir all die n\u00f6tigen Informationen.&#8220;<br \/>\n<em>&#8211; Int. Handelsunternehmen, Niederlande<\/em><\/p>\n                                    <i class=\"down\"><\/i>\r\n                                <\/div>\r\n                        <\/div>\r\n                                          <div style=\"padding: 0 5px\">\r\n                                <div class=\"testimonial_item color-blue\">\r\n                                    <div class=\"testimonial_icon\"> <img decoding=\"async\" width=\"55\" src=\"https:\/\/www.keelingsknowledge.com\/wp-content\/themes\/keelings-knowledge\/images\/testimonials\/icon_(blue).png\"><\/div>\r\n                                  \r\n                                                  <p>&#8222;Wenn Sie KBS ERP richtig integriert haben, k\u00f6nnen Sie es in Ihrem Betrieb rentabel einsetzen. Es ist so konzipiert, dass die Wirtschaftlichkeit immer im Vordergrund steht. Es gibt uns volle Transparenz und die Sicherheit, dass die Daten im System jederzeit akkurat sind.&#8220;<br \/>\n<em>&#8211; Int. Packhausbetrieb, UK<\/em><\/p>\n                                    <i class=\"down\"><\/i>\r\n                                <\/div>\r\n                        <\/div>\r\n                                          <div style=\"padding: 0 5px\">\r\n                                <div class=\"testimonial_item color-blue\">\r\n                                    <div class=\"testimonial_icon\"> <img decoding=\"async\" width=\"55\" src=\"https:\/\/www.keelingsknowledge.com\/wp-content\/themes\/keelings-knowledge\/images\/testimonials\/icon_(blue).png\"><\/div>\r\n                                  \r\n                                                  <p>&#8222;Andere Anbieter von ERP-System wurden von Softwareentwicklern designt, welche die speziellen Anforderungen der Frischwarenbranche nicht verstehen. Daran merkt man, dass KK ERP auf fundiertes Branchenwissen und technischer Expertise basiert.&#8220;<br \/>\n<em>&#8211; Int. Packhausbetrieb, Irland<\/em><\/p>\n                                    <i class=\"down\"><\/i>\r\n                                <\/div>\r\n                        <\/div>\r\n                                          <div style=\"padding: 0 5px\">\r\n                                <div class=\"testimonial_item color-blue\">\r\n                                    <div class=\"testimonial_icon\"> <img decoding=\"async\" width=\"55\" src=\"https:\/\/www.keelingsknowledge.com\/wp-content\/themes\/keelings-knowledge\/images\/testimonials\/icon_(blue).png\"><\/div>\r\n                                  \r\n                                                  <p>&#8222;Es ist kompliziert und muss zu einem festen Termin umgesetzt sein und es wichtig, dass das Tagesgesch\u00e4ft nicht beeintr\u00e4chtigt wird, insbesondere die Bestandskontrolle und die Rechnungsstellung and die Kunden sind von Wichtigkeit. Keelings Knowledge hat gehalten was versprochen wurde.&#8220;<br \/>\n<em>&#8211; Int. Handelsunternehmen, Frankreich<\/em><\/p>\n                                    <i class=\"down\"><\/i>\r\n                                <\/div>\r\n                        <\/div>\r\n                                          <div style=\"padding: 0 5px\">\r\n                                <div class=\"testimonial_item color-blue\">\r\n                                    <div class=\"testimonial_icon\"> <img decoding=\"async\" width=\"55\" src=\"https:\/\/www.keelingsknowledge.com\/wp-content\/themes\/keelings-knowledge\/images\/testimonials\/icon_(blue).png\"><\/div>\r\n                                  \r\n                                                  <p>&#8222;Wir sind absolut zufrieden mit der Professionalit\u00e4t des Teams von Keelings Knowledge, mit der hohen Effizienz und der sorgf\u00e4ltigen Arbeitsweise. Wir sind fest davon \u00fcberzeugt, dass Chongming Agri. Company von dem systematischen Denken und dem branchenspezifischen Ansatz profitieren wird.&#8220;<br \/>\n<em>&#8211; Packhausbetrieb, China<\/em><\/p>\n                                    <i class=\"down\"><\/i>\r\n                                <\/div>\r\n                        <\/div>\r\n                  <\/div>\r\n                <\/div>\r\n            <\/div>\n\t<a href=\"\/?page_id=3835\">\n        <h3>Downloads<\/h3>\n            <h4>Brosch\u00fcre herunterladen<\/h4>\n<\/a>\n\t<a href=\"https:\/\/www.keelingsknowledge.com\/en\/10-tips-choosing-erp-software\/\">\n        <h3>Tipps<\/h3>\n            <h4>10 Tipps f\u00fcr die ERP-Auswahl<\/h4>\n<\/a>\n","protected":false},"excerpt":{"rendered":"<p>&#8222;Wir sind absolut zufrieden mit der Professionalit\u00e4t des Teams von Keelings Knowledge, mit der hohen Effizienz und der sorgf\u00e4ltigen Arbeitsweise. Wir sind fest davon \u00fcberzeugt, dass Chongming Agri. Company von dem systematischen Denken und dem branchenspezifischen Ansatz profitieren wird.&#8220; &#8211; Packhausbetrieb, China<\/p>\n","protected":false},"author":1,"featured_media":3516,"parent":0,"menu_order":0,"comment_status":"closed","ping_status":"closed","template":"full_width.php","meta":{"_genesis_hide_title":false,"_genesis_hide_breadcrumbs":false,"_genesis_hide_singular_image":false,"_genesis_hide_footer_widgets":false,"_genesis_custom_body_class":"","_genesis_custom_post_class":"","_genesis_layout":"","footnotes":""},"class_list":{"0":"post-3875","1":"page","2":"type-page","3":"status-publish","4":"has-post-thumbnail","6":"entry"},"yoast_head":"<!-- This site is optimized with the Yoast SEO plugin v26.2 - https:\/\/yoast.com\/wordpress\/plugins\/seo\/ -->\n<title>Fallbeispiele und Referenzen | Keelings Knowledge<\/title>\n<meta name=\"description\" content=\"Lesen Sie Fallstudien zu ERP-Implementierungen in der Obst- und Gem\u00fcsebranche und wie Kunden Keelings Knowledge f\u00fcr branchenspezifische Herausforderungen einsetzen.\" \/>\n<meta name=\"robots\" content=\"index, follow, max-snippet:-1, max-image-preview:large, max-video-preview:-1\" \/>\n<link rel=\"canonical\" href=\"https:\/\/www.keelingsknowledge.com\/de\/erp-fallstudie\/\" \/>\n<meta property=\"og:locale\" content=\"de_DE\" \/>\n<meta property=\"og:type\" content=\"article\" \/>\n<meta property=\"og:title\" content=\"Fallbeispiele und Referenzen | Keelings Knowledge\" \/>\n<meta property=\"og:description\" content=\"Lesen Sie Fallstudien zu ERP-Implementierungen in der Obst- und Gem\u00fcsebranche und wie Kunden Keelings Knowledge f\u00fcr branchenspezifische Herausforderungen einsetzen.\" \/>\n<meta property=\"og:url\" content=\"https:\/\/www.keelingsknowledge.com\/de\/erp-fallstudie\/\" \/>\n<meta property=\"og:site_name\" content=\"Keelings Knowledge\" \/>\n<meta property=\"article:modified_time\" content=\"2019-05-08T15:18:12+00:00\" \/>\n<meta property=\"og:image\" content=\"https:\/\/www.keelingsknowledge.com\/wp-content\/uploads\/2019\/01\/Keelings-Knowledge-Production.jpg\" \/>\n\t<meta property=\"og:image:width\" content=\"1920\" \/>\n\t<meta property=\"og:image:height\" content=\"1080\" \/>\n\t<meta property=\"og:image:type\" content=\"image\/jpeg\" \/>\n<meta name=\"twitter:card\" content=\"summary_large_image\" \/>\n<meta name=\"twitter:site\" content=\"@Knowledge_ERP\" \/>\n<meta name=\"twitter:label1\" content=\"Gesch\u00e4tzte Lesezeit\" \/>\n\t<meta name=\"twitter:data1\" content=\"1 Minute\" \/>\n<script type=\"application\/ld+json\" class=\"yoast-schema-graph\">{\"@context\":\"https:\/\/schema.org\",\"@graph\":[{\"@type\":\"WebPage\",\"@id\":\"https:\/\/www.keelingsknowledge.com\/de\/erp-fallstudie\/\",\"url\":\"https:\/\/www.keelingsknowledge.com\/de\/erp-fallstudie\/\",\"name\":\"Fallbeispiele und Referenzen | Keelings Knowledge\",\"isPartOf\":{\"@id\":\"https:\/\/www.keelingsknowledge.com\/de\/#website\"},\"primaryImageOfPage\":{\"@id\":\"https:\/\/www.keelingsknowledge.com\/de\/erp-fallstudie\/#primaryimage\"},\"image\":{\"@id\":\"https:\/\/www.keelingsknowledge.com\/de\/erp-fallstudie\/#primaryimage\"},\"thumbnailUrl\":\"https:\/\/www.keelingsknowledge.com\/wp-content\/uploads\/2019\/01\/Keelings-Knowledge-Production.jpg\",\"datePublished\":\"2018-12-02T23:29:54+00:00\",\"dateModified\":\"2019-05-08T15:18:12+00:00\",\"description\":\"Lesen Sie Fallstudien zu ERP-Implementierungen in der Obst- und Gem\u00fcsebranche und wie Kunden Keelings Knowledge f\u00fcr branchenspezifische Herausforderungen einsetzen.\",\"breadcrumb\":{\"@id\":\"https:\/\/www.keelingsknowledge.com\/de\/erp-fallstudie\/#breadcrumb\"},\"inLanguage\":\"de-DE\",\"potentialAction\":[{\"@type\":\"ReadAction\",\"target\":[\"https:\/\/www.keelingsknowledge.com\/de\/erp-fallstudie\/\"]}]},{\"@type\":\"ImageObject\",\"inLanguage\":\"de-DE\",\"@id\":\"https:\/\/www.keelingsknowledge.com\/de\/erp-fallstudie\/#primaryimage\",\"url\":\"https:\/\/www.keelingsknowledge.com\/wp-content\/uploads\/2019\/01\/Keelings-Knowledge-Production.jpg\",\"contentUrl\":\"https:\/\/www.keelingsknowledge.com\/wp-content\/uploads\/2019\/01\/Keelings-Knowledge-Production.jpg\",\"width\":1920,\"height\":1080,\"caption\":\"Frische Blaubeeren auf einem F\u00f6rderband in einer Lebensmittelverarbeitungsanlage. Ideal f\u00fcr gesunde Ern\u00e4hrung.\"},{\"@type\":\"BreadcrumbList\",\"@id\":\"https:\/\/www.keelingsknowledge.com\/de\/erp-fallstudie\/#breadcrumb\",\"itemListElement\":[{\"@type\":\"ListItem\",\"position\":1,\"name\":\"Home\",\"item\":\"https:\/\/www.keelingsknowledge.com\/de\/\"},{\"@type\":\"ListItem\",\"position\":2,\"name\":\"Fallbeispiele\"}]},{\"@type\":\"WebSite\",\"@id\":\"https:\/\/www.keelingsknowledge.com\/de\/#website\",\"url\":\"https:\/\/www.keelingsknowledge.com\/de\/\",\"name\":\"Keelings Knowledge\",\"description\":\"ERP Fresh Produce Solutions\",\"potentialAction\":[{\"@type\":\"SearchAction\",\"target\":{\"@type\":\"EntryPoint\",\"urlTemplate\":\"https:\/\/www.keelingsknowledge.com\/de\/?s={search_term_string}\"},\"query-input\":{\"@type\":\"PropertyValueSpecification\",\"valueRequired\":true,\"valueName\":\"search_term_string\"}}],\"inLanguage\":\"de-DE\"}]}<\/script>\n<!-- \/ Yoast SEO plugin. -->","yoast_head_json":{"title":"Fallbeispiele und Referenzen | Keelings Knowledge","description":"Lesen Sie Fallstudien zu ERP-Implementierungen in der Obst- und Gem\u00fcsebranche und wie Kunden Keelings Knowledge f\u00fcr branchenspezifische Herausforderungen einsetzen.","robots":{"index":"index","follow":"follow","max-snippet":"max-snippet:-1","max-image-preview":"max-image-preview:large","max-video-preview":"max-video-preview:-1"},"canonical":"https:\/\/www.keelingsknowledge.com\/de\/erp-fallstudie\/","og_locale":"de_DE","og_type":"article","og_title":"Fallbeispiele und Referenzen | Keelings Knowledge","og_description":"Lesen Sie Fallstudien zu ERP-Implementierungen in der Obst- und Gem\u00fcsebranche und wie Kunden Keelings Knowledge f\u00fcr branchenspezifische Herausforderungen einsetzen.","og_url":"https:\/\/www.keelingsknowledge.com\/de\/erp-fallstudie\/","og_site_name":"Keelings Knowledge","article_modified_time":"2019-05-08T15:18:12+00:00","og_image":[{"width":1920,"height":1080,"url":"https:\/\/www.keelingsknowledge.com\/wp-content\/uploads\/2019\/01\/Keelings-Knowledge-Production.jpg","type":"image\/jpeg"}],"twitter_card":"summary_large_image","twitter_site":"@Knowledge_ERP","twitter_misc":{"Gesch\u00e4tzte Lesezeit":"1 Minute"},"schema":{"@context":"https:\/\/schema.org","@graph":[{"@type":"WebPage","@id":"https:\/\/www.keelingsknowledge.com\/de\/erp-fallstudie\/","url":"https:\/\/www.keelingsknowledge.com\/de\/erp-fallstudie\/","name":"Fallbeispiele und Referenzen | Keelings Knowledge","isPartOf":{"@id":"https:\/\/www.keelingsknowledge.com\/de\/#website"},"primaryImageOfPage":{"@id":"https:\/\/www.keelingsknowledge.com\/de\/erp-fallstudie\/#primaryimage"},"image":{"@id":"https:\/\/www.keelingsknowledge.com\/de\/erp-fallstudie\/#primaryimage"},"thumbnailUrl":"https:\/\/www.keelingsknowledge.com\/wp-content\/uploads\/2019\/01\/Keelings-Knowledge-Production.jpg","datePublished":"2018-12-02T23:29:54+00:00","dateModified":"2019-05-08T15:18:12+00:00","description":"Lesen Sie Fallstudien zu ERP-Implementierungen in der Obst- und Gem\u00fcsebranche und wie Kunden Keelings Knowledge f\u00fcr branchenspezifische Herausforderungen einsetzen.","breadcrumb":{"@id":"https:\/\/www.keelingsknowledge.com\/de\/erp-fallstudie\/#breadcrumb"},"inLanguage":"de-DE","potentialAction":[{"@type":"ReadAction","target":["https:\/\/www.keelingsknowledge.com\/de\/erp-fallstudie\/"]}]},{"@type":"ImageObject","inLanguage":"de-DE","@id":"https:\/\/www.keelingsknowledge.com\/de\/erp-fallstudie\/#primaryimage","url":"https:\/\/www.keelingsknowledge.com\/wp-content\/uploads\/2019\/01\/Keelings-Knowledge-Production.jpg","contentUrl":"https:\/\/www.keelingsknowledge.com\/wp-content\/uploads\/2019\/01\/Keelings-Knowledge-Production.jpg","width":1920,"height":1080,"caption":"Frische Blaubeeren auf einem F\u00f6rderband in einer Lebensmittelverarbeitungsanlage. Ideal f\u00fcr gesunde Ern\u00e4hrung."},{"@type":"BreadcrumbList","@id":"https:\/\/www.keelingsknowledge.com\/de\/erp-fallstudie\/#breadcrumb","itemListElement":[{"@type":"ListItem","position":1,"name":"Home","item":"https:\/\/www.keelingsknowledge.com\/de\/"},{"@type":"ListItem","position":2,"name":"Fallbeispiele"}]},{"@type":"WebSite","@id":"https:\/\/www.keelingsknowledge.com\/de\/#website","url":"https:\/\/www.keelingsknowledge.com\/de\/","name":"Keelings Knowledge","description":"ERP Fresh Produce Solutions","potentialAction":[{"@type":"SearchAction","target":{"@type":"EntryPoint","urlTemplate":"https:\/\/www.keelingsknowledge.com\/de\/?s={search_term_string}"},"query-input":{"@type":"PropertyValueSpecification","valueRequired":true,"valueName":"search_term_string"}}],"inLanguage":"de-DE"}]}},"_links":{"self":[{"href":"https:\/\/www.keelingsknowledge.com\/de\/wp-json\/wp\/v2\/pages\/3875","targetHints":{"allow":["GET"]}}],"collection":[{"href":"https:\/\/www.keelingsknowledge.com\/de\/wp-json\/wp\/v2\/pages"}],"about":[{"href":"https:\/\/www.keelingsknowledge.com\/de\/wp-json\/wp\/v2\/types\/page"}],"author":[{"embeddable":true,"href":"https:\/\/www.keelingsknowledge.com\/de\/wp-json\/wp\/v2\/users\/1"}],"replies":[{"embeddable":true,"href":"https:\/\/www.keelingsknowledge.com\/de\/wp-json\/wp\/v2\/comments?post=3875"}],"version-history":[{"count":0,"href":"https:\/\/www.keelingsknowledge.com\/de\/wp-json\/wp\/v2\/pages\/3875\/revisions"}],"wp:featuredmedia":[{"embeddable":true,"href":"https:\/\/www.keelingsknowledge.com\/de\/wp-json\/wp\/v2\/media\/3516"}],"wp:attachment":[{"href":"https:\/\/www.keelingsknowledge.com\/de\/wp-json\/wp\/v2\/media?parent=3875"}],"curies":[{"name":"wp","href":"https:\/\/api.w.org\/{rel}","templated":true}]}}