{"id":3942,"date":"2019-01-08T12:13:41","date_gmt":"2019-01-08T12:13:41","guid":{"rendered":"https:\/\/www.keelingsknowledge.com\/erp-software\/pack-house\/customs-clearance-bonded-warehouse\/"},"modified":"2019-02-27T13:45:21","modified_gmt":"2019-02-27T13:45:21","slug":"zollabwicklung","status":"publish","type":"page","link":"https:\/\/www.keelingsknowledge.com\/de\/erp-software\/packhaus\/zollabwicklung\/","title":{"rendered":"Zollabwicklung \/ Zolllager"},"content":{"rendered":"<h2>\n\t\tPackhaus\n\t<\/h2>\n<h1>\n\t\tZollabwicklung \/ Zolllager\n\t<\/h1>\n\t<h4>Zollabwicklung \/ Zolllager<\/h4>\n<p>Unser Modul f\u00fcr die Zollabfertigung und das Zolllager kann als unabh\u00e4ngiges Modul verwendet oder in unsere vollst\u00e4ndige ERP-Software integriert werden.<\/p>\n<p>Mit diesem Modul k\u00f6nnen Unternehmen die Anforderungen eines Zolllagers erf\u00fcllen und die Zollabfertigung automatisieren. Unsere Software unterst\u00fctzt Unternehmen, die ein Zolllager haben oder mit einem Partner zusammenarbeiten, der diesen Service f\u00fcr sie bereitstellt. Auf diese Weise erhalten Unternehmen einen vollst\u00e4ndigen \u00dcberblick \u00fcber den gesamten Bestand innerhalb und au\u00dferhalb des Zolllagers sowie \u00fcber Steuerungsoptionen f\u00fcr den Lagerbestand. Sie k\u00f6nnen beispielsweise ein neues Produkt in einem Zolllager erstellen und als Lagerbestand weiterverkaufen. Unsere ERP-Software umfasst ein integriertes Lagerverwaltungssystem, das uns die vollst\u00e4ndige Kontrolle \u00fcber die Verwaltung aller Vorschriften f\u00fcr das Lager im Zolllager erm\u00f6glicht.<\/p>\n<p>Unsere Software automatisiert die Verzollung von Verpackungen f\u00fcr Ihr Unternehmen und den Versand der erforderlichen Dokumente und Informationen f\u00fcr die Verzollung. Sie erhalten eine R\u00fcckmeldung \u00fcber den Status der Verzollung \u00fcber einen Nachrichtendienst. Nach der Zollabfertigung werden die Kosten automatisch auf jede Produktlinie aufgeteilt. Dieser automatisierte Datenaustausch sorgt f\u00fcr h\u00f6here Effizienz und bessere Prozesse.<\/p>\n\t<h4>Vorteile<\/h4>\n<ul>\n<li>Verpackungen mit frischen Produkten werden schneller durch den Zoll geleitet<\/li>\n<li>Ein automatischer Kommunikationsprozess mit dem Zoll<\/li>\n<li>Direkte R\u00fcckmeldung des Zolls zu Problemen mit Dokumenten \/ Kosten<\/li>\n<li>Alle f\u00fcr die Zollabfertigung erforderlichen Dokumente k\u00f6nnen im System verwaltet werden<\/li>\n<li>Automatische Aufteilung der Kosten je Produktlinie beim Wareneingang<\/li>\n<li>Unternehmen k\u00f6nnen die Kosten besser verwalten und senken<\/li>\n<li>Proaktive Statusbenachrichtigungen<\/li>\n<\/ul>\n\t<h4>Funktionen<\/h4>\n<ul>\n<li>Unsere Funktionen entsprechen den Anforderungen in den Bereichen:\n<ol>\n<li>R\u00fcckverfolgbarkeit<\/li>\n<li>Lagerbewegungen<\/li>\n<li>\u00dcbertragung von Best\u00e4nden von einer Kategorie in eine andere (vom Lager in das Nichtlager)<\/li>\n<li>Rechtzeitige Zahlung von Z\u00f6llen<\/li>\n<li>Zolllagerpr\u00fcfungen<\/li>\n<\/ol>\n<\/li>\n<li>M\u00f6glichkeit, Produkte in einem Zolllager zu pr\u00fcfen und in ein anderes Format mit vollst\u00e4ndiger und \u00fcberpr\u00fcfbarer R\u00fcckverfolgbarkeit umwandeln zu lassen<\/li>\n<li>Automatische Aufteilung der Geb\u00fchren von der Zollabfertigung nach Verpackung und getrennten Produktlinien &#8211; f\u00fcr die meisten Unternehmen derzeit ein manueller Prozess<\/li>\n<li>Verkauf von Produkten aus dem Zolllager an Kunden, die ebenfalls ein Zolllager haben, um Abgaben zu vermeiden<\/li>\n<li>Unterst\u00fctzung einer Zolllagereinrichtung, die eine Produktumwandlung in den Lagerstatus erm\u00f6glicht<\/li>\n<\/ul>\n<p>&nbsp;<\/p>\n<h3>\n\t\tAlle Module f\u00fcr Packhausbetrieb\n\t<\/h3>\n<h3>\n\t<\/h3>\n\t<h3>Einkauf<\/h3>\n<h3>\n\t<\/h3>\n\t<h3>Logistik<\/h3>\n<h3>\n\t<\/h3>\n\t<h3>Qualit\u00e4t<\/h3>\n<h3>\n\t<\/h3>\n\t<h3>Lebensmittelsicherheit<\/h3>\n<h3>\n\t<\/h3>\n\t<h3>Produktion<\/h3>\n<h3>\n\t<\/h3>\n\t<h3>Verkauf<\/h3>\n<h3>\n\t<\/h3>\n\t<h3>Lagerverwaltung<\/h3>\n<h3>\n\t<\/h3>\n\t<h3>Warehouse Management Systemt<\/h3>\n<h3>\n\t<\/h3>\n\t<h3>Planung und<\/h3>\n<h3>Prognose<\/h3>\n<h3>\n\t<\/h3>\n\t<h3>Finanzwesen<\/h3>\n<h3>\n\t<\/h3>\n\t<h3>Business Intelligence<\/h3>\n<h3>\n\t<\/h3>\n\t<h3>Zollabwicklung \/ Zolllager<\/h3>\n\t<a href=\"\/?page_id=3835\">\n        <h3>Downloads<\/h3>\n            <h4>Brosch\u00fcre herunterladen<\/h4>\n<\/a>\n\t<a href=\"https:\/\/www.keelingsknowledge.com\/en\/10-tips-choosing-erp-software\/\">\n        <h3>Tipps<\/h3>\n            <h4>10 Tipps f\u00fcr die ERP-Auswahl<\/h4>\n<\/a>\n","protected":false},"excerpt":{"rendered":"<p>Packhaus Zollabwicklung \/ Zolllager Zollabwicklung \/ Zolllager Unser Modul f\u00fcr die Zollabfertigung und das Zolllager kann als unabh\u00e4ngiges Modul verwendet oder in unsere vollst\u00e4ndige ERP-Software integriert werden. Mit diesem Modul k\u00f6nnen Unternehmen die Anforderungen eines Zolllagers erf\u00fcllen und die Zollabfertigung automatisieren. Unsere Software unterst\u00fctzt Unternehmen, die ein Zolllager haben oder mit einem Partner zusammenarbeiten, der [&hellip;]<\/p>\n","protected":false},"author":1,"featured_media":3343,"parent":3874,"menu_order":0,"comment_status":"closed","ping_status":"closed","template":"full_width.php","meta":{"_genesis_hide_title":false,"_genesis_hide_breadcrumbs":false,"_genesis_hide_singular_image":false,"_genesis_hide_footer_widgets":false,"_genesis_custom_body_class":"","_genesis_custom_post_class":"","_genesis_layout":"","footnotes":""},"class_list":{"0":"post-3942","1":"page","2":"type-page","3":"status-publish","4":"has-post-thumbnail","6":"entry"},"yoast_head":"<!-- This site is optimized with the Yoast SEO plugin v26.2 - https:\/\/yoast.com\/wordpress\/plugins\/seo\/ -->\n<title>Zollabwicklung f\u00fcr das Packhaus | Keelings Knowledge<\/title>\n<meta name=\"description\" content=\"Das Modul zur Zollabwicklung in der Keelings Knowledge Software hilft Packhausbetrieben dabei die Zollabwicklung effizienter zu machen und Kosten zu sparen.\" \/>\n<meta name=\"robots\" content=\"index, follow, max-snippet:-1, max-image-preview:large, max-video-preview:-1\" \/>\n<link rel=\"canonical\" href=\"https:\/\/www.keelingsknowledge.com\/de\/erp-software\/packhaus\/zollabwicklung\/\" \/>\n<meta property=\"og:locale\" content=\"de_DE\" \/>\n<meta property=\"og:type\" content=\"article\" \/>\n<meta property=\"og:title\" content=\"Zollabwicklung f\u00fcr das Packhaus | Keelings Knowledge\" \/>\n<meta property=\"og:description\" content=\"Das Modul zur Zollabwicklung in der Keelings Knowledge Software hilft Packhausbetrieben dabei die Zollabwicklung effizienter zu machen und Kosten zu sparen.\" \/>\n<meta property=\"og:url\" content=\"https:\/\/www.keelingsknowledge.com\/de\/erp-software\/packhaus\/zollabwicklung\/\" \/>\n<meta property=\"og:site_name\" content=\"Keelings Knowledge\" \/>\n<meta property=\"article:modified_time\" content=\"2019-02-27T13:45:21+00:00\" \/>\n<meta property=\"og:image\" content=\"https:\/\/www.keelingsknowledge.com\/wp-content\/uploads\/2019\/01\/Customs-Module.jpg\" \/>\n\t<meta property=\"og:image:width\" content=\"1920\" \/>\n\t<meta property=\"og:image:height\" content=\"1080\" \/>\n\t<meta property=\"og:image:type\" content=\"image\/jpeg\" \/>\n<meta name=\"twitter:card\" content=\"summary_large_image\" \/>\n<meta name=\"twitter:site\" content=\"@Knowledge_ERP\" \/>\n<meta name=\"twitter:label1\" content=\"Gesch\u00e4tzte Lesezeit\" \/>\n\t<meta name=\"twitter:data1\" content=\"2 Minuten\" \/>\n<script type=\"application\/ld+json\" class=\"yoast-schema-graph\">{\"@context\":\"https:\/\/schema.org\",\"@graph\":[{\"@type\":\"WebPage\",\"@id\":\"https:\/\/www.keelingsknowledge.com\/de\/erp-software\/packhaus\/zollabwicklung\/\",\"url\":\"https:\/\/www.keelingsknowledge.com\/de\/erp-software\/packhaus\/zollabwicklung\/\",\"name\":\"Zollabwicklung f\u00fcr das Packhaus | Keelings Knowledge\",\"isPartOf\":{\"@id\":\"https:\/\/www.keelingsknowledge.com\/de\/#website\"},\"primaryImageOfPage\":{\"@id\":\"https:\/\/www.keelingsknowledge.com\/de\/erp-software\/packhaus\/zollabwicklung\/#primaryimage\"},\"image\":{\"@id\":\"https:\/\/www.keelingsknowledge.com\/de\/erp-software\/packhaus\/zollabwicklung\/#primaryimage\"},\"thumbnailUrl\":\"https:\/\/www.keelingsknowledge.com\/wp-content\/uploads\/2019\/01\/Customs-Module.jpg\",\"datePublished\":\"2019-01-08T12:13:41+00:00\",\"dateModified\":\"2019-02-27T13:45:21+00:00\",\"description\":\"Das Modul zur Zollabwicklung in der Keelings Knowledge Software hilft Packhausbetrieben dabei die Zollabwicklung effizienter zu machen und Kosten zu sparen.\",\"breadcrumb\":{\"@id\":\"https:\/\/www.keelingsknowledge.com\/de\/erp-software\/packhaus\/zollabwicklung\/#breadcrumb\"},\"inLanguage\":\"de-DE\",\"potentialAction\":[{\"@type\":\"ReadAction\",\"target\":[\"https:\/\/www.keelingsknowledge.com\/de\/erp-software\/packhaus\/zollabwicklung\/\"]}]},{\"@type\":\"ImageObject\",\"inLanguage\":\"de-DE\",\"@id\":\"https:\/\/www.keelingsknowledge.com\/de\/erp-software\/packhaus\/zollabwicklung\/#primaryimage\",\"url\":\"https:\/\/www.keelingsknowledge.com\/wp-content\/uploads\/2019\/01\/Customs-Module.jpg\",\"contentUrl\":\"https:\/\/www.keelingsknowledge.com\/wp-content\/uploads\/2019\/01\/Customs-Module.jpg\",\"width\":1920,\"height\":1080,\"caption\":\"Mitarbeiter in Schutzkleidung arbeiten am Computer in einer Lagerhalle.\"},{\"@type\":\"BreadcrumbList\",\"@id\":\"https:\/\/www.keelingsknowledge.com\/de\/erp-software\/packhaus\/zollabwicklung\/#breadcrumb\",\"itemListElement\":[{\"@type\":\"ListItem\",\"position\":1,\"name\":\"Home\",\"item\":\"https:\/\/www.keelingsknowledge.com\/de\/\"},{\"@type\":\"ListItem\",\"position\":2,\"name\":\"L\u00f6sungen\",\"item\":\"https:\/\/www.keelingsknowledge.com\/de\/erp-software\/\"},{\"@type\":\"ListItem\",\"position\":3,\"name\":\"Packhausbetrieb\",\"item\":\"https:\/\/www.keelingsknowledge.com\/de\/erp-software\/packhaus\/\"},{\"@type\":\"ListItem\",\"position\":4,\"name\":\"Zollabwicklung \/ Zolllager\"}]},{\"@type\":\"WebSite\",\"@id\":\"https:\/\/www.keelingsknowledge.com\/de\/#website\",\"url\":\"https:\/\/www.keelingsknowledge.com\/de\/\",\"name\":\"Keelings Knowledge\",\"description\":\"ERP Fresh Produce Solutions\",\"potentialAction\":[{\"@type\":\"SearchAction\",\"target\":{\"@type\":\"EntryPoint\",\"urlTemplate\":\"https:\/\/www.keelingsknowledge.com\/de\/?s={search_term_string}\"},\"query-input\":{\"@type\":\"PropertyValueSpecification\",\"valueRequired\":true,\"valueName\":\"search_term_string\"}}],\"inLanguage\":\"de-DE\"}]}<\/script>\n<!-- \/ Yoast SEO plugin. -->","yoast_head_json":{"title":"Zollabwicklung f\u00fcr das Packhaus | Keelings Knowledge","description":"Das Modul zur Zollabwicklung in der Keelings Knowledge Software hilft Packhausbetrieben dabei die Zollabwicklung effizienter zu machen und Kosten zu sparen.","robots":{"index":"index","follow":"follow","max-snippet":"max-snippet:-1","max-image-preview":"max-image-preview:large","max-video-preview":"max-video-preview:-1"},"canonical":"https:\/\/www.keelingsknowledge.com\/de\/erp-software\/packhaus\/zollabwicklung\/","og_locale":"de_DE","og_type":"article","og_title":"Zollabwicklung f\u00fcr das Packhaus | Keelings Knowledge","og_description":"Das Modul zur Zollabwicklung in der Keelings Knowledge Software hilft Packhausbetrieben dabei die Zollabwicklung effizienter zu machen und Kosten zu sparen.","og_url":"https:\/\/www.keelingsknowledge.com\/de\/erp-software\/packhaus\/zollabwicklung\/","og_site_name":"Keelings Knowledge","article_modified_time":"2019-02-27T13:45:21+00:00","og_image":[{"width":1920,"height":1080,"url":"https:\/\/www.keelingsknowledge.com\/wp-content\/uploads\/2019\/01\/Customs-Module.jpg","type":"image\/jpeg"}],"twitter_card":"summary_large_image","twitter_site":"@Knowledge_ERP","twitter_misc":{"Gesch\u00e4tzte Lesezeit":"2 Minuten"},"schema":{"@context":"https:\/\/schema.org","@graph":[{"@type":"WebPage","@id":"https:\/\/www.keelingsknowledge.com\/de\/erp-software\/packhaus\/zollabwicklung\/","url":"https:\/\/www.keelingsknowledge.com\/de\/erp-software\/packhaus\/zollabwicklung\/","name":"Zollabwicklung f\u00fcr das Packhaus | Keelings Knowledge","isPartOf":{"@id":"https:\/\/www.keelingsknowledge.com\/de\/#website"},"primaryImageOfPage":{"@id":"https:\/\/www.keelingsknowledge.com\/de\/erp-software\/packhaus\/zollabwicklung\/#primaryimage"},"image":{"@id":"https:\/\/www.keelingsknowledge.com\/de\/erp-software\/packhaus\/zollabwicklung\/#primaryimage"},"thumbnailUrl":"https:\/\/www.keelingsknowledge.com\/wp-content\/uploads\/2019\/01\/Customs-Module.jpg","datePublished":"2019-01-08T12:13:41+00:00","dateModified":"2019-02-27T13:45:21+00:00","description":"Das Modul zur Zollabwicklung in der Keelings Knowledge Software hilft Packhausbetrieben dabei die Zollabwicklung effizienter zu machen und Kosten zu sparen.","breadcrumb":{"@id":"https:\/\/www.keelingsknowledge.com\/de\/erp-software\/packhaus\/zollabwicklung\/#breadcrumb"},"inLanguage":"de-DE","potentialAction":[{"@type":"ReadAction","target":["https:\/\/www.keelingsknowledge.com\/de\/erp-software\/packhaus\/zollabwicklung\/"]}]},{"@type":"ImageObject","inLanguage":"de-DE","@id":"https:\/\/www.keelingsknowledge.com\/de\/erp-software\/packhaus\/zollabwicklung\/#primaryimage","url":"https:\/\/www.keelingsknowledge.com\/wp-content\/uploads\/2019\/01\/Customs-Module.jpg","contentUrl":"https:\/\/www.keelingsknowledge.com\/wp-content\/uploads\/2019\/01\/Customs-Module.jpg","width":1920,"height":1080,"caption":"Mitarbeiter in Schutzkleidung arbeiten am Computer in einer Lagerhalle."},{"@type":"BreadcrumbList","@id":"https:\/\/www.keelingsknowledge.com\/de\/erp-software\/packhaus\/zollabwicklung\/#breadcrumb","itemListElement":[{"@type":"ListItem","position":1,"name":"Home","item":"https:\/\/www.keelingsknowledge.com\/de\/"},{"@type":"ListItem","position":2,"name":"L\u00f6sungen","item":"https:\/\/www.keelingsknowledge.com\/de\/erp-software\/"},{"@type":"ListItem","position":3,"name":"Packhausbetrieb","item":"https:\/\/www.keelingsknowledge.com\/de\/erp-software\/packhaus\/"},{"@type":"ListItem","position":4,"name":"Zollabwicklung \/ Zolllager"}]},{"@type":"WebSite","@id":"https:\/\/www.keelingsknowledge.com\/de\/#website","url":"https:\/\/www.keelingsknowledge.com\/de\/","name":"Keelings Knowledge","description":"ERP Fresh Produce Solutions","potentialAction":[{"@type":"SearchAction","target":{"@type":"EntryPoint","urlTemplate":"https:\/\/www.keelingsknowledge.com\/de\/?s={search_term_string}"},"query-input":{"@type":"PropertyValueSpecification","valueRequired":true,"valueName":"search_term_string"}}],"inLanguage":"de-DE"}]}},"_links":{"self":[{"href":"https:\/\/www.keelingsknowledge.com\/de\/wp-json\/wp\/v2\/pages\/3942","targetHints":{"allow":["GET"]}}],"collection":[{"href":"https:\/\/www.keelingsknowledge.com\/de\/wp-json\/wp\/v2\/pages"}],"about":[{"href":"https:\/\/www.keelingsknowledge.com\/de\/wp-json\/wp\/v2\/types\/page"}],"author":[{"embeddable":true,"href":"https:\/\/www.keelingsknowledge.com\/de\/wp-json\/wp\/v2\/users\/1"}],"replies":[{"embeddable":true,"href":"https:\/\/www.keelingsknowledge.com\/de\/wp-json\/wp\/v2\/comments?post=3942"}],"version-history":[{"count":0,"href":"https:\/\/www.keelingsknowledge.com\/de\/wp-json\/wp\/v2\/pages\/3942\/revisions"}],"up":[{"embeddable":true,"href":"https:\/\/www.keelingsknowledge.com\/de\/wp-json\/wp\/v2\/pages\/3874"}],"wp:featuredmedia":[{"embeddable":true,"href":"https:\/\/www.keelingsknowledge.com\/de\/wp-json\/wp\/v2\/media\/3343"}],"wp:attachment":[{"href":"https:\/\/www.keelingsknowledge.com\/de\/wp-json\/wp\/v2\/media?parent=3942"}],"curies":[{"name":"wp","href":"https:\/\/api.w.org\/{rel}","templated":true}]}}