{"id":3946,"date":"2018-12-11T22:54:57","date_gmt":"2018-12-11T22:54:57","guid":{"rendered":"https:\/\/www.keelingsknowledge.com\/erp-software\/food-service\/forecast-planning\/"},"modified":"2019-02-27T15:45:16","modified_gmt":"2019-02-27T15:45:16","slug":"prognose-planung","status":"publish","type":"page","link":"https:\/\/www.keelingsknowledge.com\/de\/erp-software\/gastronomie-lieferanten\/prognose-planung\/","title":{"rendered":"Prognose-Planung"},"content":{"rendered":"<h2>\n\t\tGastronomie-Belieferung\n\t<\/h2>\n<h1>\n\t\tPrognose-Planung\n\t<\/h1>\n\t<h4>Prognose-Planung<\/h4>\n<p>Durch die Investition in ein neues ERP-System k\u00f6nnen Sie die Lagerverwaltung, die Prognose-Planung und Produktion verbessern. Wenn Ihr Unternehmen und Ihr Volumen w\u00e4chst, darf es keine ineffiziente Methoden im Betrieb geben. Prognose-Planung bietet eine effiziente Alternative. Auf diese Weise k\u00f6nnen Sie im Voraus Verkaufsprognosen erstellen, Ihre Woche oder Ihren Tag anhand dieser Prognosen und alle zugeh\u00f6rigen Aktivit\u00e4ten planen. Mit unserer ERP-Software f\u00fcr Gastronomie-Lieferanten kennen Sie die erwarteten Ergebnisse einen Tag im Voraus.<\/p>\n\t<h4>Vorteile<\/h4>\n<ul>\n<li>Besserer Kundenservice<\/li>\n<li>Niedrigere Betriebskosten durch bessere Planung<\/li>\n<li>Ware vorverpacken<\/li>\n<li>Maximale Effizienz durch Zuweisung der richtigen Paletten in Bezug auf die Kundenanforderungen<\/li>\n<li>Echtzeit-Informationen f\u00fcr bessere Entscheidungen<\/li>\n<li>Produktionsprognosen<\/li>\n<li>Papierloser Arbeitsbereiche<\/li>\n<li>Vollst\u00e4ndig integrierte Betriebskostenmodelle, mit denen die Lagerleistung genau gemessen werden kann<\/li>\n<li>Planung f\u00fcr den 24\/7 Betrieb, Ausfallzeiten von Maschinen und DOT (Designated Order Turnaround) f\u00fcr Kunden<\/li>\n<li>Vollst\u00e4ndige Echtzeit-Anzeige der t\u00e4glichen Leistung basierend auf Prognose und Realit\u00e4t<\/li>\n<\/ul>\n\t<h4>Funktionen<\/h4>\n<ul>\n<li>Gesch\u00e4tzte Verkaufsmengen 6 Wochen im Voraus f\u00fcr Kunden und Produkt<\/li>\n<li>Prognosen f\u00fcr tats\u00e4chliche Bestellungen anzeigen und den Lagerbest\u00e4nden in verschiedenen Einheiten (Box, Gewicht, St\u00fcck) zuordnen<\/li>\n<li>Flexible Planung<\/li>\n<li>Volle Sichtbarkeit aller Paletten und zugeh\u00f6rigen Akkreditierungen f\u00fcr Kundenfragen<\/li>\n<li>Einfache Zuordnung von direktem Kommissionierbestand und Ware, die in die Produktion gehen muss<\/li>\n<li>Ordnen Sie der Rohware Aktivit\u00e4ten auf der Grundlage von Echtzeit-Qualit\u00e4tsinformationen zu<\/li>\n<li>Gesch\u00e4tzte Endzeiten basieren auf Echtzeitdaten zu Rohmaterialqualit\u00e4t, Maschineneffizienz und Personenzahl<\/li>\n<li>Bearbeitung von Pausen, Ausfallzeiten von Maschinen, Umstellung auf andere Produktionslinien und die richtigen Kosten f\u00fcr jedes Paket<\/li>\n<li>Zeigt m\u00f6gliche Verz\u00f6gerungen an, die zu Problemen mit DOT-Zeitfenstern f\u00fchren k\u00f6nnen<\/li>\n<\/ul>\n<h3>\n\t\tAlle Module f\u00fcr Gastronomie-Lieferanten\n\t<\/h3>\n<h3>\n\t<\/h3>\n\t<h3>Einkauf<\/h3>\n<h3>\n\t<\/h3>\n\t<h3>Logistik<\/h3>\n<h3>\n\t<\/h3>\n\t<h3>Qualit\u00e4t<\/h3>\n<h3>\n\t<\/h3>\n\t<h3>Lebensmittelsicherheit<\/h3>\n<h3>\n\t<\/h3>\n\t<h3>Produktion<\/h3>\n<h3>\n\t<\/h3>\n\t<h3>Verkauf<\/h3>\n<h3>\n\t<\/h3>\n\t<h3>Lagerverwaltung<\/h3>\n<h3>\n\t<\/h3>\n\t<h3>Warehouse Management System<\/h3>\n<h3>\n\t<\/h3>\n\t<h3>Prognose-<\/h3>\n<h3>Planung<\/h3>\n<h3>\n\t<\/h3>\n\t<h3>Finanzwesen<\/h3>\n<h3>\n\t<\/h3>\n\t<h3>Business Intelligence<\/h3>\n\t<a href=\"\/?page_id=3835\">\n        <h3>Downloads<\/h3>\n            <h4>Brosch\u00fcre herunterladen<\/h4>\n<\/a>\n\t<a href=\"https:\/\/www.keelingsknowledge.com\/en\/10-tips-choosing-erp-software\/\">\n        <h3>Tipps<\/h3>\n            <h4>10 Tipps f\u00fcr die ERP-Auswahl<\/h4>\n<\/a>\n","protected":false},"excerpt":{"rendered":"<p>Gastronomie-Belieferung Prognose-Planung Prognose-Planung Durch die Investition in ein neues ERP-System k\u00f6nnen Sie die Lagerverwaltung, die Prognose-Planung und Produktion verbessern. Wenn Ihr Unternehmen und Ihr Volumen w\u00e4chst, darf es keine ineffiziente Methoden im Betrieb geben. Prognose-Planung bietet eine effiziente Alternative. Auf diese Weise k\u00f6nnen Sie im Voraus Verkaufsprognosen erstellen, Ihre Woche oder Ihren Tag anhand dieser [&hellip;]<\/p>\n","protected":false},"author":1,"featured_media":2780,"parent":3865,"menu_order":0,"comment_status":"closed","ping_status":"closed","template":"full_width.php","meta":{"_genesis_hide_title":false,"_genesis_hide_breadcrumbs":false,"_genesis_hide_singular_image":false,"_genesis_hide_footer_widgets":false,"_genesis_custom_body_class":"","_genesis_custom_post_class":"","_genesis_layout":"","footnotes":""},"class_list":{"0":"post-3946","1":"page","2":"type-page","3":"status-publish","4":"has-post-thumbnail","6":"entry"},"yoast_head":"<!-- This site is optimized with the Yoast SEO plugin v26.2 - https:\/\/yoast.com\/wordpress\/plugins\/seo\/ -->\n<title>Prognosemodul f\u00fcr Gastronomie-Lieferanten| Keelings Knowledge<\/title>\n<meta name=\"description\" content=\"Das Prognosemodul von Keelings Knowledge ERP hilft Gastronomie-Lieferanten besser zu planen und optimiert Prozesse der gesamten Lieferkette. Mehr lesen.\" \/>\n<meta name=\"robots\" content=\"index, follow, max-snippet:-1, max-image-preview:large, max-video-preview:-1\" \/>\n<link rel=\"canonical\" href=\"https:\/\/www.keelingsknowledge.com\/de\/erp-software\/gastronomie-lieferanten\/prognose-planung\/\" \/>\n<meta property=\"og:locale\" content=\"de_DE\" \/>\n<meta property=\"og:type\" content=\"article\" \/>\n<meta property=\"og:title\" content=\"Prognosemodul f\u00fcr Gastronomie-Lieferanten| Keelings Knowledge\" \/>\n<meta property=\"og:description\" content=\"Das Prognosemodul von Keelings Knowledge ERP hilft Gastronomie-Lieferanten besser zu planen und optimiert Prozesse der gesamten Lieferkette. Mehr lesen.\" \/>\n<meta property=\"og:url\" content=\"https:\/\/www.keelingsknowledge.com\/de\/erp-software\/gastronomie-lieferanten\/prognose-planung\/\" \/>\n<meta property=\"og:site_name\" content=\"Keelings Knowledge\" \/>\n<meta property=\"article:modified_time\" content=\"2019-02-27T15:45:16+00:00\" \/>\n<meta property=\"og:image\" content=\"https:\/\/www.keelingsknowledge.com\/wp-content\/uploads\/2018\/12\/Sales.jpg\" \/>\n\t<meta property=\"og:image:width\" content=\"1920\" \/>\n\t<meta property=\"og:image:height\" content=\"1080\" \/>\n\t<meta property=\"og:image:type\" content=\"image\/jpeg\" \/>\n<meta name=\"twitter:card\" content=\"summary_large_image\" \/>\n<meta name=\"twitter:site\" content=\"@Knowledge_ERP\" \/>\n<meta name=\"twitter:label1\" content=\"Gesch\u00e4tzte Lesezeit\" \/>\n\t<meta name=\"twitter:data1\" content=\"1 Minute\" \/>\n<script type=\"application\/ld+json\" class=\"yoast-schema-graph\">{\"@context\":\"https:\/\/schema.org\",\"@graph\":[{\"@type\":\"WebPage\",\"@id\":\"https:\/\/www.keelingsknowledge.com\/de\/erp-software\/gastronomie-lieferanten\/prognose-planung\/\",\"url\":\"https:\/\/www.keelingsknowledge.com\/de\/erp-software\/gastronomie-lieferanten\/prognose-planung\/\",\"name\":\"Prognosemodul f\u00fcr Gastronomie-Lieferanten| Keelings Knowledge\",\"isPartOf\":{\"@id\":\"https:\/\/www.keelingsknowledge.com\/de\/#website\"},\"primaryImageOfPage\":{\"@id\":\"https:\/\/www.keelingsknowledge.com\/de\/erp-software\/gastronomie-lieferanten\/prognose-planung\/#primaryimage\"},\"image\":{\"@id\":\"https:\/\/www.keelingsknowledge.com\/de\/erp-software\/gastronomie-lieferanten\/prognose-planung\/#primaryimage\"},\"thumbnailUrl\":\"https:\/\/www.keelingsknowledge.com\/wp-content\/uploads\/2018\/12\/Sales.jpg\",\"datePublished\":\"2018-12-11T22:54:57+00:00\",\"dateModified\":\"2019-02-27T15:45:16+00:00\",\"description\":\"Das Prognosemodul von Keelings Knowledge ERP hilft Gastronomie-Lieferanten besser zu planen und optimiert Prozesse der gesamten Lieferkette. Mehr lesen.\",\"breadcrumb\":{\"@id\":\"https:\/\/www.keelingsknowledge.com\/de\/erp-software\/gastronomie-lieferanten\/prognose-planung\/#breadcrumb\"},\"inLanguage\":\"de-DE\",\"potentialAction\":[{\"@type\":\"ReadAction\",\"target\":[\"https:\/\/www.keelingsknowledge.com\/de\/erp-software\/gastronomie-lieferanten\/prognose-planung\/\"]}]},{\"@type\":\"ImageObject\",\"inLanguage\":\"de-DE\",\"@id\":\"https:\/\/www.keelingsknowledge.com\/de\/erp-software\/gastronomie-lieferanten\/prognose-planung\/#primaryimage\",\"url\":\"https:\/\/www.keelingsknowledge.com\/wp-content\/uploads\/2018\/12\/Sales.jpg\",\"contentUrl\":\"https:\/\/www.keelingsknowledge.com\/wp-content\/uploads\/2018\/12\/Sales.jpg\",\"width\":1920,\"height\":1080,\"caption\":\"Gesch\u00e4ftsteam diskutiert \u00fcber Finanzdiagramme und Berichte bei einer Besprechung. Planung und Analysekonzept.\"},{\"@type\":\"BreadcrumbList\",\"@id\":\"https:\/\/www.keelingsknowledge.com\/de\/erp-software\/gastronomie-lieferanten\/prognose-planung\/#breadcrumb\",\"itemListElement\":[{\"@type\":\"ListItem\",\"position\":1,\"name\":\"Home\",\"item\":\"https:\/\/www.keelingsknowledge.com\/de\/\"},{\"@type\":\"ListItem\",\"position\":2,\"name\":\"L\u00f6sungen\",\"item\":\"https:\/\/www.keelingsknowledge.com\/de\/erp-software\/\"},{\"@type\":\"ListItem\",\"position\":3,\"name\":\"Gastronomie-Belieferung\",\"item\":\"https:\/\/www.keelingsknowledge.com\/de\/erp-software\/gastronomie-lieferanten\/\"},{\"@type\":\"ListItem\",\"position\":4,\"name\":\"Prognose-Planung\"}]},{\"@type\":\"WebSite\",\"@id\":\"https:\/\/www.keelingsknowledge.com\/de\/#website\",\"url\":\"https:\/\/www.keelingsknowledge.com\/de\/\",\"name\":\"Keelings Knowledge\",\"description\":\"ERP Fresh Produce Solutions\",\"potentialAction\":[{\"@type\":\"SearchAction\",\"target\":{\"@type\":\"EntryPoint\",\"urlTemplate\":\"https:\/\/www.keelingsknowledge.com\/de\/?s={search_term_string}\"},\"query-input\":{\"@type\":\"PropertyValueSpecification\",\"valueRequired\":true,\"valueName\":\"search_term_string\"}}],\"inLanguage\":\"de-DE\"}]}<\/script>\n<!-- \/ Yoast SEO plugin. -->","yoast_head_json":{"title":"Prognosemodul f\u00fcr Gastronomie-Lieferanten| Keelings Knowledge","description":"Das Prognosemodul von Keelings Knowledge ERP hilft Gastronomie-Lieferanten besser zu planen und optimiert Prozesse der gesamten Lieferkette. Mehr lesen.","robots":{"index":"index","follow":"follow","max-snippet":"max-snippet:-1","max-image-preview":"max-image-preview:large","max-video-preview":"max-video-preview:-1"},"canonical":"https:\/\/www.keelingsknowledge.com\/de\/erp-software\/gastronomie-lieferanten\/prognose-planung\/","og_locale":"de_DE","og_type":"article","og_title":"Prognosemodul f\u00fcr Gastronomie-Lieferanten| Keelings Knowledge","og_description":"Das Prognosemodul von Keelings Knowledge ERP hilft Gastronomie-Lieferanten besser zu planen und optimiert Prozesse der gesamten Lieferkette. Mehr lesen.","og_url":"https:\/\/www.keelingsknowledge.com\/de\/erp-software\/gastronomie-lieferanten\/prognose-planung\/","og_site_name":"Keelings Knowledge","article_modified_time":"2019-02-27T15:45:16+00:00","og_image":[{"width":1920,"height":1080,"url":"https:\/\/www.keelingsknowledge.com\/wp-content\/uploads\/2018\/12\/Sales.jpg","type":"image\/jpeg"}],"twitter_card":"summary_large_image","twitter_site":"@Knowledge_ERP","twitter_misc":{"Gesch\u00e4tzte Lesezeit":"1 Minute"},"schema":{"@context":"https:\/\/schema.org","@graph":[{"@type":"WebPage","@id":"https:\/\/www.keelingsknowledge.com\/de\/erp-software\/gastronomie-lieferanten\/prognose-planung\/","url":"https:\/\/www.keelingsknowledge.com\/de\/erp-software\/gastronomie-lieferanten\/prognose-planung\/","name":"Prognosemodul f\u00fcr Gastronomie-Lieferanten| Keelings Knowledge","isPartOf":{"@id":"https:\/\/www.keelingsknowledge.com\/de\/#website"},"primaryImageOfPage":{"@id":"https:\/\/www.keelingsknowledge.com\/de\/erp-software\/gastronomie-lieferanten\/prognose-planung\/#primaryimage"},"image":{"@id":"https:\/\/www.keelingsknowledge.com\/de\/erp-software\/gastronomie-lieferanten\/prognose-planung\/#primaryimage"},"thumbnailUrl":"https:\/\/www.keelingsknowledge.com\/wp-content\/uploads\/2018\/12\/Sales.jpg","datePublished":"2018-12-11T22:54:57+00:00","dateModified":"2019-02-27T15:45:16+00:00","description":"Das Prognosemodul von Keelings Knowledge ERP hilft Gastronomie-Lieferanten besser zu planen und optimiert Prozesse der gesamten Lieferkette. Mehr lesen.","breadcrumb":{"@id":"https:\/\/www.keelingsknowledge.com\/de\/erp-software\/gastronomie-lieferanten\/prognose-planung\/#breadcrumb"},"inLanguage":"de-DE","potentialAction":[{"@type":"ReadAction","target":["https:\/\/www.keelingsknowledge.com\/de\/erp-software\/gastronomie-lieferanten\/prognose-planung\/"]}]},{"@type":"ImageObject","inLanguage":"de-DE","@id":"https:\/\/www.keelingsknowledge.com\/de\/erp-software\/gastronomie-lieferanten\/prognose-planung\/#primaryimage","url":"https:\/\/www.keelingsknowledge.com\/wp-content\/uploads\/2018\/12\/Sales.jpg","contentUrl":"https:\/\/www.keelingsknowledge.com\/wp-content\/uploads\/2018\/12\/Sales.jpg","width":1920,"height":1080,"caption":"Gesch\u00e4ftsteam diskutiert \u00fcber Finanzdiagramme und Berichte bei einer Besprechung. Planung und Analysekonzept."},{"@type":"BreadcrumbList","@id":"https:\/\/www.keelingsknowledge.com\/de\/erp-software\/gastronomie-lieferanten\/prognose-planung\/#breadcrumb","itemListElement":[{"@type":"ListItem","position":1,"name":"Home","item":"https:\/\/www.keelingsknowledge.com\/de\/"},{"@type":"ListItem","position":2,"name":"L\u00f6sungen","item":"https:\/\/www.keelingsknowledge.com\/de\/erp-software\/"},{"@type":"ListItem","position":3,"name":"Gastronomie-Belieferung","item":"https:\/\/www.keelingsknowledge.com\/de\/erp-software\/gastronomie-lieferanten\/"},{"@type":"ListItem","position":4,"name":"Prognose-Planung"}]},{"@type":"WebSite","@id":"https:\/\/www.keelingsknowledge.com\/de\/#website","url":"https:\/\/www.keelingsknowledge.com\/de\/","name":"Keelings Knowledge","description":"ERP Fresh Produce Solutions","potentialAction":[{"@type":"SearchAction","target":{"@type":"EntryPoint","urlTemplate":"https:\/\/www.keelingsknowledge.com\/de\/?s={search_term_string}"},"query-input":{"@type":"PropertyValueSpecification","valueRequired":true,"valueName":"search_term_string"}}],"inLanguage":"de-DE"}]}},"_links":{"self":[{"href":"https:\/\/www.keelingsknowledge.com\/de\/wp-json\/wp\/v2\/pages\/3946","targetHints":{"allow":["GET"]}}],"collection":[{"href":"https:\/\/www.keelingsknowledge.com\/de\/wp-json\/wp\/v2\/pages"}],"about":[{"href":"https:\/\/www.keelingsknowledge.com\/de\/wp-json\/wp\/v2\/types\/page"}],"author":[{"embeddable":true,"href":"https:\/\/www.keelingsknowledge.com\/de\/wp-json\/wp\/v2\/users\/1"}],"replies":[{"embeddable":true,"href":"https:\/\/www.keelingsknowledge.com\/de\/wp-json\/wp\/v2\/comments?post=3946"}],"version-history":[{"count":0,"href":"https:\/\/www.keelingsknowledge.com\/de\/wp-json\/wp\/v2\/pages\/3946\/revisions"}],"up":[{"embeddable":true,"href":"https:\/\/www.keelingsknowledge.com\/de\/wp-json\/wp\/v2\/pages\/3865"}],"wp:featuredmedia":[{"embeddable":true,"href":"https:\/\/www.keelingsknowledge.com\/de\/wp-json\/wp\/v2\/media\/2780"}],"wp:attachment":[{"href":"https:\/\/www.keelingsknowledge.com\/de\/wp-json\/wp\/v2\/media?parent=3946"}],"curies":[{"name":"wp","href":"https:\/\/api.w.org\/{rel}","templated":true}]}}