{"id":3954,"date":"2018-12-11T22:39:44","date_gmt":"2018-12-11T22:39:44","guid":{"rendered":"https:\/\/www.keelingsknowledge.com\/erp-software\/food-service\/production-control\/"},"modified":"2019-02-27T15:55:17","modified_gmt":"2019-02-27T15:55:17","slug":"produktion","status":"publish","type":"page","link":"https:\/\/www.keelingsknowledge.com\/de\/erp-software\/gastronomie-lieferanten\/produktion\/","title":{"rendered":"Produktion"},"content":{"rendered":"<h2>\n\t\tGastronomie-Belieferung\n\t<\/h2>\n<h1>\n\t\tProduktion\n\t<\/h1>\n\t<h4>Produktion<\/h4>\n<p>Hotels und Restaurants stellen immer h\u00f6here Anforderungen an Qualit\u00e4t, Transparenz und Information, um den Anspr\u00fcchen Ihrer Kunden gerecht zu werden. Ihre Systeme m\u00fcssen Ihrem Unternehmen helfen, all diese Anforderungen Ihrer Kunden zu erf\u00fcllen.<\/p>\n<p>Dazu ben\u00f6tigen Sie Funktionen f\u00fcr die Betriebsf\u00fchrung und Bestandsauswahl, die Verwaltung von Einnahmen und Abf\u00e4llen, die Arbeitseffizienz und die Zuordnung der Produktionskosten auf Ebene der SKU.<\/p>\n\t<h4>Vorteile<\/h4>\n<ul>\n<li>Ertragsmanagement &#8211; Klasse 1 und allgemein<\/li>\n<li>Abfallwirtschaft<\/li>\n<li>Effizienz der Arbeitskosten<\/li>\n<li>Status der Auftragserf\u00fcllung in Echtzeit<\/li>\n<li>Echtzeit-Bestandsposition<\/li>\n<li>M\u00f6glichkeit der Integration mit Systemen von Kunden \u00fcber EDI und ASNs<\/li>\n<li>Fr\u00fcherkennung von Abweichungen von Kundenspezifikationen im gesamten Produktionsprozess<\/li>\n<li>M\u00f6glichkeit der Erbringung von Dienstleistungen f\u00fcr Endkunden (Verpackung, Sortierung, Versendung)<\/li>\n<li>T\u00e4gliche Rentabilit\u00e4t auf SKU-Ebene<\/li>\n<li>Erfassen Sie Arbeitsdaten, um bessere Entscheidungen schneller treffen zu k\u00f6nnen<\/li>\n<\/ul>\n\t<h4>Funktionen<\/h4>\n<ul>\n<li>RF-Scanning mit Barcode-Technologie<\/li>\n<li>Mobile Kommissionierung (Auftragszuordnung) f\u00fcr Produktion und Versand<\/li>\n<li>Online-Touchscreens mit Ein- und Ausgabe der Ware auf Maschinenebene<\/li>\n<li>Produktionsklassifizierung &#8211; mehrere Formen des Endprodukts<\/li>\n<li>Endprodukt, welches verschiedene Produkte enth\u00e4lt &#8211; gemischte Formen<\/li>\n<li>Auftragszuordnung und Verpackungsplanung f\u00fcr die Produktion<\/li>\n<li>Online-Etikettenpr\u00fcfung des Endprodukts (einschlie\u00dflich Validierung der Depotdaten)<\/li>\n<li>Umfassendes Modul zur Berechnung der Produktionskosten, einschlie\u00dflich Rohmaterialien, Arbeit (direkt \/ indirekt)<\/li>\n<li>Verpackung und Gemeinkosten auf SKU-Ebene<\/li>\n<li>Produktionsklasse II, Verarbeitungs- &amp; Abfall-Management<\/li>\n<li>Management der Produktspezifikationen f\u00fcr Kunden<\/li>\n<li>Produktionsauftr\u00e4ge auf Maschinenebene generieren und zuordnen<\/li>\n<li>Produktionsplanung auf Ebene der Produktlinien<\/li>\n<li>Echtzeit-\u00dcbersicht in den Fertigungsauftragsstatus auf Supervisor-Ebene<\/li>\n<li>Zuteilung und Verbrauch von Verpackungen<\/li>\n<li>Modul \/ Schnittstelle zum Bestellen von Etiketten f\u00fcr das Endprodukt<\/li>\n<li>Produktionsspezifisches BI-Modul<\/li>\n<li>Unterst\u00fctzt vertragliches Verpacken und andere Dienstleistungen auf Provision<\/li>\n<li>Ertragsmanagement der Produktion nach St\u00fcck \/ Gewicht<\/li>\n<li>Klassifizierung \/ Sortierung der Ertr\u00e4ge von Erzeugern<\/li>\n<li>Mehrere Produktmerkmale m\u00f6glich<\/li>\n<li>Lagertrennung f\u00fcr die Bestandsverwaltung von Dritten<\/li>\n<li>Versandetiketten erstellen<\/li>\n<\/ul>\n<h3>\n\t\tAlle Module f\u00fcr Gastronomie-Lieferanten\n\t<\/h3>\n<h3>\n\t<\/h3>\n\t<h3>Einkauf<\/h3>\n<h3>\n\t<\/h3>\n\t<h3>Logistik<\/h3>\n<h3>\n\t<\/h3>\n\t<h3>Qualit\u00e4t<\/h3>\n<h3>\n\t<\/h3>\n\t<h3>Lebensmittelsicherheit<\/h3>\n<h3>\n\t<\/h3>\n\t<h3>Produktion<\/h3>\n<h3>\n\t<\/h3>\n\t<h3>Verkauf<\/h3>\n<h3>\n\t<\/h3>\n\t<h3>Lagerverwaltung<\/h3>\n<h3>\n\t<\/h3>\n\t<h3>Warehouse Management System<\/h3>\n<h3>\n\t<\/h3>\n\t<h3>Prognose-<\/h3>\n<h3>Planung<\/h3>\n<h3>\n\t<\/h3>\n\t<h3>Finanzwesen<\/h3>\n<h3>\n\t<\/h3>\n\t<h3>Business Intelligence<\/h3>\n\t<a href=\"\/?page_id=3835\">\n        <h3>Downloads<\/h3>\n            <h4>Brosch\u00fcre herunterladen<\/h4>\n<\/a>\n\t<a href=\"https:\/\/www.keelingsknowledge.com\/en\/10-tips-choosing-erp-software\/\">\n        <h3>Tipps<\/h3>\n            <h4>10 Tipps f\u00fcr die ERP-Auswahl<\/h4>\n<\/a>\n","protected":false},"excerpt":{"rendered":"<p>Gastronomie-Belieferung Produktion Produktion Hotels und Restaurants stellen immer h\u00f6here Anforderungen an Qualit\u00e4t, Transparenz und Information, um den Anspr\u00fcchen Ihrer Kunden gerecht zu werden. Ihre Systeme m\u00fcssen Ihrem Unternehmen helfen, all diese Anforderungen Ihrer Kunden zu erf\u00fcllen. Dazu ben\u00f6tigen Sie Funktionen f\u00fcr die Betriebsf\u00fchrung und Bestandsauswahl, die Verwaltung von Einnahmen und Abf\u00e4llen, die Arbeitseffizienz und die [&hellip;]<\/p>\n","protected":false},"author":1,"featured_media":3516,"parent":3865,"menu_order":0,"comment_status":"closed","ping_status":"closed","template":"full_width.php","meta":{"_genesis_hide_title":false,"_genesis_hide_breadcrumbs":false,"_genesis_hide_singular_image":false,"_genesis_hide_footer_widgets":false,"_genesis_custom_body_class":"","_genesis_custom_post_class":"","_genesis_layout":"","footnotes":""},"class_list":{"0":"post-3954","1":"page","2":"type-page","3":"status-publish","4":"has-post-thumbnail","6":"entry"},"yoast_head":"<!-- This site is optimized with the Yoast SEO plugin v26.2 - https:\/\/yoast.com\/wordpress\/plugins\/seo\/ -->\n<title>Produktionsmodul f\u00fcr Gastronomie-Lieferanten | Keelings Knowledge<\/title>\n<meta name=\"description\" content=\"Das Produktionsmodul von Keelings Knowledge ERP optimiert die Produktion f\u00fcr Gastronomie-Lieferanten durch detaillierte Echtzeit-Informationen. Mehr lesen.\" \/>\n<meta name=\"robots\" content=\"index, follow, max-snippet:-1, max-image-preview:large, max-video-preview:-1\" \/>\n<link rel=\"canonical\" href=\"https:\/\/www.keelingsknowledge.com\/de\/erp-software\/gastronomie-lieferanten\/produktion\/\" \/>\n<meta property=\"og:locale\" content=\"de_DE\" \/>\n<meta property=\"og:type\" content=\"article\" \/>\n<meta property=\"og:title\" content=\"Produktionsmodul f\u00fcr Gastronomie-Lieferanten | Keelings Knowledge\" \/>\n<meta property=\"og:description\" content=\"Das Produktionsmodul von Keelings Knowledge ERP optimiert die Produktion f\u00fcr Gastronomie-Lieferanten durch detaillierte Echtzeit-Informationen. Mehr lesen.\" \/>\n<meta property=\"og:url\" content=\"https:\/\/www.keelingsknowledge.com\/de\/erp-software\/gastronomie-lieferanten\/produktion\/\" \/>\n<meta property=\"og:site_name\" content=\"Keelings Knowledge\" \/>\n<meta property=\"article:modified_time\" content=\"2019-02-27T15:55:17+00:00\" \/>\n<meta property=\"og:image\" content=\"https:\/\/www.keelingsknowledge.com\/wp-content\/uploads\/2019\/01\/Keelings-Knowledge-Production.jpg\" \/>\n\t<meta property=\"og:image:width\" content=\"1920\" \/>\n\t<meta property=\"og:image:height\" content=\"1080\" \/>\n\t<meta property=\"og:image:type\" content=\"image\/jpeg\" \/>\n<meta name=\"twitter:card\" content=\"summary_large_image\" \/>\n<meta name=\"twitter:site\" content=\"@Knowledge_ERP\" \/>\n<meta name=\"twitter:label1\" content=\"Gesch\u00e4tzte Lesezeit\" \/>\n\t<meta name=\"twitter:data1\" content=\"2 Minuten\" \/>\n<script type=\"application\/ld+json\" class=\"yoast-schema-graph\">{\"@context\":\"https:\/\/schema.org\",\"@graph\":[{\"@type\":\"WebPage\",\"@id\":\"https:\/\/www.keelingsknowledge.com\/de\/erp-software\/gastronomie-lieferanten\/produktion\/\",\"url\":\"https:\/\/www.keelingsknowledge.com\/de\/erp-software\/gastronomie-lieferanten\/produktion\/\",\"name\":\"Produktionsmodul f\u00fcr Gastronomie-Lieferanten | Keelings Knowledge\",\"isPartOf\":{\"@id\":\"https:\/\/www.keelingsknowledge.com\/de\/#website\"},\"primaryImageOfPage\":{\"@id\":\"https:\/\/www.keelingsknowledge.com\/de\/erp-software\/gastronomie-lieferanten\/produktion\/#primaryimage\"},\"image\":{\"@id\":\"https:\/\/www.keelingsknowledge.com\/de\/erp-software\/gastronomie-lieferanten\/produktion\/#primaryimage\"},\"thumbnailUrl\":\"https:\/\/www.keelingsknowledge.com\/wp-content\/uploads\/2019\/01\/Keelings-Knowledge-Production.jpg\",\"datePublished\":\"2018-12-11T22:39:44+00:00\",\"dateModified\":\"2019-02-27T15:55:17+00:00\",\"description\":\"Das Produktionsmodul von Keelings Knowledge ERP optimiert die Produktion f\u00fcr Gastronomie-Lieferanten durch detaillierte Echtzeit-Informationen. Mehr lesen.\",\"breadcrumb\":{\"@id\":\"https:\/\/www.keelingsknowledge.com\/de\/erp-software\/gastronomie-lieferanten\/produktion\/#breadcrumb\"},\"inLanguage\":\"de-DE\",\"potentialAction\":[{\"@type\":\"ReadAction\",\"target\":[\"https:\/\/www.keelingsknowledge.com\/de\/erp-software\/gastronomie-lieferanten\/produktion\/\"]}]},{\"@type\":\"ImageObject\",\"inLanguage\":\"de-DE\",\"@id\":\"https:\/\/www.keelingsknowledge.com\/de\/erp-software\/gastronomie-lieferanten\/produktion\/#primaryimage\",\"url\":\"https:\/\/www.keelingsknowledge.com\/wp-content\/uploads\/2019\/01\/Keelings-Knowledge-Production.jpg\",\"contentUrl\":\"https:\/\/www.keelingsknowledge.com\/wp-content\/uploads\/2019\/01\/Keelings-Knowledge-Production.jpg\",\"width\":1920,\"height\":1080,\"caption\":\"Frische Blaubeeren auf einem F\u00f6rderband in einer Lebensmittelverarbeitungsanlage. Ideal f\u00fcr gesunde Ern\u00e4hrung.\"},{\"@type\":\"BreadcrumbList\",\"@id\":\"https:\/\/www.keelingsknowledge.com\/de\/erp-software\/gastronomie-lieferanten\/produktion\/#breadcrumb\",\"itemListElement\":[{\"@type\":\"ListItem\",\"position\":1,\"name\":\"Home\",\"item\":\"https:\/\/www.keelingsknowledge.com\/de\/\"},{\"@type\":\"ListItem\",\"position\":2,\"name\":\"L\u00f6sungen\",\"item\":\"https:\/\/www.keelingsknowledge.com\/de\/erp-software\/\"},{\"@type\":\"ListItem\",\"position\":3,\"name\":\"Gastronomie-Belieferung\",\"item\":\"https:\/\/www.keelingsknowledge.com\/de\/erp-software\/gastronomie-lieferanten\/\"},{\"@type\":\"ListItem\",\"position\":4,\"name\":\"Produktion\"}]},{\"@type\":\"WebSite\",\"@id\":\"https:\/\/www.keelingsknowledge.com\/de\/#website\",\"url\":\"https:\/\/www.keelingsknowledge.com\/de\/\",\"name\":\"Keelings Knowledge\",\"description\":\"ERP Fresh Produce Solutions\",\"potentialAction\":[{\"@type\":\"SearchAction\",\"target\":{\"@type\":\"EntryPoint\",\"urlTemplate\":\"https:\/\/www.keelingsknowledge.com\/de\/?s={search_term_string}\"},\"query-input\":{\"@type\":\"PropertyValueSpecification\",\"valueRequired\":true,\"valueName\":\"search_term_string\"}}],\"inLanguage\":\"de-DE\"}]}<\/script>\n<!-- \/ Yoast SEO plugin. -->","yoast_head_json":{"title":"Produktionsmodul f\u00fcr Gastronomie-Lieferanten | Keelings Knowledge","description":"Das Produktionsmodul von Keelings Knowledge ERP optimiert die Produktion f\u00fcr Gastronomie-Lieferanten durch detaillierte Echtzeit-Informationen. Mehr lesen.","robots":{"index":"index","follow":"follow","max-snippet":"max-snippet:-1","max-image-preview":"max-image-preview:large","max-video-preview":"max-video-preview:-1"},"canonical":"https:\/\/www.keelingsknowledge.com\/de\/erp-software\/gastronomie-lieferanten\/produktion\/","og_locale":"de_DE","og_type":"article","og_title":"Produktionsmodul f\u00fcr Gastronomie-Lieferanten | Keelings Knowledge","og_description":"Das Produktionsmodul von Keelings Knowledge ERP optimiert die Produktion f\u00fcr Gastronomie-Lieferanten durch detaillierte Echtzeit-Informationen. Mehr lesen.","og_url":"https:\/\/www.keelingsknowledge.com\/de\/erp-software\/gastronomie-lieferanten\/produktion\/","og_site_name":"Keelings Knowledge","article_modified_time":"2019-02-27T15:55:17+00:00","og_image":[{"width":1920,"height":1080,"url":"https:\/\/www.keelingsknowledge.com\/wp-content\/uploads\/2019\/01\/Keelings-Knowledge-Production.jpg","type":"image\/jpeg"}],"twitter_card":"summary_large_image","twitter_site":"@Knowledge_ERP","twitter_misc":{"Gesch\u00e4tzte Lesezeit":"2 Minuten"},"schema":{"@context":"https:\/\/schema.org","@graph":[{"@type":"WebPage","@id":"https:\/\/www.keelingsknowledge.com\/de\/erp-software\/gastronomie-lieferanten\/produktion\/","url":"https:\/\/www.keelingsknowledge.com\/de\/erp-software\/gastronomie-lieferanten\/produktion\/","name":"Produktionsmodul f\u00fcr Gastronomie-Lieferanten | Keelings Knowledge","isPartOf":{"@id":"https:\/\/www.keelingsknowledge.com\/de\/#website"},"primaryImageOfPage":{"@id":"https:\/\/www.keelingsknowledge.com\/de\/erp-software\/gastronomie-lieferanten\/produktion\/#primaryimage"},"image":{"@id":"https:\/\/www.keelingsknowledge.com\/de\/erp-software\/gastronomie-lieferanten\/produktion\/#primaryimage"},"thumbnailUrl":"https:\/\/www.keelingsknowledge.com\/wp-content\/uploads\/2019\/01\/Keelings-Knowledge-Production.jpg","datePublished":"2018-12-11T22:39:44+00:00","dateModified":"2019-02-27T15:55:17+00:00","description":"Das Produktionsmodul von Keelings Knowledge ERP optimiert die Produktion f\u00fcr Gastronomie-Lieferanten durch detaillierte Echtzeit-Informationen. Mehr lesen.","breadcrumb":{"@id":"https:\/\/www.keelingsknowledge.com\/de\/erp-software\/gastronomie-lieferanten\/produktion\/#breadcrumb"},"inLanguage":"de-DE","potentialAction":[{"@type":"ReadAction","target":["https:\/\/www.keelingsknowledge.com\/de\/erp-software\/gastronomie-lieferanten\/produktion\/"]}]},{"@type":"ImageObject","inLanguage":"de-DE","@id":"https:\/\/www.keelingsknowledge.com\/de\/erp-software\/gastronomie-lieferanten\/produktion\/#primaryimage","url":"https:\/\/www.keelingsknowledge.com\/wp-content\/uploads\/2019\/01\/Keelings-Knowledge-Production.jpg","contentUrl":"https:\/\/www.keelingsknowledge.com\/wp-content\/uploads\/2019\/01\/Keelings-Knowledge-Production.jpg","width":1920,"height":1080,"caption":"Frische Blaubeeren auf einem F\u00f6rderband in einer Lebensmittelverarbeitungsanlage. Ideal f\u00fcr gesunde Ern\u00e4hrung."},{"@type":"BreadcrumbList","@id":"https:\/\/www.keelingsknowledge.com\/de\/erp-software\/gastronomie-lieferanten\/produktion\/#breadcrumb","itemListElement":[{"@type":"ListItem","position":1,"name":"Home","item":"https:\/\/www.keelingsknowledge.com\/de\/"},{"@type":"ListItem","position":2,"name":"L\u00f6sungen","item":"https:\/\/www.keelingsknowledge.com\/de\/erp-software\/"},{"@type":"ListItem","position":3,"name":"Gastronomie-Belieferung","item":"https:\/\/www.keelingsknowledge.com\/de\/erp-software\/gastronomie-lieferanten\/"},{"@type":"ListItem","position":4,"name":"Produktion"}]},{"@type":"WebSite","@id":"https:\/\/www.keelingsknowledge.com\/de\/#website","url":"https:\/\/www.keelingsknowledge.com\/de\/","name":"Keelings Knowledge","description":"ERP Fresh Produce Solutions","potentialAction":[{"@type":"SearchAction","target":{"@type":"EntryPoint","urlTemplate":"https:\/\/www.keelingsknowledge.com\/de\/?s={search_term_string}"},"query-input":{"@type":"PropertyValueSpecification","valueRequired":true,"valueName":"search_term_string"}}],"inLanguage":"de-DE"}]}},"_links":{"self":[{"href":"https:\/\/www.keelingsknowledge.com\/de\/wp-json\/wp\/v2\/pages\/3954","targetHints":{"allow":["GET"]}}],"collection":[{"href":"https:\/\/www.keelingsknowledge.com\/de\/wp-json\/wp\/v2\/pages"}],"about":[{"href":"https:\/\/www.keelingsknowledge.com\/de\/wp-json\/wp\/v2\/types\/page"}],"author":[{"embeddable":true,"href":"https:\/\/www.keelingsknowledge.com\/de\/wp-json\/wp\/v2\/users\/1"}],"replies":[{"embeddable":true,"href":"https:\/\/www.keelingsknowledge.com\/de\/wp-json\/wp\/v2\/comments?post=3954"}],"version-history":[{"count":0,"href":"https:\/\/www.keelingsknowledge.com\/de\/wp-json\/wp\/v2\/pages\/3954\/revisions"}],"up":[{"embeddable":true,"href":"https:\/\/www.keelingsknowledge.com\/de\/wp-json\/wp\/v2\/pages\/3865"}],"wp:featuredmedia":[{"embeddable":true,"href":"https:\/\/www.keelingsknowledge.com\/de\/wp-json\/wp\/v2\/media\/3516"}],"wp:attachment":[{"href":"https:\/\/www.keelingsknowledge.com\/de\/wp-json\/wp\/v2\/media?parent=3954"}],"curies":[{"name":"wp","href":"https:\/\/api.w.org\/{rel}","templated":true}]}}