{"id":3967,"date":"2018-12-11T03:43:16","date_gmt":"2018-12-11T03:43:16","guid":{"rendered":"https:\/\/www.keelingsknowledge.com\/erp-software\/international-trading\/sales-module\/"},"modified":"2019-02-27T15:31:10","modified_gmt":"2019-02-27T15:31:10","slug":"verkauf","status":"publish","type":"page","link":"https:\/\/www.keelingsknowledge.com\/de\/erp-software\/internationaler-handel\/verkauf\/","title":{"rendered":"Verkauf"},"content":{"rendered":"<h2>\n\t\tInternationaler Handel\n\t<\/h2>\n<h1>\n\t\tVerkauf\n\t<\/h1>\n\t<h4>Verkauf<\/h4>\n<p>M\u00f6chten Sie Ihre Kunden effizient verwalten, um die Verkaufszahlen und den Umsatz Ihres Unternehmens zu steigern? In einer dynamischen Umgebung ist es wichtig, alle notwendigen Informationen in Echtzeit an einem Ort zu haben. Keelings Knowledge stellt sicher, dass diese Informationen genau, zuverl\u00e4ssig und schnell verf\u00fcgbar sind.<\/p>\n<p>Sorgen Sie mit unserer in der Branche f\u00fchrenden ERP-Software f\u00fcr den internationalen Obst- und Gem\u00fcsehandel f\u00fcr mehr Kontrolle und Genauigkeit bei Ihren Gesch\u00e4ftsentscheidungen. Optimieren Sie Ihre Vertriebsprozesse dahingehend, Ihre Kunden durchg\u00e4ngig zufriedenzustellen. Wir haben neunzig Jahre Erfahrung im Obst- und Gem\u00fcsehandel, sodass Sie sicher sein k\u00f6nnen, dass Sie Zugang zu dem wohl besten branchenspezifischen Verkaufsmodul haben. Dabei spielt es keine Rolle, ob Ihr Kunde ein Einzelh\u00e4ndler, ein internationales Handelsunternehmen oder ein Gastronomie-Lieferservice: Unser Vertriebsmodul kann f\u00fcr einen oder alle Typen konfiguriert werden.<\/p>\n\t<h4>Vorteile<\/h4>\n<ul>\n<li>Auf Knopfdruck genaue Echtzeit-Inventardaten<\/li>\n<li>Einfache, auf Regeln basierende Kosteneinstellung, bei der alle Berechnungsvariationen m\u00f6glich sind<\/li>\n<li>Verkaufen Sie von dem Bestand einer zu erwartenden Lieferung<\/li>\n<li>Verkaufen Sie Ware in verschiedenen Ma\u00dfeinheiten<\/li>\n<li>Bestimmen Sie das Gewicht f\u00fcr SKUs, die nach Gewicht verkauft werden<\/li>\n<li>Einfaches CRM, um sicherzustellen, dass kein Kunde vergessen wird<\/li>\n<li>Genaue Aufzeichnung gebrauchter Verpackungen<\/li>\n<li>Unterst\u00fctzt Mietkosten und Leergutkalkulationen f\u00fcr Verpackungen<\/li>\n<\/ul>\n\t<h4>Funktionen<\/h4>\n<ul>\n<li>Unterst\u00fctzt den Verkaufsfluss f\u00fcr Direktverk\u00e4ufe, Produktionsverk\u00e4ufe oder den Verkauf von zu erwartenden Lieferungen<\/li>\n<li>Einfache Bestellung ab Lager durch den Kunden<\/li>\n<li>Unterst\u00fctzt Preislisten f\u00fcr Angebote<\/li>\n<li>Umfangreiches Kostenmodell zur Berechnung des Bruttopreises f\u00fcr den Kunden<\/li>\n<li>Verwaltung von Reklamationen und Annahmeverweigerungen durch den Kunden<\/li>\n<li>Lebensmittelsicherheitskontrollen<\/li>\n<li>Unterst\u00fctzt die Verwaltung von Kundenbeschwerden<\/li>\n<li>Zeichnet Umsatzprognosen auf<\/li>\n<li>Unterst\u00fctzt die Reservierung bestimmter Ware<\/li>\n<li>Vollst\u00e4ndiger Pr\u00fcfpfad von Auftrags\u00e4nderungen<\/li>\n<li>EDI-, ASN- und XML-Kommunikation<\/li>\n<li>Sperrung von Kundenkonten, bei denen der Kreditrahmen ausgesch\u00f6pft ist<\/li>\n<li>Qualit\u00e4tsinformationen verf\u00fcgbar, um Produktabweichungen von Kundenspezifikationen anzuzeigen<\/li>\n<\/ul>\n<h3>\n\t\tAlle Module f\u00fcr den internationalen Handel\n\t<\/h3>\n<h3>\n\t<\/h3>\n\t<h3>Einkauf<\/h3>\n<h3>\n\t\t<a href=\"#\" title=\"\" target=\"_self\">\n\t\t<\/a>\n\t<\/h3>\n\t<h3>Logistik<\/h3>\n<h3>\n\t<\/h3>\n\t<h3>Qualit\u00e4t<\/h3>\n<h3>\n\t<\/h3>\n\t<h3>Lebensmittelsicherheit<\/h3>\n<h3>\n\t<\/h3>\n\t<h3>Produktion<\/h3>\n<h3>\n\t<\/h3>\n\t<h3>Verkauf<\/h3>\n<h3>\n\t<\/h3>\n\t<h3>Lagerverwaltung<\/h3>\n<h3>\n\t<\/h3>\n\t<h3>Warehouse Management System<\/h3>\n<h3>\n\t<\/h3>\n\t<h3>Planung und<\/h3>\n<h3>Prognose<\/h3>\n<h3>\n\t<\/h3>\n\t<h3>Finanzwesen<\/h3>\n<h3>\n\t<\/h3>\n\t<h3>Business Intelligence<\/h3>\n<h3>\n\t<\/h3>\n\t<h3>Zollabwicklung \/ Zolllager<\/h3>\n\t<a href=\"\/?page_id=3835\">\n        <h3>Downloads<\/h3>\n            <h4>Brosch\u00fcre herunterladen<\/h4>\n<\/a>\n\t<a href=\"https:\/\/www.keelingsknowledge.com\/en\/10-tips-choosing-erp-software\/\">\n        <h3>Tipps<\/h3>\n            <h4>10 Tipps f\u00fcr die ERP-Auswahl<\/h4>\n<\/a>\n","protected":false},"excerpt":{"rendered":"<p>Internationaler Handel Verkauf Verkauf M\u00f6chten Sie Ihre Kunden effizient verwalten, um die Verkaufszahlen und den Umsatz Ihres Unternehmens zu steigern? In einer dynamischen Umgebung ist es wichtig, alle notwendigen Informationen in Echtzeit an einem Ort zu haben. Keelings Knowledge stellt sicher, dass diese Informationen genau, zuverl\u00e4ssig und schnell verf\u00fcgbar sind. Sorgen Sie mit unserer in [&hellip;]<\/p>\n","protected":false},"author":1,"featured_media":2780,"parent":3866,"menu_order":0,"comment_status":"closed","ping_status":"closed","template":"full_width.php","meta":{"_genesis_hide_title":false,"_genesis_hide_breadcrumbs":false,"_genesis_hide_singular_image":false,"_genesis_hide_footer_widgets":false,"_genesis_custom_body_class":"","_genesis_custom_post_class":"","_genesis_layout":"","footnotes":""},"class_list":{"0":"post-3967","1":"page","2":"type-page","3":"status-publish","4":"has-post-thumbnail","6":"entry"},"yoast_head":"<!-- This site is optimized with the Yoast SEO plugin v26.2 - https:\/\/yoast.com\/wordpress\/plugins\/seo\/ -->\n<title>Verkaufsmodul f\u00fcr Internationalen Handel | Keelings Knowledge<\/title>\n<meta name=\"description\" content=\"Das Verkaufsmodul von Keelings Knowledge ERP hilft Betrieben im Internationalen Handels, Kundenbeziehungen besser zu verwalten und den Umsatz zu steigern.\" \/>\n<meta name=\"robots\" content=\"index, follow, max-snippet:-1, max-image-preview:large, max-video-preview:-1\" \/>\n<link rel=\"canonical\" href=\"https:\/\/www.keelingsknowledge.com\/de\/erp-software\/internationaler-handel\/verkauf\/\" \/>\n<meta property=\"og:locale\" content=\"de_DE\" \/>\n<meta property=\"og:type\" content=\"article\" \/>\n<meta property=\"og:title\" content=\"Verkaufsmodul f\u00fcr Internationalen Handel | Keelings Knowledge\" \/>\n<meta property=\"og:description\" content=\"Das Verkaufsmodul von Keelings Knowledge ERP hilft Betrieben im Internationalen Handels, Kundenbeziehungen besser zu verwalten und den Umsatz zu steigern.\" \/>\n<meta property=\"og:url\" content=\"https:\/\/www.keelingsknowledge.com\/de\/erp-software\/internationaler-handel\/verkauf\/\" \/>\n<meta property=\"og:site_name\" content=\"Keelings Knowledge\" \/>\n<meta property=\"article:modified_time\" content=\"2019-02-27T15:31:10+00:00\" \/>\n<meta property=\"og:image\" content=\"https:\/\/www.keelingsknowledge.com\/wp-content\/uploads\/2018\/12\/Sales.jpg\" \/>\n\t<meta property=\"og:image:width\" content=\"1920\" \/>\n\t<meta property=\"og:image:height\" content=\"1080\" \/>\n\t<meta property=\"og:image:type\" content=\"image\/jpeg\" \/>\n<meta name=\"twitter:card\" content=\"summary_large_image\" \/>\n<meta name=\"twitter:site\" content=\"@Knowledge_ERP\" \/>\n<meta name=\"twitter:label1\" content=\"Gesch\u00e4tzte Lesezeit\" \/>\n\t<meta name=\"twitter:data1\" content=\"2 Minuten\" \/>\n<script type=\"application\/ld+json\" class=\"yoast-schema-graph\">{\"@context\":\"https:\/\/schema.org\",\"@graph\":[{\"@type\":\"WebPage\",\"@id\":\"https:\/\/www.keelingsknowledge.com\/de\/erp-software\/internationaler-handel\/verkauf\/\",\"url\":\"https:\/\/www.keelingsknowledge.com\/de\/erp-software\/internationaler-handel\/verkauf\/\",\"name\":\"Verkaufsmodul f\u00fcr Internationalen Handel | Keelings Knowledge\",\"isPartOf\":{\"@id\":\"https:\/\/www.keelingsknowledge.com\/de\/#website\"},\"primaryImageOfPage\":{\"@id\":\"https:\/\/www.keelingsknowledge.com\/de\/erp-software\/internationaler-handel\/verkauf\/#primaryimage\"},\"image\":{\"@id\":\"https:\/\/www.keelingsknowledge.com\/de\/erp-software\/internationaler-handel\/verkauf\/#primaryimage\"},\"thumbnailUrl\":\"https:\/\/www.keelingsknowledge.com\/wp-content\/uploads\/2018\/12\/Sales.jpg\",\"datePublished\":\"2018-12-11T03:43:16+00:00\",\"dateModified\":\"2019-02-27T15:31:10+00:00\",\"description\":\"Das Verkaufsmodul von Keelings Knowledge ERP hilft Betrieben im Internationalen Handels, Kundenbeziehungen besser zu verwalten und den Umsatz zu steigern.\",\"breadcrumb\":{\"@id\":\"https:\/\/www.keelingsknowledge.com\/de\/erp-software\/internationaler-handel\/verkauf\/#breadcrumb\"},\"inLanguage\":\"de-DE\",\"potentialAction\":[{\"@type\":\"ReadAction\",\"target\":[\"https:\/\/www.keelingsknowledge.com\/de\/erp-software\/internationaler-handel\/verkauf\/\"]}]},{\"@type\":\"ImageObject\",\"inLanguage\":\"de-DE\",\"@id\":\"https:\/\/www.keelingsknowledge.com\/de\/erp-software\/internationaler-handel\/verkauf\/#primaryimage\",\"url\":\"https:\/\/www.keelingsknowledge.com\/wp-content\/uploads\/2018\/12\/Sales.jpg\",\"contentUrl\":\"https:\/\/www.keelingsknowledge.com\/wp-content\/uploads\/2018\/12\/Sales.jpg\",\"width\":1920,\"height\":1080,\"caption\":\"Gesch\u00e4ftsteam diskutiert \u00fcber Finanzdiagramme und Berichte bei einer Besprechung. Planung und Analysekonzept.\"},{\"@type\":\"BreadcrumbList\",\"@id\":\"https:\/\/www.keelingsknowledge.com\/de\/erp-software\/internationaler-handel\/verkauf\/#breadcrumb\",\"itemListElement\":[{\"@type\":\"ListItem\",\"position\":1,\"name\":\"Home\",\"item\":\"https:\/\/www.keelingsknowledge.com\/de\/\"},{\"@type\":\"ListItem\",\"position\":2,\"name\":\"L\u00f6sungen\",\"item\":\"https:\/\/www.keelingsknowledge.com\/de\/erp-software\/\"},{\"@type\":\"ListItem\",\"position\":3,\"name\":\"Internationaler Handel\",\"item\":\"https:\/\/www.keelingsknowledge.com\/de\/erp-software\/internationaler-handel\/\"},{\"@type\":\"ListItem\",\"position\":4,\"name\":\"Verkauf\"}]},{\"@type\":\"WebSite\",\"@id\":\"https:\/\/www.keelingsknowledge.com\/de\/#website\",\"url\":\"https:\/\/www.keelingsknowledge.com\/de\/\",\"name\":\"Keelings Knowledge\",\"description\":\"ERP Fresh Produce Solutions\",\"potentialAction\":[{\"@type\":\"SearchAction\",\"target\":{\"@type\":\"EntryPoint\",\"urlTemplate\":\"https:\/\/www.keelingsknowledge.com\/de\/?s={search_term_string}\"},\"query-input\":{\"@type\":\"PropertyValueSpecification\",\"valueRequired\":true,\"valueName\":\"search_term_string\"}}],\"inLanguage\":\"de-DE\"}]}<\/script>\n<!-- \/ Yoast SEO plugin. -->","yoast_head_json":{"title":"Verkaufsmodul f\u00fcr Internationalen Handel | Keelings Knowledge","description":"Das Verkaufsmodul von Keelings Knowledge ERP hilft Betrieben im Internationalen Handels, Kundenbeziehungen besser zu verwalten und den Umsatz zu steigern.","robots":{"index":"index","follow":"follow","max-snippet":"max-snippet:-1","max-image-preview":"max-image-preview:large","max-video-preview":"max-video-preview:-1"},"canonical":"https:\/\/www.keelingsknowledge.com\/de\/erp-software\/internationaler-handel\/verkauf\/","og_locale":"de_DE","og_type":"article","og_title":"Verkaufsmodul f\u00fcr Internationalen Handel | Keelings Knowledge","og_description":"Das Verkaufsmodul von Keelings Knowledge ERP hilft Betrieben im Internationalen Handels, Kundenbeziehungen besser zu verwalten und den Umsatz zu steigern.","og_url":"https:\/\/www.keelingsknowledge.com\/de\/erp-software\/internationaler-handel\/verkauf\/","og_site_name":"Keelings Knowledge","article_modified_time":"2019-02-27T15:31:10+00:00","og_image":[{"width":1920,"height":1080,"url":"https:\/\/www.keelingsknowledge.com\/wp-content\/uploads\/2018\/12\/Sales.jpg","type":"image\/jpeg"}],"twitter_card":"summary_large_image","twitter_site":"@Knowledge_ERP","twitter_misc":{"Gesch\u00e4tzte Lesezeit":"2 Minuten"},"schema":{"@context":"https:\/\/schema.org","@graph":[{"@type":"WebPage","@id":"https:\/\/www.keelingsknowledge.com\/de\/erp-software\/internationaler-handel\/verkauf\/","url":"https:\/\/www.keelingsknowledge.com\/de\/erp-software\/internationaler-handel\/verkauf\/","name":"Verkaufsmodul f\u00fcr Internationalen Handel | Keelings Knowledge","isPartOf":{"@id":"https:\/\/www.keelingsknowledge.com\/de\/#website"},"primaryImageOfPage":{"@id":"https:\/\/www.keelingsknowledge.com\/de\/erp-software\/internationaler-handel\/verkauf\/#primaryimage"},"image":{"@id":"https:\/\/www.keelingsknowledge.com\/de\/erp-software\/internationaler-handel\/verkauf\/#primaryimage"},"thumbnailUrl":"https:\/\/www.keelingsknowledge.com\/wp-content\/uploads\/2018\/12\/Sales.jpg","datePublished":"2018-12-11T03:43:16+00:00","dateModified":"2019-02-27T15:31:10+00:00","description":"Das Verkaufsmodul von Keelings Knowledge ERP hilft Betrieben im Internationalen Handels, Kundenbeziehungen besser zu verwalten und den Umsatz zu steigern.","breadcrumb":{"@id":"https:\/\/www.keelingsknowledge.com\/de\/erp-software\/internationaler-handel\/verkauf\/#breadcrumb"},"inLanguage":"de-DE","potentialAction":[{"@type":"ReadAction","target":["https:\/\/www.keelingsknowledge.com\/de\/erp-software\/internationaler-handel\/verkauf\/"]}]},{"@type":"ImageObject","inLanguage":"de-DE","@id":"https:\/\/www.keelingsknowledge.com\/de\/erp-software\/internationaler-handel\/verkauf\/#primaryimage","url":"https:\/\/www.keelingsknowledge.com\/wp-content\/uploads\/2018\/12\/Sales.jpg","contentUrl":"https:\/\/www.keelingsknowledge.com\/wp-content\/uploads\/2018\/12\/Sales.jpg","width":1920,"height":1080,"caption":"Gesch\u00e4ftsteam diskutiert \u00fcber Finanzdiagramme und Berichte bei einer Besprechung. Planung und Analysekonzept."},{"@type":"BreadcrumbList","@id":"https:\/\/www.keelingsknowledge.com\/de\/erp-software\/internationaler-handel\/verkauf\/#breadcrumb","itemListElement":[{"@type":"ListItem","position":1,"name":"Home","item":"https:\/\/www.keelingsknowledge.com\/de\/"},{"@type":"ListItem","position":2,"name":"L\u00f6sungen","item":"https:\/\/www.keelingsknowledge.com\/de\/erp-software\/"},{"@type":"ListItem","position":3,"name":"Internationaler Handel","item":"https:\/\/www.keelingsknowledge.com\/de\/erp-software\/internationaler-handel\/"},{"@type":"ListItem","position":4,"name":"Verkauf"}]},{"@type":"WebSite","@id":"https:\/\/www.keelingsknowledge.com\/de\/#website","url":"https:\/\/www.keelingsknowledge.com\/de\/","name":"Keelings Knowledge","description":"ERP Fresh Produce Solutions","potentialAction":[{"@type":"SearchAction","target":{"@type":"EntryPoint","urlTemplate":"https:\/\/www.keelingsknowledge.com\/de\/?s={search_term_string}"},"query-input":{"@type":"PropertyValueSpecification","valueRequired":true,"valueName":"search_term_string"}}],"inLanguage":"de-DE"}]}},"_links":{"self":[{"href":"https:\/\/www.keelingsknowledge.com\/de\/wp-json\/wp\/v2\/pages\/3967","targetHints":{"allow":["GET"]}}],"collection":[{"href":"https:\/\/www.keelingsknowledge.com\/de\/wp-json\/wp\/v2\/pages"}],"about":[{"href":"https:\/\/www.keelingsknowledge.com\/de\/wp-json\/wp\/v2\/types\/page"}],"author":[{"embeddable":true,"href":"https:\/\/www.keelingsknowledge.com\/de\/wp-json\/wp\/v2\/users\/1"}],"replies":[{"embeddable":true,"href":"https:\/\/www.keelingsknowledge.com\/de\/wp-json\/wp\/v2\/comments?post=3967"}],"version-history":[{"count":0,"href":"https:\/\/www.keelingsknowledge.com\/de\/wp-json\/wp\/v2\/pages\/3967\/revisions"}],"up":[{"embeddable":true,"href":"https:\/\/www.keelingsknowledge.com\/de\/wp-json\/wp\/v2\/pages\/3866"}],"wp:featuredmedia":[{"embeddable":true,"href":"https:\/\/www.keelingsknowledge.com\/de\/wp-json\/wp\/v2\/media\/2780"}],"wp:attachment":[{"href":"https:\/\/www.keelingsknowledge.com\/de\/wp-json\/wp\/v2\/media?parent=3967"}],"curies":[{"name":"wp","href":"https:\/\/api.w.org\/{rel}","templated":true}]}}