{"id":3969,"date":"2018-12-11T03:43:09","date_gmt":"2018-12-11T03:43:09","guid":{"rendered":"https:\/\/www.keelingsknowledge.com\/erp-software\/international-trading\/finance-module\/"},"modified":"2019-02-27T15:25:49","modified_gmt":"2019-02-27T15:25:49","slug":"finanzwesen","status":"publish","type":"page","link":"https:\/\/www.keelingsknowledge.com\/de\/erp-software\/internationaler-handel\/finanzwesen\/","title":{"rendered":"Finanzwesen"},"content":{"rendered":"<h2>\n\t\tInternationaler Handel\n\t<\/h2>\n<h1>\n\t\tFinanzwesen\n\t<\/h1>\n\t<h4>Finanzwesen<\/h4>\n<p>Sie k\u00f6nnen die Kosten \u00fcber die gesamte Lieferkette genau nachverfolgen, um sicherzustellen, dass Ihr Unternehmen jederzeit die besten Entscheidungen treffen kann.<\/p>\n<p>Das Modul zum Finanzwesen in unserer branchenspezifischen ERP-L\u00f6sung rationalisiert nicht nur Ihre Abrechnungsprozesse, sondern unterst\u00fctzt Sie auch bei der Verwaltung und Kontrolle der Kosten in Ihrer gesamten Lieferkette: Eingangskosten, Lagerkosten, Kosten f\u00fcr das Qualit\u00e4tsmanagement, Lebensmittelsicherheitskosten und Produktionskosten, ausgehende Kosten, Transportkosten sowie R\u00fcckverg\u00fctungen und Rabatte. Mit all diesen Kosten k\u00f6nnen Sie konsistente und genaue Berichte erstellen, die einen Einblick in die Rentabilit\u00e4t Ihres Unternehmens aus verschiedenen Perspektiven bieten.<\/p>\n\t<h4>Vorteile<\/h4>\n<ul>\n<li>Genaue Echtzeit-Daten<\/li>\n<li>Datenintegrit\u00e4t wird \u00fcberwacht<\/li>\n<li>Branchenspezifische Konformit\u00e4t<\/li>\n<li>Konsistente Berichte zur Rentabilit\u00e4t<\/li>\n<li>Brancheneffiziente Prozesse und Verfahren<\/li>\n<li>Erfahrung mit der Integration von Systemen<\/li>\n<li>Verhinderung von Verk\u00e4ufen an Kunden, die ihr Kreditlimit \u00fcberschritten haben<\/li>\n<li>Leistungsmanagement f\u00fcr Lieferanten &amp; Kunden<\/li>\n<li>Effiziente Abrechnung<\/li>\n<\/ul>\n\t<h4>Funktionen<\/h4>\n<ul>\n<li>Generieren Sie t\u00e4gliche oder w\u00f6chentliche Rechnungen<\/li>\n<li>Genehmigung von Lieferantenrechnungen<\/li>\n<li>Kreditmanagement<\/li>\n<li>Kostenerfassung in allen Phasen der Lieferkette<\/li>\n<li>Berichtswesen \u00fcber F\u00e4lligkeiten<\/li>\n<li>Nahtlose Integration mit dem Finanzsystem<\/li>\n<li>Tagesums\u00e4tze<\/li>\n<li>Verwaltung der Vorauszahlungen an Lieferanten<\/li>\n<li>Mehrere W\u00e4hrungen<\/li>\n<li>Verwaltung der Wechselkurse bis zum Kunden \/ Lieferanten<\/li>\n<li>Verarbeitung unterschiedlicher Mehrwertsteuers\u00e4tze f\u00fcr verschiedene L\u00e4nder<\/li>\n<li>Verwaltung von R\u00fcckverg\u00fctungen\u00a0 und Rabatten f\u00fcr Kunden<\/li>\n<li>Automatisches Versenden von Rechnungen und Gutschriften per E-Mail<\/li>\n<li>EDI-Rechnungsstellung<\/li>\n<\/ul>\n<h3>\n\t\tAlle Module f\u00fcr den internationalen Handel\n\t<\/h3>\n<h3>\n\t<\/h3>\n\t<h3>Einkauf<\/h3>\n<h3>\n\t\t<a href=\"#\" title=\"\" target=\"_self\">\n\t\t<\/a>\n\t<\/h3>\n\t<h3>Logistik<\/h3>\n<h3>\n\t<\/h3>\n\t<h3>Qualit\u00e4t<\/h3>\n<h3>\n\t<\/h3>\n\t<h3>Lebensmittelsicherheit<\/h3>\n<h3>\n\t<\/h3>\n\t<h3>Produktion<\/h3>\n<h3>\n\t<\/h3>\n\t<h3>Verkauf<\/h3>\n<h3>\n\t<\/h3>\n\t<h3>Lagerverwaltung<\/h3>\n<h3>\n\t<\/h3>\n\t<h3>Warehouse Management System<\/h3>\n<h3>\n\t<\/h3>\n\t<h3>Planung und<\/h3>\n<h3>Prognose<\/h3>\n<h3>\n\t<\/h3>\n\t<h3>Finanzwesen<\/h3>\n<h3>\n\t<\/h3>\n\t<h3>Business Intelligence<\/h3>\n<h3>\n\t<\/h3>\n\t<h3>Zollabwicklung \/ Zolllager<\/h3>\n\t<a href=\"\/?page_id=3835\">\n        <h3>Downloads<\/h3>\n            <h4>Brosch\u00fcre herunterladen<\/h4>\n<\/a>\n\t<a href=\"https:\/\/www.keelingsknowledge.com\/en\/10-tips-choosing-erp-software\/\">\n        <h3>Tipps<\/h3>\n            <h4>10 Tipps f\u00fcr die ERP-Auswahl<\/h4>\n<\/a>\n","protected":false},"excerpt":{"rendered":"<p>Internationaler Handel Finanzwesen Finanzwesen Sie k\u00f6nnen die Kosten \u00fcber die gesamte Lieferkette genau nachverfolgen, um sicherzustellen, dass Ihr Unternehmen jederzeit die besten Entscheidungen treffen kann. Das Modul zum Finanzwesen in unserer branchenspezifischen ERP-L\u00f6sung rationalisiert nicht nur Ihre Abrechnungsprozesse, sondern unterst\u00fctzt Sie auch bei der Verwaltung und Kontrolle der Kosten in Ihrer gesamten Lieferkette: Eingangskosten, Lagerkosten, [&hellip;]<\/p>\n","protected":false},"author":1,"featured_media":2768,"parent":3866,"menu_order":0,"comment_status":"closed","ping_status":"closed","template":"full_width.php","meta":{"_genesis_hide_title":false,"_genesis_hide_breadcrumbs":false,"_genesis_hide_singular_image":false,"_genesis_hide_footer_widgets":false,"_genesis_custom_body_class":"","_genesis_custom_post_class":"","_genesis_layout":"","footnotes":""},"class_list":{"0":"post-3969","1":"page","2":"type-page","3":"status-publish","4":"has-post-thumbnail","6":"entry"},"yoast_head":"<!-- This site is optimized with the Yoast SEO plugin v26.2 - https:\/\/yoast.com\/wordpress\/plugins\/seo\/ -->\n<title>Finanzwesen f\u00fcr Internationalen Handel | Keelings Knowledge<\/title>\n<meta name=\"description\" content=\"Das Finanzmodul der Keelings Knowledge Software hilft Betrieben im Internationalen Handel, die Fakturierung zu rationalisieren und zu optimieren.\" \/>\n<meta name=\"robots\" content=\"index, follow, max-snippet:-1, max-image-preview:large, max-video-preview:-1\" \/>\n<link rel=\"canonical\" href=\"https:\/\/www.keelingsknowledge.com\/de\/erp-software\/internationaler-handel\/finanzwesen\/\" \/>\n<meta property=\"og:locale\" content=\"de_DE\" \/>\n<meta property=\"og:type\" content=\"article\" \/>\n<meta property=\"og:title\" content=\"Finanzwesen f\u00fcr Internationalen Handel | Keelings Knowledge\" \/>\n<meta property=\"og:description\" content=\"Das Finanzmodul der Keelings Knowledge Software hilft Betrieben im Internationalen Handel, die Fakturierung zu rationalisieren und zu optimieren.\" \/>\n<meta property=\"og:url\" content=\"https:\/\/www.keelingsknowledge.com\/de\/erp-software\/internationaler-handel\/finanzwesen\/\" \/>\n<meta property=\"og:site_name\" content=\"Keelings Knowledge\" \/>\n<meta property=\"article:modified_time\" content=\"2019-02-27T15:25:49+00:00\" \/>\n<meta property=\"og:image\" content=\"https:\/\/www.keelingsknowledge.com\/wp-content\/uploads\/2018\/12\/Finance.jpg\" \/>\n\t<meta property=\"og:image:width\" content=\"1920\" \/>\n\t<meta property=\"og:image:height\" content=\"1080\" \/>\n\t<meta property=\"og:image:type\" content=\"image\/jpeg\" \/>\n<meta name=\"twitter:card\" content=\"summary_large_image\" \/>\n<meta name=\"twitter:site\" content=\"@Knowledge_ERP\" \/>\n<meta name=\"twitter:label1\" content=\"Gesch\u00e4tzte Lesezeit\" \/>\n\t<meta name=\"twitter:data1\" content=\"1 Minute\" \/>\n<script type=\"application\/ld+json\" class=\"yoast-schema-graph\">{\"@context\":\"https:\/\/schema.org\",\"@graph\":[{\"@type\":\"WebPage\",\"@id\":\"https:\/\/www.keelingsknowledge.com\/de\/erp-software\/internationaler-handel\/finanzwesen\/\",\"url\":\"https:\/\/www.keelingsknowledge.com\/de\/erp-software\/internationaler-handel\/finanzwesen\/\",\"name\":\"Finanzwesen f\u00fcr Internationalen Handel | Keelings Knowledge\",\"isPartOf\":{\"@id\":\"https:\/\/www.keelingsknowledge.com\/de\/#website\"},\"primaryImageOfPage\":{\"@id\":\"https:\/\/www.keelingsknowledge.com\/de\/erp-software\/internationaler-handel\/finanzwesen\/#primaryimage\"},\"image\":{\"@id\":\"https:\/\/www.keelingsknowledge.com\/de\/erp-software\/internationaler-handel\/finanzwesen\/#primaryimage\"},\"thumbnailUrl\":\"https:\/\/www.keelingsknowledge.com\/wp-content\/uploads\/2018\/12\/Finance.jpg\",\"datePublished\":\"2018-12-11T03:43:09+00:00\",\"dateModified\":\"2019-02-27T15:25:49+00:00\",\"description\":\"Das Finanzmodul der Keelings Knowledge Software hilft Betrieben im Internationalen Handel, die Fakturierung zu rationalisieren und zu optimieren.\",\"breadcrumb\":{\"@id\":\"https:\/\/www.keelingsknowledge.com\/de\/erp-software\/internationaler-handel\/finanzwesen\/#breadcrumb\"},\"inLanguage\":\"de-DE\",\"potentialAction\":[{\"@type\":\"ReadAction\",\"target\":[\"https:\/\/www.keelingsknowledge.com\/de\/erp-software\/internationaler-handel\/finanzwesen\/\"]}]},{\"@type\":\"ImageObject\",\"inLanguage\":\"de-DE\",\"@id\":\"https:\/\/www.keelingsknowledge.com\/de\/erp-software\/internationaler-handel\/finanzwesen\/#primaryimage\",\"url\":\"https:\/\/www.keelingsknowledge.com\/wp-content\/uploads\/2018\/12\/Finance.jpg\",\"contentUrl\":\"https:\/\/www.keelingsknowledge.com\/wp-content\/uploads\/2018\/12\/Finance.jpg\",\"width\":1920,\"height\":1080,\"caption\":\"Hand ber\u00fchrt Tablet mit Finanzdiagramm auf dem Bildschirm, Gesch\u00e4ftsanalyse und Dateneinsicht.\"},{\"@type\":\"BreadcrumbList\",\"@id\":\"https:\/\/www.keelingsknowledge.com\/de\/erp-software\/internationaler-handel\/finanzwesen\/#breadcrumb\",\"itemListElement\":[{\"@type\":\"ListItem\",\"position\":1,\"name\":\"Home\",\"item\":\"https:\/\/www.keelingsknowledge.com\/de\/\"},{\"@type\":\"ListItem\",\"position\":2,\"name\":\"L\u00f6sungen\",\"item\":\"https:\/\/www.keelingsknowledge.com\/de\/erp-software\/\"},{\"@type\":\"ListItem\",\"position\":3,\"name\":\"Internationaler Handel\",\"item\":\"https:\/\/www.keelingsknowledge.com\/de\/erp-software\/internationaler-handel\/\"},{\"@type\":\"ListItem\",\"position\":4,\"name\":\"Finanzwesen\"}]},{\"@type\":\"WebSite\",\"@id\":\"https:\/\/www.keelingsknowledge.com\/de\/#website\",\"url\":\"https:\/\/www.keelingsknowledge.com\/de\/\",\"name\":\"Keelings Knowledge\",\"description\":\"ERP Fresh Produce Solutions\",\"potentialAction\":[{\"@type\":\"SearchAction\",\"target\":{\"@type\":\"EntryPoint\",\"urlTemplate\":\"https:\/\/www.keelingsknowledge.com\/de\/?s={search_term_string}\"},\"query-input\":{\"@type\":\"PropertyValueSpecification\",\"valueRequired\":true,\"valueName\":\"search_term_string\"}}],\"inLanguage\":\"de-DE\"}]}<\/script>\n<!-- \/ Yoast SEO plugin. -->","yoast_head_json":{"title":"Finanzwesen f\u00fcr Internationalen Handel | Keelings Knowledge","description":"Das Finanzmodul der Keelings Knowledge Software hilft Betrieben im Internationalen Handel, die Fakturierung zu rationalisieren und zu optimieren.","robots":{"index":"index","follow":"follow","max-snippet":"max-snippet:-1","max-image-preview":"max-image-preview:large","max-video-preview":"max-video-preview:-1"},"canonical":"https:\/\/www.keelingsknowledge.com\/de\/erp-software\/internationaler-handel\/finanzwesen\/","og_locale":"de_DE","og_type":"article","og_title":"Finanzwesen f\u00fcr Internationalen Handel | Keelings Knowledge","og_description":"Das Finanzmodul der Keelings Knowledge Software hilft Betrieben im Internationalen Handel, die Fakturierung zu rationalisieren und zu optimieren.","og_url":"https:\/\/www.keelingsknowledge.com\/de\/erp-software\/internationaler-handel\/finanzwesen\/","og_site_name":"Keelings Knowledge","article_modified_time":"2019-02-27T15:25:49+00:00","og_image":[{"width":1920,"height":1080,"url":"https:\/\/www.keelingsknowledge.com\/wp-content\/uploads\/2018\/12\/Finance.jpg","type":"image\/jpeg"}],"twitter_card":"summary_large_image","twitter_site":"@Knowledge_ERP","twitter_misc":{"Gesch\u00e4tzte Lesezeit":"1 Minute"},"schema":{"@context":"https:\/\/schema.org","@graph":[{"@type":"WebPage","@id":"https:\/\/www.keelingsknowledge.com\/de\/erp-software\/internationaler-handel\/finanzwesen\/","url":"https:\/\/www.keelingsknowledge.com\/de\/erp-software\/internationaler-handel\/finanzwesen\/","name":"Finanzwesen f\u00fcr Internationalen Handel | Keelings Knowledge","isPartOf":{"@id":"https:\/\/www.keelingsknowledge.com\/de\/#website"},"primaryImageOfPage":{"@id":"https:\/\/www.keelingsknowledge.com\/de\/erp-software\/internationaler-handel\/finanzwesen\/#primaryimage"},"image":{"@id":"https:\/\/www.keelingsknowledge.com\/de\/erp-software\/internationaler-handel\/finanzwesen\/#primaryimage"},"thumbnailUrl":"https:\/\/www.keelingsknowledge.com\/wp-content\/uploads\/2018\/12\/Finance.jpg","datePublished":"2018-12-11T03:43:09+00:00","dateModified":"2019-02-27T15:25:49+00:00","description":"Das Finanzmodul der Keelings Knowledge Software hilft Betrieben im Internationalen Handel, die Fakturierung zu rationalisieren und zu optimieren.","breadcrumb":{"@id":"https:\/\/www.keelingsknowledge.com\/de\/erp-software\/internationaler-handel\/finanzwesen\/#breadcrumb"},"inLanguage":"de-DE","potentialAction":[{"@type":"ReadAction","target":["https:\/\/www.keelingsknowledge.com\/de\/erp-software\/internationaler-handel\/finanzwesen\/"]}]},{"@type":"ImageObject","inLanguage":"de-DE","@id":"https:\/\/www.keelingsknowledge.com\/de\/erp-software\/internationaler-handel\/finanzwesen\/#primaryimage","url":"https:\/\/www.keelingsknowledge.com\/wp-content\/uploads\/2018\/12\/Finance.jpg","contentUrl":"https:\/\/www.keelingsknowledge.com\/wp-content\/uploads\/2018\/12\/Finance.jpg","width":1920,"height":1080,"caption":"Hand ber\u00fchrt Tablet mit Finanzdiagramm auf dem Bildschirm, Gesch\u00e4ftsanalyse und Dateneinsicht."},{"@type":"BreadcrumbList","@id":"https:\/\/www.keelingsknowledge.com\/de\/erp-software\/internationaler-handel\/finanzwesen\/#breadcrumb","itemListElement":[{"@type":"ListItem","position":1,"name":"Home","item":"https:\/\/www.keelingsknowledge.com\/de\/"},{"@type":"ListItem","position":2,"name":"L\u00f6sungen","item":"https:\/\/www.keelingsknowledge.com\/de\/erp-software\/"},{"@type":"ListItem","position":3,"name":"Internationaler Handel","item":"https:\/\/www.keelingsknowledge.com\/de\/erp-software\/internationaler-handel\/"},{"@type":"ListItem","position":4,"name":"Finanzwesen"}]},{"@type":"WebSite","@id":"https:\/\/www.keelingsknowledge.com\/de\/#website","url":"https:\/\/www.keelingsknowledge.com\/de\/","name":"Keelings Knowledge","description":"ERP Fresh Produce Solutions","potentialAction":[{"@type":"SearchAction","target":{"@type":"EntryPoint","urlTemplate":"https:\/\/www.keelingsknowledge.com\/de\/?s={search_term_string}"},"query-input":{"@type":"PropertyValueSpecification","valueRequired":true,"valueName":"search_term_string"}}],"inLanguage":"de-DE"}]}},"_links":{"self":[{"href":"https:\/\/www.keelingsknowledge.com\/de\/wp-json\/wp\/v2\/pages\/3969","targetHints":{"allow":["GET"]}}],"collection":[{"href":"https:\/\/www.keelingsknowledge.com\/de\/wp-json\/wp\/v2\/pages"}],"about":[{"href":"https:\/\/www.keelingsknowledge.com\/de\/wp-json\/wp\/v2\/types\/page"}],"author":[{"embeddable":true,"href":"https:\/\/www.keelingsknowledge.com\/de\/wp-json\/wp\/v2\/users\/1"}],"replies":[{"embeddable":true,"href":"https:\/\/www.keelingsknowledge.com\/de\/wp-json\/wp\/v2\/comments?post=3969"}],"version-history":[{"count":0,"href":"https:\/\/www.keelingsknowledge.com\/de\/wp-json\/wp\/v2\/pages\/3969\/revisions"}],"up":[{"embeddable":true,"href":"https:\/\/www.keelingsknowledge.com\/de\/wp-json\/wp\/v2\/pages\/3866"}],"wp:featuredmedia":[{"embeddable":true,"href":"https:\/\/www.keelingsknowledge.com\/de\/wp-json\/wp\/v2\/media\/2768"}],"wp:attachment":[{"href":"https:\/\/www.keelingsknowledge.com\/de\/wp-json\/wp\/v2\/media?parent=3969"}],"curies":[{"name":"wp","href":"https:\/\/api.w.org\/{rel}","templated":true}]}}