{"id":3979,"date":"2018-12-11T03:42:30","date_gmt":"2018-12-11T03:42:30","guid":{"rendered":"https:\/\/www.keelingsknowledge.com\/erp-software\/international-trading\/quality-control\/"},"modified":"2019-02-27T15:30:29","modified_gmt":"2019-02-27T15:30:29","slug":"qualitaetskontrolle","status":"publish","type":"page","link":"https:\/\/www.keelingsknowledge.com\/de\/erp-software\/internationaler-handel\/qualitaetskontrolle\/","title":{"rendered":"Qualit\u00e4t"},"content":{"rendered":"<h2>\n\t\tInternationaler Handel\n\t<\/h2>\n<h1>\n\t\tQualit\u00e4t\n\t<\/h1>\n\t<h4>Quality<\/h4>\n<p>In einer Branche, in der sowohl von Kunden als auch von Aufsichtsbeh\u00f6rden eine Vielzahl von Normen und Regeln auferlegt wird, ist die Qualit\u00e4tskontrolle von gr\u00f6\u00dfter Bedeutung.<\/p>\n<p>Mit unserem System k\u00f6nnen Sie bei Bedarf mobile Qualit\u00e4tspr\u00fcfungen durchf\u00fchren. So k\u00f6nnen Sie sicher sein, dass Sie den Standard nicht nur erf\u00fcllen, sondern sogar \u00fcbertreffen. Wareneingangs- und -ausgangspr\u00fcfungen sowie Wiederholungspr\u00fcfungen stellen sicher k\u00f6nnen, dass Ihre qualifizierten Mitarbeiter Zugang zu allen relevanten Daten haben und gew\u00e4hrleisten, dass die kundenspezifischen Qualit\u00e4tsvereinbarungen eingehalten werden.<\/p>\n\t<h4>Vorteile<\/h4>\n<ul>\n<li>Lagerbestand am Produkt verwalten<\/li>\n<li>Inventar in Quarant\u00e4ne stellen, um zu verhindern, dass es verkauft wird<\/li>\n<li>Reduzierung der Annahmeverweigerung von Seiten der Kunden aufgrund falsch ausgelieferten Produktspezifikationen<\/li>\n<li>Reduzierung von Annahmeverweigerungen aufgrund von falschen Etiketten<\/li>\n<li>Sicherstellen, dass die richtige Ware an den richtigen Kunden geht<\/li>\n<li>Dem Einkaufsteam Einblick in die Qualit\u00e4t des verf\u00fcgbaren Lagerbestandes geben<\/li>\n<li>Besseres Forderungsmanagement<\/li>\n<li>Verwalten Sie die Leistung von Lieferanten und Erzeugern<\/li>\n<li>Direkte R\u00fcckmeldung an Lieferanten und Erzeuger \u00fcber Inspektionsergebnisse<\/li>\n<li>Sicherstellen , dass die Akkreditierungen Ihrer Lieferanten auf dem neuesten Stand sind<\/li>\n<\/ul>\n\t<h4>Funktionen<\/h4>\n<ul>\n<li>Mobile Qualit\u00e4tskontrolle beim Wareneingang (online &amp; offline m\u00f6glich)<\/li>\n<li>Nahtlose Integration in unser ERP-System<\/li>\n<li>Dynamische Inspektionsvorlagen, die auf verschiedenen Produktmerkmalen basieren<\/li>\n<li>Nachpr\u00fcfungen<\/li>\n<li>Qualit\u00e4tskontrolle im Warenausgang<\/li>\n<li>Pr\u00fcfung der Etiketten im Warenausgang<\/li>\n<li>Quarant\u00e4nefunktion<\/li>\n<li>Management der Lieferantenakkreditierung<\/li>\n<li>Umfangreiche Qualit\u00e4tsberichte<\/li>\n<\/ul>\n<h3>\n\t\tAlle Module f\u00fcr den internationalen Handel\n\t<\/h3>\n<h3>\n\t<\/h3>\n\t<h3>Einkauf<\/h3>\n<h3>\n\t\t<a href=\"#\" title=\"\" target=\"_self\">\n\t\t<\/a>\n\t<\/h3>\n\t<h3>Logistik<\/h3>\n<h3>\n\t<\/h3>\n\t<h3>Qualit\u00e4t<\/h3>\n<h3>\n\t<\/h3>\n\t<h3>Lebensmittelsicherheit<\/h3>\n<h3>\n\t<\/h3>\n\t<h3>Produktion<\/h3>\n<h3>\n\t<\/h3>\n\t<h3>Verkauf<\/h3>\n<h3>\n\t<\/h3>\n\t<h3>Lagerverwaltung<\/h3>\n<h3>\n\t<\/h3>\n\t<h3>Warehouse Management System<\/h3>\n<h3>\n\t<\/h3>\n\t<h3>Planung und<\/h3>\n<h3>Prognose<\/h3>\n<h3>\n\t<\/h3>\n\t<h3>Finance<\/h3>\n<h3>\n\t<\/h3>\n\t<h3>Business Intelligence<\/h3>\n<h3>\n\t<\/h3>\n\t<h3>Customs Clearance \/ Bonded Warehouse<\/h3>\n\t<a href=\"\/?page_id=3835\">\n        <h3>Downloads<\/h3>\n            <h4>Brosch\u00fcre herunterladen<\/h4>\n<\/a>\n\t<a href=\"https:\/\/www.keelingsknowledge.com\/en\/10-tips-choosing-erp-software\/\">\n        <h3>Tipps<\/h3>\n            <h4>10 Tipps f\u00fcr die ERP-Auswahl<\/h4>\n<\/a>\n","protected":false},"excerpt":{"rendered":"<p>Internationaler Handel Qualit\u00e4t Quality In einer Branche, in der sowohl von Kunden als auch von Aufsichtsbeh\u00f6rden eine Vielzahl von Normen und Regeln auferlegt wird, ist die Qualit\u00e4tskontrolle von gr\u00f6\u00dfter Bedeutung. Mit unserem System k\u00f6nnen Sie bei Bedarf mobile Qualit\u00e4tspr\u00fcfungen durchf\u00fchren. So k\u00f6nnen Sie sicher sein, dass Sie den Standard nicht nur erf\u00fcllen, sondern sogar \u00fcbertreffen. [&hellip;]<\/p>\n","protected":false},"author":1,"featured_media":3380,"parent":3866,"menu_order":0,"comment_status":"closed","ping_status":"closed","template":"full_width.php","meta":{"_genesis_hide_title":false,"_genesis_hide_breadcrumbs":false,"_genesis_hide_singular_image":false,"_genesis_hide_footer_widgets":false,"_genesis_custom_body_class":"","_genesis_custom_post_class":"","_genesis_layout":"","footnotes":""},"class_list":{"0":"post-3979","1":"page","2":"type-page","3":"status-publish","4":"has-post-thumbnail","6":"entry"},"yoast_head":"<!-- This site is optimized with the Yoast SEO plugin v26.2 - https:\/\/yoast.com\/wordpress\/plugins\/seo\/ -->\n<title>QM-Modul f\u00fcr Internationalen Handel | Keelings Knowledge<\/title>\n<meta name=\"description\" content=\"Das QM-Modul der Keelings Knowledge Software hilft Unternehmen des Internationalen Handels dabei, Standards und Vorschriften f\u00fcr Frischwaren einzuhalten.\" \/>\n<meta name=\"robots\" content=\"index, follow, max-snippet:-1, max-image-preview:large, max-video-preview:-1\" \/>\n<link rel=\"canonical\" href=\"https:\/\/www.keelingsknowledge.com\/de\/erp-software\/internationaler-handel\/qualitaetskontrolle\/\" \/>\n<meta property=\"og:locale\" content=\"de_DE\" \/>\n<meta property=\"og:type\" content=\"article\" \/>\n<meta property=\"og:title\" content=\"QM-Modul f\u00fcr Internationalen Handel | Keelings Knowledge\" \/>\n<meta property=\"og:description\" content=\"Das QM-Modul der Keelings Knowledge Software hilft Unternehmen des Internationalen Handels dabei, Standards und Vorschriften f\u00fcr Frischwaren einzuhalten.\" \/>\n<meta property=\"og:url\" content=\"https:\/\/www.keelingsknowledge.com\/de\/erp-software\/internationaler-handel\/qualitaetskontrolle\/\" \/>\n<meta property=\"og:site_name\" content=\"Keelings Knowledge\" \/>\n<meta property=\"article:modified_time\" content=\"2019-02-27T15:30:29+00:00\" \/>\n<meta property=\"og:image\" content=\"https:\/\/www.keelingsknowledge.com\/wp-content\/uploads\/2019\/01\/Keelings-Knowledge-Quality.jpg\" \/>\n\t<meta property=\"og:image:width\" content=\"1920\" \/>\n\t<meta property=\"og:image:height\" content=\"1080\" \/>\n\t<meta property=\"og:image:type\" content=\"image\/jpeg\" \/>\n<meta name=\"twitter:card\" content=\"summary_large_image\" \/>\n<meta name=\"twitter:site\" content=\"@Knowledge_ERP\" \/>\n<meta name=\"twitter:label1\" content=\"Gesch\u00e4tzte Lesezeit\" \/>\n\t<meta name=\"twitter:data1\" content=\"1 Minute\" \/>\n<script type=\"application\/ld+json\" class=\"yoast-schema-graph\">{\"@context\":\"https:\/\/schema.org\",\"@graph\":[{\"@type\":\"WebPage\",\"@id\":\"https:\/\/www.keelingsknowledge.com\/de\/erp-software\/internationaler-handel\/qualitaetskontrolle\/\",\"url\":\"https:\/\/www.keelingsknowledge.com\/de\/erp-software\/internationaler-handel\/qualitaetskontrolle\/\",\"name\":\"QM-Modul f\u00fcr Internationalen Handel | Keelings Knowledge\",\"isPartOf\":{\"@id\":\"https:\/\/www.keelingsknowledge.com\/de\/#website\"},\"primaryImageOfPage\":{\"@id\":\"https:\/\/www.keelingsknowledge.com\/de\/erp-software\/internationaler-handel\/qualitaetskontrolle\/#primaryimage\"},\"image\":{\"@id\":\"https:\/\/www.keelingsknowledge.com\/de\/erp-software\/internationaler-handel\/qualitaetskontrolle\/#primaryimage\"},\"thumbnailUrl\":\"https:\/\/www.keelingsknowledge.com\/wp-content\/uploads\/2019\/01\/Keelings-Knowledge-Quality.jpg\",\"datePublished\":\"2018-12-11T03:42:30+00:00\",\"dateModified\":\"2019-02-27T15:30:29+00:00\",\"description\":\"Das QM-Modul der Keelings Knowledge Software hilft Unternehmen des Internationalen Handels dabei, Standards und Vorschriften f\u00fcr Frischwaren einzuhalten.\",\"breadcrumb\":{\"@id\":\"https:\/\/www.keelingsknowledge.com\/de\/erp-software\/internationaler-handel\/qualitaetskontrolle\/#breadcrumb\"},\"inLanguage\":\"de-DE\",\"potentialAction\":[{\"@type\":\"ReadAction\",\"target\":[\"https:\/\/www.keelingsknowledge.com\/de\/erp-software\/internationaler-handel\/qualitaetskontrolle\/\"]}]},{\"@type\":\"ImageObject\",\"inLanguage\":\"de-DE\",\"@id\":\"https:\/\/www.keelingsknowledge.com\/de\/erp-software\/internationaler-handel\/qualitaetskontrolle\/#primaryimage\",\"url\":\"https:\/\/www.keelingsknowledge.com\/wp-content\/uploads\/2019\/01\/Keelings-Knowledge-Quality.jpg\",\"contentUrl\":\"https:\/\/www.keelingsknowledge.com\/wp-content\/uploads\/2019\/01\/Keelings-Knowledge-Quality.jpg\",\"width\":1920,\"height\":1080,\"caption\":\"Arbeiter \u00fcberwacht Obstlieferung mit Tablet in einem Lager. Digitale Bestandsverwaltung in der Logistikbranche.\"},{\"@type\":\"BreadcrumbList\",\"@id\":\"https:\/\/www.keelingsknowledge.com\/de\/erp-software\/internationaler-handel\/qualitaetskontrolle\/#breadcrumb\",\"itemListElement\":[{\"@type\":\"ListItem\",\"position\":1,\"name\":\"Home\",\"item\":\"https:\/\/www.keelingsknowledge.com\/de\/\"},{\"@type\":\"ListItem\",\"position\":2,\"name\":\"L\u00f6sungen\",\"item\":\"https:\/\/www.keelingsknowledge.com\/de\/erp-software\/\"},{\"@type\":\"ListItem\",\"position\":3,\"name\":\"Internationaler Handel\",\"item\":\"https:\/\/www.keelingsknowledge.com\/de\/erp-software\/internationaler-handel\/\"},{\"@type\":\"ListItem\",\"position\":4,\"name\":\"Qualit\u00e4t\"}]},{\"@type\":\"WebSite\",\"@id\":\"https:\/\/www.keelingsknowledge.com\/de\/#website\",\"url\":\"https:\/\/www.keelingsknowledge.com\/de\/\",\"name\":\"Keelings Knowledge\",\"description\":\"ERP Fresh Produce Solutions\",\"potentialAction\":[{\"@type\":\"SearchAction\",\"target\":{\"@type\":\"EntryPoint\",\"urlTemplate\":\"https:\/\/www.keelingsknowledge.com\/de\/?s={search_term_string}\"},\"query-input\":{\"@type\":\"PropertyValueSpecification\",\"valueRequired\":true,\"valueName\":\"search_term_string\"}}],\"inLanguage\":\"de-DE\"}]}<\/script>\n<!-- \/ Yoast SEO plugin. -->","yoast_head_json":{"title":"QM-Modul f\u00fcr Internationalen Handel | Keelings Knowledge","description":"Das QM-Modul der Keelings Knowledge Software hilft Unternehmen des Internationalen Handels dabei, Standards und Vorschriften f\u00fcr Frischwaren einzuhalten.","robots":{"index":"index","follow":"follow","max-snippet":"max-snippet:-1","max-image-preview":"max-image-preview:large","max-video-preview":"max-video-preview:-1"},"canonical":"https:\/\/www.keelingsknowledge.com\/de\/erp-software\/internationaler-handel\/qualitaetskontrolle\/","og_locale":"de_DE","og_type":"article","og_title":"QM-Modul f\u00fcr Internationalen Handel | Keelings Knowledge","og_description":"Das QM-Modul der Keelings Knowledge Software hilft Unternehmen des Internationalen Handels dabei, Standards und Vorschriften f\u00fcr Frischwaren einzuhalten.","og_url":"https:\/\/www.keelingsknowledge.com\/de\/erp-software\/internationaler-handel\/qualitaetskontrolle\/","og_site_name":"Keelings Knowledge","article_modified_time":"2019-02-27T15:30:29+00:00","og_image":[{"width":1920,"height":1080,"url":"https:\/\/www.keelingsknowledge.com\/wp-content\/uploads\/2019\/01\/Keelings-Knowledge-Quality.jpg","type":"image\/jpeg"}],"twitter_card":"summary_large_image","twitter_site":"@Knowledge_ERP","twitter_misc":{"Gesch\u00e4tzte Lesezeit":"1 Minute"},"schema":{"@context":"https:\/\/schema.org","@graph":[{"@type":"WebPage","@id":"https:\/\/www.keelingsknowledge.com\/de\/erp-software\/internationaler-handel\/qualitaetskontrolle\/","url":"https:\/\/www.keelingsknowledge.com\/de\/erp-software\/internationaler-handel\/qualitaetskontrolle\/","name":"QM-Modul f\u00fcr Internationalen Handel | Keelings Knowledge","isPartOf":{"@id":"https:\/\/www.keelingsknowledge.com\/de\/#website"},"primaryImageOfPage":{"@id":"https:\/\/www.keelingsknowledge.com\/de\/erp-software\/internationaler-handel\/qualitaetskontrolle\/#primaryimage"},"image":{"@id":"https:\/\/www.keelingsknowledge.com\/de\/erp-software\/internationaler-handel\/qualitaetskontrolle\/#primaryimage"},"thumbnailUrl":"https:\/\/www.keelingsknowledge.com\/wp-content\/uploads\/2019\/01\/Keelings-Knowledge-Quality.jpg","datePublished":"2018-12-11T03:42:30+00:00","dateModified":"2019-02-27T15:30:29+00:00","description":"Das QM-Modul der Keelings Knowledge Software hilft Unternehmen des Internationalen Handels dabei, Standards und Vorschriften f\u00fcr Frischwaren einzuhalten.","breadcrumb":{"@id":"https:\/\/www.keelingsknowledge.com\/de\/erp-software\/internationaler-handel\/qualitaetskontrolle\/#breadcrumb"},"inLanguage":"de-DE","potentialAction":[{"@type":"ReadAction","target":["https:\/\/www.keelingsknowledge.com\/de\/erp-software\/internationaler-handel\/qualitaetskontrolle\/"]}]},{"@type":"ImageObject","inLanguage":"de-DE","@id":"https:\/\/www.keelingsknowledge.com\/de\/erp-software\/internationaler-handel\/qualitaetskontrolle\/#primaryimage","url":"https:\/\/www.keelingsknowledge.com\/wp-content\/uploads\/2019\/01\/Keelings-Knowledge-Quality.jpg","contentUrl":"https:\/\/www.keelingsknowledge.com\/wp-content\/uploads\/2019\/01\/Keelings-Knowledge-Quality.jpg","width":1920,"height":1080,"caption":"Arbeiter \u00fcberwacht Obstlieferung mit Tablet in einem Lager. Digitale Bestandsverwaltung in der Logistikbranche."},{"@type":"BreadcrumbList","@id":"https:\/\/www.keelingsknowledge.com\/de\/erp-software\/internationaler-handel\/qualitaetskontrolle\/#breadcrumb","itemListElement":[{"@type":"ListItem","position":1,"name":"Home","item":"https:\/\/www.keelingsknowledge.com\/de\/"},{"@type":"ListItem","position":2,"name":"L\u00f6sungen","item":"https:\/\/www.keelingsknowledge.com\/de\/erp-software\/"},{"@type":"ListItem","position":3,"name":"Internationaler Handel","item":"https:\/\/www.keelingsknowledge.com\/de\/erp-software\/internationaler-handel\/"},{"@type":"ListItem","position":4,"name":"Qualit\u00e4t"}]},{"@type":"WebSite","@id":"https:\/\/www.keelingsknowledge.com\/de\/#website","url":"https:\/\/www.keelingsknowledge.com\/de\/","name":"Keelings Knowledge","description":"ERP Fresh Produce Solutions","potentialAction":[{"@type":"SearchAction","target":{"@type":"EntryPoint","urlTemplate":"https:\/\/www.keelingsknowledge.com\/de\/?s={search_term_string}"},"query-input":{"@type":"PropertyValueSpecification","valueRequired":true,"valueName":"search_term_string"}}],"inLanguage":"de-DE"}]}},"_links":{"self":[{"href":"https:\/\/www.keelingsknowledge.com\/de\/wp-json\/wp\/v2\/pages\/3979","targetHints":{"allow":["GET"]}}],"collection":[{"href":"https:\/\/www.keelingsknowledge.com\/de\/wp-json\/wp\/v2\/pages"}],"about":[{"href":"https:\/\/www.keelingsknowledge.com\/de\/wp-json\/wp\/v2\/types\/page"}],"author":[{"embeddable":true,"href":"https:\/\/www.keelingsknowledge.com\/de\/wp-json\/wp\/v2\/users\/1"}],"replies":[{"embeddable":true,"href":"https:\/\/www.keelingsknowledge.com\/de\/wp-json\/wp\/v2\/comments?post=3979"}],"version-history":[{"count":0,"href":"https:\/\/www.keelingsknowledge.com\/de\/wp-json\/wp\/v2\/pages\/3979\/revisions"}],"up":[{"embeddable":true,"href":"https:\/\/www.keelingsknowledge.com\/de\/wp-json\/wp\/v2\/pages\/3866"}],"wp:featuredmedia":[{"embeddable":true,"href":"https:\/\/www.keelingsknowledge.com\/de\/wp-json\/wp\/v2\/media\/3380"}],"wp:attachment":[{"href":"https:\/\/www.keelingsknowledge.com\/de\/wp-json\/wp\/v2\/media?parent=3979"}],"curies":[{"name":"wp","href":"https:\/\/api.w.org\/{rel}","templated":true}]}}