{"id":3991,"date":"2018-12-11T01:15:34","date_gmt":"2018-12-11T01:15:34","guid":{"rendered":"https:\/\/www.keelingsknowledge.com\/erp-software\/pack-house\/warehouse-management\/"},"modified":"2019-02-27T13:55:26","modified_gmt":"2019-02-27T13:55:26","slug":"warehouse-management","status":"publish","type":"page","link":"https:\/\/www.keelingsknowledge.com\/de\/erp-software\/packhaus\/warehouse-management\/","title":{"rendered":"Warehouse Management System (WMS)"},"content":{"rendered":"<h2>\n\t\tPackhaus\n\t<\/h2>\n<h1>\n\t\tWarehouse Management System (WMS)\n\t<\/h1>\n\t<h4>Warehouse Management System (WMS)<\/h4>\n<p>Die branchenspezifische ERP-Software von Keelings Knowledge verf\u00fcgt \u00fcber ein umfangreiches WMS-Modul (Warehouse Management System) f\u00fcr eine detaillierte und genaue Bestandsverwaltung. Unser Implementierungsteam verf\u00fcgt \u00fcber fundiertes Hintergrundwissen in der Obst- und Gem\u00fcsedistribution, sodass wir Ihnen eine hervorragende L\u00f6sung anbieten k\u00f6nnen. Wir kombinieren unsere ERP-Software mit unserem operativen Branchenwissen f\u00fcr Ihr Packhaus, um Sie bei der Verwaltung Ihrer Aktivit\u00e4ten und der jeweiligen Gesch\u00e4ftsbereiche zu unterst\u00fctzen, damit Sie mit den richtigen Daten und Kontrollen effizienter arbeiten k\u00f6nnen.<\/p>\n<p>Unser WMS-Modul unterst\u00fctzt Touchscreens und Barcode-Scanning f\u00fcr den internen Warenfluss von der Bestellung bis hin zum Wareneingang. Die L\u00f6sung bietet umfangreiche M\u00f6glichkeiten, z. B. Etiketten f\u00fcr die R\u00fcckverfolgbarkeit, Qualit\u00e4tspr\u00fcfungen w\u00e4hrend der Aufnahme und Lagerung an internen Orten, kontrollierte Kommissionierung mit Scanvorrichtungen f\u00fcr Versand und Verladung. Echtzeit-Bestandsdaten bieten einen genauen Einblick in den Bestand im Lager und den genauen Ort des Bestands. \u00a0Sie k\u00f6nnen sich den gesamten Bewegungsverlauf jeder Palette in unserem WMS-Modul anzeigen lassen. Darauf aufbauend k\u00f6nnen dann Kommissionierprozesse und -aufgaben und sogar auch Lagermitarbeiter zugeordnet werden.<\/p>\n\t<h4>Vorteile<\/h4>\n<ul>\n<li>RF-Scanning mit Barcode-Technologie<\/li>\n<li>Mobile Kommissionierung (Auftragszuordnung) f\u00fcr Produktion \/ Versand<\/li>\n<li>Unterst\u00fctzt vertragliches Verpacken und andere Dienstleistungen auf Provisionsbasis<\/li>\n<li>Lagertrennung f\u00fcr die Bestandsverwaltung von Dritten Consignment label generation<\/li>\n<li>Etiketten f\u00fcr Sendungen k\u00f6nnen erstellt werden<\/li>\n<li>Verwaltung der Zahlungen an Lieferanten<\/li>\n<li>Mobile Echtzeit-Recherche nach Best\u00e4nden<\/li>\n<li>Generieren von Produktquittungen und -sendungen<\/li>\n<li>Interne und externe Warentransfers \u00a0in Echtzeit<\/li>\n<li>Verwaltung von Annahmeverweigerungen durch Kunden<\/li>\n<li>QM-Regeln aufstellen (Quarant\u00e4ne etc.)<\/li>\n<\/ul>\n\t<h4>Funktionen<\/h4>\n<ul>\n<li>Ein integriertes System mit Echtzeitdaten und nahtloser Integration zwischen mobilen und Desktop-Funktionen<\/li>\n<li>Unterst\u00fctzt betriebliche Skalierbarkeit<\/li>\n<li>Automatisierung interner Prozesse mit kontrollierten Abl\u00e4ufen f\u00fcr wichtige betriebliche Aufgaben<\/li>\n<li>Verwaltung von Bereichen, die h\u00e4ufig vernachl\u00e4ssigt werden, z. B. Ablehnungen und R\u00fcckgaben von Kunden und R\u00fcckgaben an Lieferanten<\/li>\n<li>Echtzeitverwaltung von Lagerbest\u00e4nden in mehreren Lagern oder Standorten<\/li>\n<li>Verfolgen und Aufzeichnen von Bestandsbewegungen auf Paletten-Ebene<\/li>\n<li>Optimierung der Lagerbest\u00e4nde in den wichtigsten Produktionslinien, z. B. f\u00fcr Produkte mit begrenzter Haltbarkeit<\/li>\n<li>Verbesserung der Lieferzeiten<\/li>\n<\/ul>\n<h3>\n\t\tAlle Module f\u00fcr Packhausbetrieb\n\t<\/h3>\n<h3>\n\t<\/h3>\n\t<h3>Einkauf<\/h3>\n<h3>\n\t<\/h3>\n\t<h3>Logistik<\/h3>\n<h3>\n\t<\/h3>\n\t<h3>Qualit\u00e4t<\/h3>\n<h3>\n\t<\/h3>\n\t<h3>Lebensmittelsicherheit<\/h3>\n<h3>\n\t<\/h3>\n\t<h3>Produktion<\/h3>\n<h3>\n\t<\/h3>\n\t<h3>Verkauf<\/h3>\n<h3>\n\t<\/h3>\n\t<h3>Lagerverwaltung<\/h3>\n<h3>\n\t<\/h3>\n\t<h3>Warehouse Management Systemt<\/h3>\n<h3>\n\t<\/h3>\n\t<h3>Planung und<\/h3>\n<h3>Prognose<\/h3>\n<h3>\n\t<\/h3>\n\t<h3>Finanzwesen<\/h3>\n<h3>\n\t<\/h3>\n\t<h3>Business Intelligence<\/h3>\n<h3>\n\t<\/h3>\n\t<h3>Zollabwicklung \/ Zolllager<\/h3>\n\t<a href=\"\/?page_id=3835\">\n        <h3>Downloads<\/h3>\n            <h4>Brosch\u00fcre herunterladen<\/h4>\n<\/a>\n\t<a href=\"https:\/\/www.keelingsknowledge.com\/en\/10-tips-choosing-erp-software\/\">\n        <h3>Tipps<\/h3>\n            <h4>10 Tipps f\u00fcr die ERP-Auswahl<\/h4>\n<\/a>\n","protected":false},"excerpt":{"rendered":"<p>Packhaus Warehouse Management System (WMS) Warehouse Management System (WMS) Die branchenspezifische ERP-Software von Keelings Knowledge verf\u00fcgt \u00fcber ein umfangreiches WMS-Modul (Warehouse Management System) f\u00fcr eine detaillierte und genaue Bestandsverwaltung. Unser Implementierungsteam verf\u00fcgt \u00fcber fundiertes Hintergrundwissen in der Obst- und Gem\u00fcsedistribution, sodass wir Ihnen eine hervorragende L\u00f6sung anbieten k\u00f6nnen. Wir kombinieren unsere ERP-Software mit unserem operativen [&hellip;]<\/p>\n","protected":false},"author":1,"featured_media":3641,"parent":3874,"menu_order":0,"comment_status":"closed","ping_status":"closed","template":"full_width.php","meta":{"_genesis_hide_title":false,"_genesis_hide_breadcrumbs":false,"_genesis_hide_singular_image":false,"_genesis_hide_footer_widgets":false,"_genesis_custom_body_class":"","_genesis_custom_post_class":"","_genesis_layout":"","footnotes":""},"class_list":{"0":"post-3991","1":"page","2":"type-page","3":"status-publish","4":"has-post-thumbnail","6":"entry"},"yoast_head":"<!-- This site is optimized with the Yoast SEO plugin v26.2 - https:\/\/yoast.com\/wordpress\/plugins\/seo\/ -->\n<title>WMS-Modul f\u00fcr das Packhaus | Keelings Knowledge<\/title>\n<meta name=\"description\" content=\"Das Warehouse-Management-Modul (WMS) der Keelings Knowledge Software unterst\u00fctzt eine detaillierte und genaue Verwaltung des Lagerbestands in Packh\u00e4usern.\" \/>\n<meta name=\"robots\" content=\"index, follow, max-snippet:-1, max-image-preview:large, max-video-preview:-1\" \/>\n<link rel=\"canonical\" href=\"https:\/\/www.keelingsknowledge.com\/de\/erp-software\/packhaus\/warehouse-management\/\" \/>\n<meta property=\"og:locale\" content=\"de_DE\" \/>\n<meta property=\"og:type\" content=\"article\" \/>\n<meta property=\"og:title\" content=\"WMS-Modul f\u00fcr das Packhaus | Keelings Knowledge\" \/>\n<meta property=\"og:description\" content=\"Das Warehouse-Management-Modul (WMS) der Keelings Knowledge Software unterst\u00fctzt eine detaillierte und genaue Verwaltung des Lagerbestands in Packh\u00e4usern.\" \/>\n<meta property=\"og:url\" content=\"https:\/\/www.keelingsknowledge.com\/de\/erp-software\/packhaus\/warehouse-management\/\" \/>\n<meta property=\"og:site_name\" content=\"Keelings Knowledge\" \/>\n<meta property=\"article:modified_time\" content=\"2019-02-27T13:55:26+00:00\" \/>\n<meta property=\"og:image\" content=\"https:\/\/www.keelingsknowledge.com\/wp-content\/uploads\/2019\/01\/Warehouse-Management-System-Keelings-Knowledge-1.jpg\" \/>\n\t<meta property=\"og:image:width\" content=\"1920\" \/>\n\t<meta property=\"og:image:height\" content=\"1080\" \/>\n\t<meta property=\"og:image:type\" content=\"image\/jpeg\" \/>\n<meta name=\"twitter:card\" content=\"summary_large_image\" \/>\n<meta name=\"twitter:site\" content=\"@Knowledge_ERP\" \/>\n<meta name=\"twitter:label1\" content=\"Gesch\u00e4tzte Lesezeit\" \/>\n\t<meta name=\"twitter:data1\" content=\"2 Minuten\" \/>\n<script type=\"application\/ld+json\" class=\"yoast-schema-graph\">{\"@context\":\"https:\/\/schema.org\",\"@graph\":[{\"@type\":\"WebPage\",\"@id\":\"https:\/\/www.keelingsknowledge.com\/de\/erp-software\/packhaus\/warehouse-management\/\",\"url\":\"https:\/\/www.keelingsknowledge.com\/de\/erp-software\/packhaus\/warehouse-management\/\",\"name\":\"WMS-Modul f\u00fcr das Packhaus | Keelings Knowledge\",\"isPartOf\":{\"@id\":\"https:\/\/www.keelingsknowledge.com\/de\/#website\"},\"primaryImageOfPage\":{\"@id\":\"https:\/\/www.keelingsknowledge.com\/de\/erp-software\/packhaus\/warehouse-management\/#primaryimage\"},\"image\":{\"@id\":\"https:\/\/www.keelingsknowledge.com\/de\/erp-software\/packhaus\/warehouse-management\/#primaryimage\"},\"thumbnailUrl\":\"https:\/\/www.keelingsknowledge.com\/wp-content\/uploads\/2019\/01\/Warehouse-Management-System-Keelings-Knowledge-1.jpg\",\"datePublished\":\"2018-12-11T01:15:34+00:00\",\"dateModified\":\"2019-02-27T13:55:26+00:00\",\"description\":\"Das Warehouse-Management-Modul (WMS) der Keelings Knowledge Software unterst\u00fctzt eine detaillierte und genaue Verwaltung des Lagerbestands in Packh\u00e4usern.\",\"breadcrumb\":{\"@id\":\"https:\/\/www.keelingsknowledge.com\/de\/erp-software\/packhaus\/warehouse-management\/#breadcrumb\"},\"inLanguage\":\"de-DE\",\"potentialAction\":[{\"@type\":\"ReadAction\",\"target\":[\"https:\/\/www.keelingsknowledge.com\/de\/erp-software\/packhaus\/warehouse-management\/\"]}]},{\"@type\":\"ImageObject\",\"inLanguage\":\"de-DE\",\"@id\":\"https:\/\/www.keelingsknowledge.com\/de\/erp-software\/packhaus\/warehouse-management\/#primaryimage\",\"url\":\"https:\/\/www.keelingsknowledge.com\/wp-content\/uploads\/2019\/01\/Warehouse-Management-System-Keelings-Knowledge-1.jpg\",\"contentUrl\":\"https:\/\/www.keelingsknowledge.com\/wp-content\/uploads\/2019\/01\/Warehouse-Management-System-Keelings-Knowledge-1.jpg\",\"width\":1920,\"height\":1080,\"caption\":\"Scan Guns R\u00fcckverfolgbarkeit\"},{\"@type\":\"BreadcrumbList\",\"@id\":\"https:\/\/www.keelingsknowledge.com\/de\/erp-software\/packhaus\/warehouse-management\/#breadcrumb\",\"itemListElement\":[{\"@type\":\"ListItem\",\"position\":1,\"name\":\"Home\",\"item\":\"https:\/\/www.keelingsknowledge.com\/de\/\"},{\"@type\":\"ListItem\",\"position\":2,\"name\":\"L\u00f6sungen\",\"item\":\"https:\/\/www.keelingsknowledge.com\/de\/erp-software\/\"},{\"@type\":\"ListItem\",\"position\":3,\"name\":\"Packhausbetrieb\",\"item\":\"https:\/\/www.keelingsknowledge.com\/de\/erp-software\/packhaus\/\"},{\"@type\":\"ListItem\",\"position\":4,\"name\":\"Warehouse Management System (WMS)\"}]},{\"@type\":\"WebSite\",\"@id\":\"https:\/\/www.keelingsknowledge.com\/de\/#website\",\"url\":\"https:\/\/www.keelingsknowledge.com\/de\/\",\"name\":\"Keelings Knowledge\",\"description\":\"ERP Fresh Produce Solutions\",\"potentialAction\":[{\"@type\":\"SearchAction\",\"target\":{\"@type\":\"EntryPoint\",\"urlTemplate\":\"https:\/\/www.keelingsknowledge.com\/de\/?s={search_term_string}\"},\"query-input\":{\"@type\":\"PropertyValueSpecification\",\"valueRequired\":true,\"valueName\":\"search_term_string\"}}],\"inLanguage\":\"de-DE\"}]}<\/script>\n<!-- \/ Yoast SEO plugin. -->","yoast_head_json":{"title":"WMS-Modul f\u00fcr das Packhaus | Keelings Knowledge","description":"Das Warehouse-Management-Modul (WMS) der Keelings Knowledge Software unterst\u00fctzt eine detaillierte und genaue Verwaltung des Lagerbestands in Packh\u00e4usern.","robots":{"index":"index","follow":"follow","max-snippet":"max-snippet:-1","max-image-preview":"max-image-preview:large","max-video-preview":"max-video-preview:-1"},"canonical":"https:\/\/www.keelingsknowledge.com\/de\/erp-software\/packhaus\/warehouse-management\/","og_locale":"de_DE","og_type":"article","og_title":"WMS-Modul f\u00fcr das Packhaus | Keelings Knowledge","og_description":"Das Warehouse-Management-Modul (WMS) der Keelings Knowledge Software unterst\u00fctzt eine detaillierte und genaue Verwaltung des Lagerbestands in Packh\u00e4usern.","og_url":"https:\/\/www.keelingsknowledge.com\/de\/erp-software\/packhaus\/warehouse-management\/","og_site_name":"Keelings Knowledge","article_modified_time":"2019-02-27T13:55:26+00:00","og_image":[{"width":1920,"height":1080,"url":"https:\/\/www.keelingsknowledge.com\/wp-content\/uploads\/2019\/01\/Warehouse-Management-System-Keelings-Knowledge-1.jpg","type":"image\/jpeg"}],"twitter_card":"summary_large_image","twitter_site":"@Knowledge_ERP","twitter_misc":{"Gesch\u00e4tzte Lesezeit":"2 Minuten"},"schema":{"@context":"https:\/\/schema.org","@graph":[{"@type":"WebPage","@id":"https:\/\/www.keelingsknowledge.com\/de\/erp-software\/packhaus\/warehouse-management\/","url":"https:\/\/www.keelingsknowledge.com\/de\/erp-software\/packhaus\/warehouse-management\/","name":"WMS-Modul f\u00fcr das Packhaus | Keelings Knowledge","isPartOf":{"@id":"https:\/\/www.keelingsknowledge.com\/de\/#website"},"primaryImageOfPage":{"@id":"https:\/\/www.keelingsknowledge.com\/de\/erp-software\/packhaus\/warehouse-management\/#primaryimage"},"image":{"@id":"https:\/\/www.keelingsknowledge.com\/de\/erp-software\/packhaus\/warehouse-management\/#primaryimage"},"thumbnailUrl":"https:\/\/www.keelingsknowledge.com\/wp-content\/uploads\/2019\/01\/Warehouse-Management-System-Keelings-Knowledge-1.jpg","datePublished":"2018-12-11T01:15:34+00:00","dateModified":"2019-02-27T13:55:26+00:00","description":"Das Warehouse-Management-Modul (WMS) der Keelings Knowledge Software unterst\u00fctzt eine detaillierte und genaue Verwaltung des Lagerbestands in Packh\u00e4usern.","breadcrumb":{"@id":"https:\/\/www.keelingsknowledge.com\/de\/erp-software\/packhaus\/warehouse-management\/#breadcrumb"},"inLanguage":"de-DE","potentialAction":[{"@type":"ReadAction","target":["https:\/\/www.keelingsknowledge.com\/de\/erp-software\/packhaus\/warehouse-management\/"]}]},{"@type":"ImageObject","inLanguage":"de-DE","@id":"https:\/\/www.keelingsknowledge.com\/de\/erp-software\/packhaus\/warehouse-management\/#primaryimage","url":"https:\/\/www.keelingsknowledge.com\/wp-content\/uploads\/2019\/01\/Warehouse-Management-System-Keelings-Knowledge-1.jpg","contentUrl":"https:\/\/www.keelingsknowledge.com\/wp-content\/uploads\/2019\/01\/Warehouse-Management-System-Keelings-Knowledge-1.jpg","width":1920,"height":1080,"caption":"Scan Guns R\u00fcckverfolgbarkeit"},{"@type":"BreadcrumbList","@id":"https:\/\/www.keelingsknowledge.com\/de\/erp-software\/packhaus\/warehouse-management\/#breadcrumb","itemListElement":[{"@type":"ListItem","position":1,"name":"Home","item":"https:\/\/www.keelingsknowledge.com\/de\/"},{"@type":"ListItem","position":2,"name":"L\u00f6sungen","item":"https:\/\/www.keelingsknowledge.com\/de\/erp-software\/"},{"@type":"ListItem","position":3,"name":"Packhausbetrieb","item":"https:\/\/www.keelingsknowledge.com\/de\/erp-software\/packhaus\/"},{"@type":"ListItem","position":4,"name":"Warehouse Management System (WMS)"}]},{"@type":"WebSite","@id":"https:\/\/www.keelingsknowledge.com\/de\/#website","url":"https:\/\/www.keelingsknowledge.com\/de\/","name":"Keelings Knowledge","description":"ERP Fresh Produce Solutions","potentialAction":[{"@type":"SearchAction","target":{"@type":"EntryPoint","urlTemplate":"https:\/\/www.keelingsknowledge.com\/de\/?s={search_term_string}"},"query-input":{"@type":"PropertyValueSpecification","valueRequired":true,"valueName":"search_term_string"}}],"inLanguage":"de-DE"}]}},"_links":{"self":[{"href":"https:\/\/www.keelingsknowledge.com\/de\/wp-json\/wp\/v2\/pages\/3991","targetHints":{"allow":["GET"]}}],"collection":[{"href":"https:\/\/www.keelingsknowledge.com\/de\/wp-json\/wp\/v2\/pages"}],"about":[{"href":"https:\/\/www.keelingsknowledge.com\/de\/wp-json\/wp\/v2\/types\/page"}],"author":[{"embeddable":true,"href":"https:\/\/www.keelingsknowledge.com\/de\/wp-json\/wp\/v2\/users\/1"}],"replies":[{"embeddable":true,"href":"https:\/\/www.keelingsknowledge.com\/de\/wp-json\/wp\/v2\/comments?post=3991"}],"version-history":[{"count":0,"href":"https:\/\/www.keelingsknowledge.com\/de\/wp-json\/wp\/v2\/pages\/3991\/revisions"}],"up":[{"embeddable":true,"href":"https:\/\/www.keelingsknowledge.com\/de\/wp-json\/wp\/v2\/pages\/3874"}],"wp:featuredmedia":[{"embeddable":true,"href":"https:\/\/www.keelingsknowledge.com\/de\/wp-json\/wp\/v2\/media\/3641"}],"wp:attachment":[{"href":"https:\/\/www.keelingsknowledge.com\/de\/wp-json\/wp\/v2\/media?parent=3991"}],"curies":[{"name":"wp","href":"https:\/\/api.w.org\/{rel}","templated":true}]}}