{"id":3993,"date":"2018-12-11T01:13:10","date_gmt":"2018-12-11T01:13:10","guid":{"rendered":"https:\/\/www.keelingsknowledge.com\/erp-software\/pack-house\/logistics-software\/"},"modified":"2019-03-12T13:28:37","modified_gmt":"2019-03-12T13:28:37","slug":"logistik","status":"publish","type":"page","link":"https:\/\/www.keelingsknowledge.com\/de\/erp-software\/packhaus\/logistik\/","title":{"rendered":"Logistik"},"content":{"rendered":"\n<h2>\n\t\tPackhaus\n\t<\/h2>\n<h1>\n\t\tLogistik\n\t<\/h1>\n\t<h4>Logistik<\/h4>\n<p>Unser Logistik-Modul kann f\u00fcr verschiedene Bereiche verwendet werden, um den Transport eingehender Lieferungen auf der Stra\u00dfe, zu Wasser und in der Luft zu planen. Sie k\u00f6nnen auch die Logistikkosten erfassen, die anfallen, um das Produkt zur Rampe im Warenausgang Ihres Unternehmens zu bringen. Spezielle Funktionen helfen beim Warenfluss durch die Zollabfertigung (Aufbewahrung von Unterlagen, Status, Kosten), bei der Planung des Wareneingangs und vielem mehr. Ein weiterer Vorteil ist, dass man eine Transportladung auch mit G\u00fctern von verschiedenen Standorten zusammenstellen kann, um diese dann an einen oder mehrere Kunden auszuliefern. Gleichzeitig k\u00f6nnte man unterschiedliche Temperaturen f\u00fcr ein und denselben LKW im System hinterlegen.<\/p>\n<p>In unserem Logistik-Modul sind auch Elemente zur Bestandsverwaltung enthalten, um den Transport der Endprodukte sowie das Laden, entsprechende Ladepl\u00e4ne und Lieferavise (ASNs) und ggf. andere Transportdokumente im System verwalten zu k\u00f6nnen. Zur Vereinfachung erm\u00f6glichen wir es mobilen Ger\u00e4ten, Zustellnachweise (POD) zu erfassen.<\/p>\n\t<h4>Vorteile<\/h4>\n<ul>\n<li>EDI ist f\u00fcr verschiedene ein- und ausgehende logistische Prozesse einsetzbar<\/li>\n<li>Bessere Echtzeit-Einsicht in den gelieferten Bestand<\/li>\n<li>Optimierte Lagerbest\u00e4nde in der gesamten Lieferkette: Feld \/ Container \/ Lager<\/li>\n<li>Ein integriertes System mit Echtzeit-Daten<\/li>\n<li>Nahtlose Integration zwischen mobilen und Desktop-Funktionen<\/li>\n<li>Unterst\u00fctzt Skalierbarkeit im Betrieb<\/li>\n<li>Automatisierung interner Prozesse mit kontrollierten Arbeitsabl\u00e4ufen f\u00fcr wichtige betriebliche Aufgaben<\/li>\n<li>Schnittstelle f\u00fcr Fremdsysteme, z. B. f\u00fcr die Zollabfertigung<\/li>\n<\/ul>\n\t<h4>Funktionen<\/h4>\n<ul>\n<li>Interne und externe Umlagerungen in Echtzeit<\/li>\n<li>Status der Zollgeb\u00fchren und entsprechende Dokumentation<\/li>\n<li>Mobiles Echtzeit-Scannen von Sendungen im Warenausgang<\/li>\n<li>Frachtplanung im Wareneingang f\u00fcr mehrere Bestellungen (POs)<\/li>\n<li>Planung der Wareneingangs- und Zeitfensterzuordnung<\/li>\n<li>Planung der ausgehenden Fracht (mehrere Kunden \/ mehrere Zeitr\u00e4ume) in einer Ladung<\/li>\n<li>Verwaltung verschiedener Logistikeinheiten wie Kisten \/ Boxen \/ K\u00e4fige \/ Wagen<\/li>\n<li>Spezifische Funktionalit\u00e4t f\u00fcr Schnittblumen und Pflanzen<\/li>\n<li>Modul f\u00fcr Manager des eigenen Fuhrparks<\/li>\n<li>Electronic Data Interchange (EDI) &#8211; eingehend \/ ausgehend<\/li>\n<li>Zustellnachweise (POD \u2013 Proof of Delivery)<\/li>\n<li>Erstellung und Verwaltung von Frachtbriefen (digital \/ Papier)<\/li>\n<li>Warenr\u00fcckgabe des Kunden<\/li>\n<li>EDI-Support f\u00fcr ein- und ausgehende logistische Prozesse<\/li>\n<\/ul>\n<h3>\n\t\tAlle Module f\u00fcr Packhausbetrieb\n\t<\/h3>\n<h3>\n\t<\/h3>\n\t<h3>Einkauf<\/h3>\n<h3>\n\t<\/h3>\n\t<h3>Logistik<\/h3>\n<h3>\n\t<\/h3>\n\t<h3>Qualit\u00e4t<\/h3>\n<h3>\n\t<\/h3>\n\t<h3>Lebensmittelsicherheit<\/h3>\n<h3>\n\t<\/h3>\n\t<h3>Produktion<\/h3>\n<h3>\n\t<\/h3>\n\t<h3>Verkauf<\/h3>\n<h3>\n\t<\/h3>\n\t<h3>Lagerverwaltung<\/h3>\n<h3>\n\t<\/h3>\n\t<h3>Warehouse Management Systemt<\/h3>\n<h3>\n\t<\/h3>\n\t<h3>Planung und<\/h3>\n<h3>Prognose<\/h3>\n<h3>\n\t<\/h3>\n\t<h3>Finanzwesen<\/h3>\n<h3>\n\t<\/h3>\n\t<h3>Business Intelligence<\/h3>\n<h3>\n\t<\/h3>\n\t<h3>Zollabwicklung \/ Zolllager<\/h3>\n\t<a href=\"\/?page_id=3835\">\n        <h3>Downloads<\/h3>\n            <h4>Brosch\u00fcre herunterladen<\/h4>\n<\/a>\n\t<a href=\"https:\/\/www.keelingsknowledge.com\/en\/10-tips-choosing-erp-software\/\">\n        <h3>Tipps<\/h3>\n            <h4>10 Tipps f\u00fcr die ERP-Auswahl<\/h4>\n<\/a>\n","protected":false},"excerpt":{"rendered":"<p>Packhaus Logistik Logistik Unser Logistik-Modul kann f\u00fcr verschiedene Bereiche verwendet werden, um den Transport eingehender Lieferungen auf der Stra\u00dfe, zu Wasser und in der Luft zu planen. Sie k\u00f6nnen auch die Logistikkosten erfassen, die anfallen, um das Produkt zur Rampe im Warenausgang Ihres Unternehmens zu bringen. Spezielle Funktionen helfen beim Warenfluss durch die Zollabfertigung (Aufbewahrung [&hellip;]<\/p>\n","protected":false},"author":1,"featured_media":2759,"parent":3874,"menu_order":0,"comment_status":"closed","ping_status":"closed","template":"full_width.php","meta":{"_genesis_hide_title":false,"_genesis_hide_breadcrumbs":false,"_genesis_hide_singular_image":false,"_genesis_hide_footer_widgets":false,"_genesis_custom_body_class":"","_genesis_custom_post_class":"","_genesis_layout":"","footnotes":""},"class_list":{"0":"post-3993","1":"page","2":"type-page","3":"status-publish","4":"has-post-thumbnail","6":"entry"},"yoast_head":"<!-- This site is optimized with the Yoast SEO plugin v26.2 - https:\/\/yoast.com\/wordpress\/plugins\/seo\/ -->\n<title>Logistikmodul f\u00fcr das Packhaus | Keelings Knowledge<\/title>\n<meta name=\"description\" content=\"Das Logistikmodul von Keelings Knowledge ERP \u00fcbernimmt die logistischen Aufgaben in Packhausbetrieben, z.B. Einplanung des eingehenden Transports und Kostenerfassung.\" \/>\n<meta name=\"robots\" content=\"index, follow, max-snippet:-1, max-image-preview:large, max-video-preview:-1\" \/>\n<link rel=\"canonical\" href=\"https:\/\/www.keelingsknowledge.com\/de\/erp-software\/packhaus\/logistik\/\" \/>\n<meta property=\"og:locale\" content=\"de_DE\" \/>\n<meta property=\"og:type\" content=\"article\" \/>\n<meta property=\"og:title\" content=\"Logistikmodul f\u00fcr das Packhaus | Keelings Knowledge\" \/>\n<meta property=\"og:description\" content=\"Das Logistikmodul von Keelings Knowledge ERP \u00fcbernimmt die logistischen Aufgaben in Packhausbetrieben, z.B. Einplanung des eingehenden Transports und Kostenerfassung.\" \/>\n<meta property=\"og:url\" content=\"https:\/\/www.keelingsknowledge.com\/de\/erp-software\/packhaus\/logistik\/\" \/>\n<meta property=\"og:site_name\" content=\"Keelings Knowledge\" \/>\n<meta property=\"article:modified_time\" content=\"2019-03-12T13:28:37+00:00\" \/>\n<meta property=\"og:image\" content=\"https:\/\/www.keelingsknowledge.com\/wp-content\/uploads\/2018\/12\/Logistics.jpg\" \/>\n\t<meta property=\"og:image:width\" content=\"1920\" \/>\n\t<meta property=\"og:image:height\" content=\"1080\" \/>\n\t<meta property=\"og:image:type\" content=\"image\/jpeg\" \/>\n<meta name=\"twitter:card\" content=\"summary_large_image\" \/>\n<meta name=\"twitter:site\" content=\"@Knowledge_ERP\" \/>\n<meta name=\"twitter:label1\" content=\"Gesch\u00e4tzte Lesezeit\" \/>\n\t<meta name=\"twitter:data1\" content=\"2 Minuten\" \/>\n<script type=\"application\/ld+json\" class=\"yoast-schema-graph\">{\"@context\":\"https:\/\/schema.org\",\"@graph\":[{\"@type\":\"WebPage\",\"@id\":\"https:\/\/www.keelingsknowledge.com\/de\/erp-software\/packhaus\/logistik\/\",\"url\":\"https:\/\/www.keelingsknowledge.com\/de\/erp-software\/packhaus\/logistik\/\",\"name\":\"Logistikmodul f\u00fcr das Packhaus | Keelings Knowledge\",\"isPartOf\":{\"@id\":\"https:\/\/www.keelingsknowledge.com\/de\/#website\"},\"primaryImageOfPage\":{\"@id\":\"https:\/\/www.keelingsknowledge.com\/de\/erp-software\/packhaus\/logistik\/#primaryimage\"},\"image\":{\"@id\":\"https:\/\/www.keelingsknowledge.com\/de\/erp-software\/packhaus\/logistik\/#primaryimage\"},\"thumbnailUrl\":\"https:\/\/www.keelingsknowledge.com\/wp-content\/uploads\/2018\/12\/Logistics.jpg\",\"datePublished\":\"2018-12-11T01:13:10+00:00\",\"dateModified\":\"2019-03-12T13:28:37+00:00\",\"description\":\"Das Logistikmodul von Keelings Knowledge ERP \u00fcbernimmt die logistischen Aufgaben in Packhausbetrieben, z.B. Einplanung des eingehenden Transports und Kostenerfassung.\",\"breadcrumb\":{\"@id\":\"https:\/\/www.keelingsknowledge.com\/de\/erp-software\/packhaus\/logistik\/#breadcrumb\"},\"inLanguage\":\"de-DE\",\"potentialAction\":[{\"@type\":\"ReadAction\",\"target\":[\"https:\/\/www.keelingsknowledge.com\/de\/erp-software\/packhaus\/logistik\/\"]}]},{\"@type\":\"ImageObject\",\"inLanguage\":\"de-DE\",\"@id\":\"https:\/\/www.keelingsknowledge.com\/de\/erp-software\/packhaus\/logistik\/#primaryimage\",\"url\":\"https:\/\/www.keelingsknowledge.com\/wp-content\/uploads\/2018\/12\/Logistics.jpg\",\"contentUrl\":\"https:\/\/www.keelingsknowledge.com\/wp-content\/uploads\/2018\/12\/Logistics.jpg\",\"width\":1920,\"height\":1080,\"caption\":\"Lkw bei Sonnenuntergang auf der Autobahn, symbolisiert den G\u00fctertransport und die Logistikbranche.\"},{\"@type\":\"BreadcrumbList\",\"@id\":\"https:\/\/www.keelingsknowledge.com\/de\/erp-software\/packhaus\/logistik\/#breadcrumb\",\"itemListElement\":[{\"@type\":\"ListItem\",\"position\":1,\"name\":\"Home\",\"item\":\"https:\/\/www.keelingsknowledge.com\/de\/\"},{\"@type\":\"ListItem\",\"position\":2,\"name\":\"L\u00f6sungen\",\"item\":\"https:\/\/www.keelingsknowledge.com\/de\/erp-software\/\"},{\"@type\":\"ListItem\",\"position\":3,\"name\":\"Packhausbetrieb\",\"item\":\"https:\/\/www.keelingsknowledge.com\/de\/erp-software\/packhaus\/\"},{\"@type\":\"ListItem\",\"position\":4,\"name\":\"Logistik\"}]},{\"@type\":\"WebSite\",\"@id\":\"https:\/\/www.keelingsknowledge.com\/de\/#website\",\"url\":\"https:\/\/www.keelingsknowledge.com\/de\/\",\"name\":\"Keelings Knowledge\",\"description\":\"ERP Fresh Produce Solutions\",\"potentialAction\":[{\"@type\":\"SearchAction\",\"target\":{\"@type\":\"EntryPoint\",\"urlTemplate\":\"https:\/\/www.keelingsknowledge.com\/de\/?s={search_term_string}\"},\"query-input\":{\"@type\":\"PropertyValueSpecification\",\"valueRequired\":true,\"valueName\":\"search_term_string\"}}],\"inLanguage\":\"de-DE\"}]}<\/script>\n<!-- \/ Yoast SEO plugin. -->","yoast_head_json":{"title":"Logistikmodul f\u00fcr das Packhaus | Keelings Knowledge","description":"Das Logistikmodul von Keelings Knowledge ERP \u00fcbernimmt die logistischen Aufgaben in Packhausbetrieben, z.B. Einplanung des eingehenden Transports und Kostenerfassung.","robots":{"index":"index","follow":"follow","max-snippet":"max-snippet:-1","max-image-preview":"max-image-preview:large","max-video-preview":"max-video-preview:-1"},"canonical":"https:\/\/www.keelingsknowledge.com\/de\/erp-software\/packhaus\/logistik\/","og_locale":"de_DE","og_type":"article","og_title":"Logistikmodul f\u00fcr das Packhaus | Keelings Knowledge","og_description":"Das Logistikmodul von Keelings Knowledge ERP \u00fcbernimmt die logistischen Aufgaben in Packhausbetrieben, z.B. Einplanung des eingehenden Transports und Kostenerfassung.","og_url":"https:\/\/www.keelingsknowledge.com\/de\/erp-software\/packhaus\/logistik\/","og_site_name":"Keelings Knowledge","article_modified_time":"2019-03-12T13:28:37+00:00","og_image":[{"width":1920,"height":1080,"url":"https:\/\/www.keelingsknowledge.com\/wp-content\/uploads\/2018\/12\/Logistics.jpg","type":"image\/jpeg"}],"twitter_card":"summary_large_image","twitter_site":"@Knowledge_ERP","twitter_misc":{"Gesch\u00e4tzte Lesezeit":"2 Minuten"},"schema":{"@context":"https:\/\/schema.org","@graph":[{"@type":"WebPage","@id":"https:\/\/www.keelingsknowledge.com\/de\/erp-software\/packhaus\/logistik\/","url":"https:\/\/www.keelingsknowledge.com\/de\/erp-software\/packhaus\/logistik\/","name":"Logistikmodul f\u00fcr das Packhaus | Keelings Knowledge","isPartOf":{"@id":"https:\/\/www.keelingsknowledge.com\/de\/#website"},"primaryImageOfPage":{"@id":"https:\/\/www.keelingsknowledge.com\/de\/erp-software\/packhaus\/logistik\/#primaryimage"},"image":{"@id":"https:\/\/www.keelingsknowledge.com\/de\/erp-software\/packhaus\/logistik\/#primaryimage"},"thumbnailUrl":"https:\/\/www.keelingsknowledge.com\/wp-content\/uploads\/2018\/12\/Logistics.jpg","datePublished":"2018-12-11T01:13:10+00:00","dateModified":"2019-03-12T13:28:37+00:00","description":"Das Logistikmodul von Keelings Knowledge ERP \u00fcbernimmt die logistischen Aufgaben in Packhausbetrieben, z.B. Einplanung des eingehenden Transports und Kostenerfassung.","breadcrumb":{"@id":"https:\/\/www.keelingsknowledge.com\/de\/erp-software\/packhaus\/logistik\/#breadcrumb"},"inLanguage":"de-DE","potentialAction":[{"@type":"ReadAction","target":["https:\/\/www.keelingsknowledge.com\/de\/erp-software\/packhaus\/logistik\/"]}]},{"@type":"ImageObject","inLanguage":"de-DE","@id":"https:\/\/www.keelingsknowledge.com\/de\/erp-software\/packhaus\/logistik\/#primaryimage","url":"https:\/\/www.keelingsknowledge.com\/wp-content\/uploads\/2018\/12\/Logistics.jpg","contentUrl":"https:\/\/www.keelingsknowledge.com\/wp-content\/uploads\/2018\/12\/Logistics.jpg","width":1920,"height":1080,"caption":"Lkw bei Sonnenuntergang auf der Autobahn, symbolisiert den G\u00fctertransport und die Logistikbranche."},{"@type":"BreadcrumbList","@id":"https:\/\/www.keelingsknowledge.com\/de\/erp-software\/packhaus\/logistik\/#breadcrumb","itemListElement":[{"@type":"ListItem","position":1,"name":"Home","item":"https:\/\/www.keelingsknowledge.com\/de\/"},{"@type":"ListItem","position":2,"name":"L\u00f6sungen","item":"https:\/\/www.keelingsknowledge.com\/de\/erp-software\/"},{"@type":"ListItem","position":3,"name":"Packhausbetrieb","item":"https:\/\/www.keelingsknowledge.com\/de\/erp-software\/packhaus\/"},{"@type":"ListItem","position":4,"name":"Logistik"}]},{"@type":"WebSite","@id":"https:\/\/www.keelingsknowledge.com\/de\/#website","url":"https:\/\/www.keelingsknowledge.com\/de\/","name":"Keelings Knowledge","description":"ERP Fresh Produce Solutions","potentialAction":[{"@type":"SearchAction","target":{"@type":"EntryPoint","urlTemplate":"https:\/\/www.keelingsknowledge.com\/de\/?s={search_term_string}"},"query-input":{"@type":"PropertyValueSpecification","valueRequired":true,"valueName":"search_term_string"}}],"inLanguage":"de-DE"}]}},"_links":{"self":[{"href":"https:\/\/www.keelingsknowledge.com\/de\/wp-json\/wp\/v2\/pages\/3993","targetHints":{"allow":["GET"]}}],"collection":[{"href":"https:\/\/www.keelingsknowledge.com\/de\/wp-json\/wp\/v2\/pages"}],"about":[{"href":"https:\/\/www.keelingsknowledge.com\/de\/wp-json\/wp\/v2\/types\/page"}],"author":[{"embeddable":true,"href":"https:\/\/www.keelingsknowledge.com\/de\/wp-json\/wp\/v2\/users\/1"}],"replies":[{"embeddable":true,"href":"https:\/\/www.keelingsknowledge.com\/de\/wp-json\/wp\/v2\/comments?post=3993"}],"version-history":[{"count":0,"href":"https:\/\/www.keelingsknowledge.com\/de\/wp-json\/wp\/v2\/pages\/3993\/revisions"}],"up":[{"embeddable":true,"href":"https:\/\/www.keelingsknowledge.com\/de\/wp-json\/wp\/v2\/pages\/3874"}],"wp:featuredmedia":[{"embeddable":true,"href":"https:\/\/www.keelingsknowledge.com\/de\/wp-json\/wp\/v2\/media\/2759"}],"wp:attachment":[{"href":"https:\/\/www.keelingsknowledge.com\/de\/wp-json\/wp\/v2\/media?parent=3993"}],"curies":[{"name":"wp","href":"https:\/\/api.w.org\/{rel}","templated":true}]}}