{"id":3995,"date":"2018-12-11T01:15:04","date_gmt":"2018-12-11T01:15:04","guid":{"rendered":"https:\/\/www.keelingsknowledge.com\/erp-software\/pack-house\/stock-management\/"},"modified":"2019-02-27T13:54:21","modified_gmt":"2019-02-27T13:54:21","slug":"lagerverwaltung","status":"publish","type":"page","link":"https:\/\/www.keelingsknowledge.com\/de\/erp-software\/packhaus\/lagerverwaltung\/","title":{"rendered":"Lagerverwaltung"},"content":{"rendered":"<h2>\n\t\tPackhaus\n\t<\/h2>\n<h1>\n\t\tLagerverwaltung\n\t<\/h1>\n\t<h4>Lagerverwaltung<\/h4>\n<p>Die Lagerverwaltung wird umso schwieriger, je mehr Produkte Sie handeln. Die Obst- und Gem\u00fcsebranche ist komplex und Ihre ERP-Software muss in der Lage sein, alle Lagerbewegungen in der gesamten Lieferkette zu verwalten. Nur so kann sich Ihr Unternehmen auf die Lagerbest\u00e4nde im System verlassen und auf dieser Basis wichtige Gesch\u00e4ftsentscheidungen treffen. Echtzeit und genaue Bestandsaufnahmen sind in dieser Branche von entscheidender Bedeutung. Unser System verweist sofort auf Diskrepanzen, welche direkt an das Team, welches sich um die Bestandverwaltung k\u00fcmmert weitergeleitet wird. Die Mitarbeiter k\u00f6nnen dann sofort pr\u00fcfen, wie die Diskrepanz entstanden ist und die richtigen Daten ins System einflie\u00dfen lassen<\/p>\n\t<h4>Vorteile<\/h4>\n<ul>\n<li>Genauere Lagerdaten<\/li>\n<li>Effizientere Lagermitarbeiter<\/li>\n<li>Echtzeit-Warenbestand<\/li>\n<li>Reagieren Sie schnell auf Waren\u00fcberschuss<\/li>\n<li>Steigern Sie den Warenumschlag<\/li>\n<li>Erg\u00e4nzen Sie den Bestand rechtzeitig<\/li>\n<li>Verwalten Sie den Bestand an Paletten und Kisten mit Kunden und Lieferanten<\/li>\n<\/ul>\n\t<h4>Funktionen<\/h4>\n<ul>\n<li>Echtzeit-\u00dcbersicht des verf\u00fcgbaren Bestands<\/li>\n<li>Einsicht in alle Inventur-Transaktionen<\/li>\n<li>Lagerverwaltung in mehreren Lagern<\/li>\n<li>Abfallwirtschaft<\/li>\n<li>Mobile Ger\u00e4te zur \u00dcberpr\u00fcfung des Lagerbestands<\/li>\n<li>Benachrichtigung sobald Diskrepanzen im Lagerbestand auftreten<\/li>\n<li>M\u00f6glichkeit, nicht auffindbare Waren so zu markieren, dass Sie nicht f\u00fcr die Produktion verwendet werden k\u00f6nnen<\/li>\n<li>Bestandsanpassungen<\/li>\n<li>Paletten k\u00f6nnen im System zusammengesetzt werden<\/li>\n<li>Palleten k\u00f6nnen im System geteilt werden<\/li>\n<li>Der Bestand an Kisten und Paletten kann verwaltet werden<\/li>\n<\/ul>\n<h3>\n\t\tAlle Module f\u00fcr Packhausbetrieb\n\t<\/h3>\n<h3>\n\t<\/h3>\n\t<h3>Einkauf<\/h3>\n<h3>\n\t<\/h3>\n\t<h3>Logistik<\/h3>\n<h3>\n\t<\/h3>\n\t<h3>Qualit\u00e4t<\/h3>\n<h3>\n\t<\/h3>\n\t<h3>Lebensmittelsicherheit<\/h3>\n<h3>\n\t<\/h3>\n\t<h3>Produktion<\/h3>\n<h3>\n\t<\/h3>\n\t<h3>Verkauf<\/h3>\n<h3>\n\t<\/h3>\n\t<h3>Lagerverwaltung<\/h3>\n<h3>\n\t<\/h3>\n\t<h3>Warehouse Management Systemt<\/h3>\n<h3>\n\t<\/h3>\n\t<h3>Planung und<\/h3>\n<h3>Prognose<\/h3>\n<h3>\n\t<\/h3>\n\t<h3>Finanzwesen<\/h3>\n<h3>\n\t<\/h3>\n\t<h3>Business Intelligence<\/h3>\n<h3>\n\t<\/h3>\n\t<h3>Zollabwicklung \/ Zolllager<\/h3>\n\t<a href=\"\/?page_id=3835\">\n        <h3>Downloads<\/h3>\n            <h4>Brosch\u00fcre herunterladen<\/h4>\n<\/a>\n\t<a href=\"https:\/\/www.keelingsknowledge.com\/en\/10-tips-choosing-erp-software\/\">\n        <h3>Tipps<\/h3>\n            <h4>10 Tipps f\u00fcr die ERP-Auswahl<\/h4>\n<\/a>\n","protected":false},"excerpt":{"rendered":"<p>Packhaus Lagerverwaltung Lagerverwaltung Die Lagerverwaltung wird umso schwieriger, je mehr Produkte Sie handeln. Die Obst- und Gem\u00fcsebranche ist komplex und Ihre ERP-Software muss in der Lage sein, alle Lagerbewegungen in der gesamten Lieferkette zu verwalten. Nur so kann sich Ihr Unternehmen auf die Lagerbest\u00e4nde im System verlassen und auf dieser Basis wichtige Gesch\u00e4ftsentscheidungen treffen. Echtzeit [&hellip;]<\/p>\n","protected":false},"author":1,"featured_media":1993,"parent":3874,"menu_order":0,"comment_status":"closed","ping_status":"closed","template":"full_width.php","meta":{"_genesis_hide_title":false,"_genesis_hide_breadcrumbs":false,"_genesis_hide_singular_image":false,"_genesis_hide_footer_widgets":false,"_genesis_custom_body_class":"","_genesis_custom_post_class":"","_genesis_layout":"","footnotes":""},"class_list":{"0":"post-3995","1":"page","2":"type-page","3":"status-publish","4":"has-post-thumbnail","6":"entry"},"yoast_head":"<!-- This site is optimized with the Yoast SEO plugin v26.2 - https:\/\/yoast.com\/wordpress\/plugins\/seo\/ -->\n<title>Lagerverwaltung f\u00fcr das Packhaus | Keelings Knowledge<\/title>\n<meta name=\"description\" content=\"Das Lagerverwaltungsmodul der Keelings Knowledge Software unterst\u00fctzt die Lagerverwaltung in Packh\u00e4usern. Bereitstellung genauer Lagerbest\u00e4nde in Echtzeit.\" \/>\n<meta name=\"robots\" content=\"index, follow, max-snippet:-1, max-image-preview:large, max-video-preview:-1\" \/>\n<link rel=\"canonical\" href=\"https:\/\/www.keelingsknowledge.com\/de\/erp-software\/packhaus\/lagerverwaltung\/\" \/>\n<meta property=\"og:locale\" content=\"de_DE\" \/>\n<meta property=\"og:type\" content=\"article\" \/>\n<meta property=\"og:title\" content=\"Lagerverwaltung f\u00fcr das Packhaus | Keelings Knowledge\" \/>\n<meta property=\"og:description\" content=\"Das Lagerverwaltungsmodul der Keelings Knowledge Software unterst\u00fctzt die Lagerverwaltung in Packh\u00e4usern. Bereitstellung genauer Lagerbest\u00e4nde in Echtzeit.\" \/>\n<meta property=\"og:url\" content=\"https:\/\/www.keelingsknowledge.com\/de\/erp-software\/packhaus\/lagerverwaltung\/\" \/>\n<meta property=\"og:site_name\" content=\"Keelings Knowledge\" \/>\n<meta property=\"article:modified_time\" content=\"2019-02-27T13:54:21+00:00\" \/>\n<meta property=\"og:image\" content=\"https:\/\/www.keelingsknowledge.com\/wp-content\/uploads\/2018\/08\/Keelings-Solutions-Video-6-Screen-Front.jpg\" \/>\n\t<meta property=\"og:image:width\" content=\"1920\" \/>\n\t<meta property=\"og:image:height\" content=\"1080\" \/>\n\t<meta property=\"og:image:type\" content=\"image\/jpeg\" \/>\n<meta name=\"twitter:card\" content=\"summary_large_image\" \/>\n<meta name=\"twitter:site\" content=\"@Knowledge_ERP\" \/>\n<meta name=\"twitter:label1\" content=\"Gesch\u00e4tzte Lesezeit\" \/>\n\t<meta name=\"twitter:data1\" content=\"1 Minute\" \/>\n<script type=\"application\/ld+json\" class=\"yoast-schema-graph\">{\"@context\":\"https:\/\/schema.org\",\"@graph\":[{\"@type\":\"WebPage\",\"@id\":\"https:\/\/www.keelingsknowledge.com\/de\/erp-software\/packhaus\/lagerverwaltung\/\",\"url\":\"https:\/\/www.keelingsknowledge.com\/de\/erp-software\/packhaus\/lagerverwaltung\/\",\"name\":\"Lagerverwaltung f\u00fcr das Packhaus | Keelings Knowledge\",\"isPartOf\":{\"@id\":\"https:\/\/www.keelingsknowledge.com\/de\/#website\"},\"primaryImageOfPage\":{\"@id\":\"https:\/\/www.keelingsknowledge.com\/de\/erp-software\/packhaus\/lagerverwaltung\/#primaryimage\"},\"image\":{\"@id\":\"https:\/\/www.keelingsknowledge.com\/de\/erp-software\/packhaus\/lagerverwaltung\/#primaryimage\"},\"thumbnailUrl\":\"https:\/\/www.keelingsknowledge.com\/wp-content\/uploads\/2018\/08\/Keelings-Solutions-Video-6-Screen-Front.jpg\",\"datePublished\":\"2018-12-11T01:15:04+00:00\",\"dateModified\":\"2019-02-27T13:54:21+00:00\",\"description\":\"Das Lagerverwaltungsmodul der Keelings Knowledge Software unterst\u00fctzt die Lagerverwaltung in Packh\u00e4usern. Bereitstellung genauer Lagerbest\u00e4nde in Echtzeit.\",\"breadcrumb\":{\"@id\":\"https:\/\/www.keelingsknowledge.com\/de\/erp-software\/packhaus\/lagerverwaltung\/#breadcrumb\"},\"inLanguage\":\"de-DE\",\"potentialAction\":[{\"@type\":\"ReadAction\",\"target\":[\"https:\/\/www.keelingsknowledge.com\/de\/erp-software\/packhaus\/lagerverwaltung\/\"]}]},{\"@type\":\"ImageObject\",\"inLanguage\":\"de-DE\",\"@id\":\"https:\/\/www.keelingsknowledge.com\/de\/erp-software\/packhaus\/lagerverwaltung\/#primaryimage\",\"url\":\"https:\/\/www.keelingsknowledge.com\/wp-content\/uploads\/2018\/08\/Keelings-Solutions-Video-6-Screen-Front.jpg\",\"contentUrl\":\"https:\/\/www.keelingsknowledge.com\/wp-content\/uploads\/2018\/08\/Keelings-Solutions-Video-6-Screen-Front.jpg\",\"width\":1920,\"height\":1080,\"caption\":\"Mitarbeiter in gr\u00fcner Arbeitskleidung \u00fcberwacht Produktionsdaten auf einem Computerbildschirm in einem Fabrikraum.\"},{\"@type\":\"BreadcrumbList\",\"@id\":\"https:\/\/www.keelingsknowledge.com\/de\/erp-software\/packhaus\/lagerverwaltung\/#breadcrumb\",\"itemListElement\":[{\"@type\":\"ListItem\",\"position\":1,\"name\":\"Home\",\"item\":\"https:\/\/www.keelingsknowledge.com\/de\/\"},{\"@type\":\"ListItem\",\"position\":2,\"name\":\"L\u00f6sungen\",\"item\":\"https:\/\/www.keelingsknowledge.com\/de\/erp-software\/\"},{\"@type\":\"ListItem\",\"position\":3,\"name\":\"Packhausbetrieb\",\"item\":\"https:\/\/www.keelingsknowledge.com\/de\/erp-software\/packhaus\/\"},{\"@type\":\"ListItem\",\"position\":4,\"name\":\"Lagerverwaltung\"}]},{\"@type\":\"WebSite\",\"@id\":\"https:\/\/www.keelingsknowledge.com\/de\/#website\",\"url\":\"https:\/\/www.keelingsknowledge.com\/de\/\",\"name\":\"Keelings Knowledge\",\"description\":\"ERP Fresh Produce Solutions\",\"potentialAction\":[{\"@type\":\"SearchAction\",\"target\":{\"@type\":\"EntryPoint\",\"urlTemplate\":\"https:\/\/www.keelingsknowledge.com\/de\/?s={search_term_string}\"},\"query-input\":{\"@type\":\"PropertyValueSpecification\",\"valueRequired\":true,\"valueName\":\"search_term_string\"}}],\"inLanguage\":\"de-DE\"}]}<\/script>\n<!-- \/ Yoast SEO plugin. -->","yoast_head_json":{"title":"Lagerverwaltung f\u00fcr das Packhaus | Keelings Knowledge","description":"Das Lagerverwaltungsmodul der Keelings Knowledge Software unterst\u00fctzt die Lagerverwaltung in Packh\u00e4usern. Bereitstellung genauer Lagerbest\u00e4nde in Echtzeit.","robots":{"index":"index","follow":"follow","max-snippet":"max-snippet:-1","max-image-preview":"max-image-preview:large","max-video-preview":"max-video-preview:-1"},"canonical":"https:\/\/www.keelingsknowledge.com\/de\/erp-software\/packhaus\/lagerverwaltung\/","og_locale":"de_DE","og_type":"article","og_title":"Lagerverwaltung f\u00fcr das Packhaus | Keelings Knowledge","og_description":"Das Lagerverwaltungsmodul der Keelings Knowledge Software unterst\u00fctzt die Lagerverwaltung in Packh\u00e4usern. Bereitstellung genauer Lagerbest\u00e4nde in Echtzeit.","og_url":"https:\/\/www.keelingsknowledge.com\/de\/erp-software\/packhaus\/lagerverwaltung\/","og_site_name":"Keelings Knowledge","article_modified_time":"2019-02-27T13:54:21+00:00","og_image":[{"width":1920,"height":1080,"url":"https:\/\/www.keelingsknowledge.com\/wp-content\/uploads\/2018\/08\/Keelings-Solutions-Video-6-Screen-Front.jpg","type":"image\/jpeg"}],"twitter_card":"summary_large_image","twitter_site":"@Knowledge_ERP","twitter_misc":{"Gesch\u00e4tzte Lesezeit":"1 Minute"},"schema":{"@context":"https:\/\/schema.org","@graph":[{"@type":"WebPage","@id":"https:\/\/www.keelingsknowledge.com\/de\/erp-software\/packhaus\/lagerverwaltung\/","url":"https:\/\/www.keelingsknowledge.com\/de\/erp-software\/packhaus\/lagerverwaltung\/","name":"Lagerverwaltung f\u00fcr das Packhaus | Keelings Knowledge","isPartOf":{"@id":"https:\/\/www.keelingsknowledge.com\/de\/#website"},"primaryImageOfPage":{"@id":"https:\/\/www.keelingsknowledge.com\/de\/erp-software\/packhaus\/lagerverwaltung\/#primaryimage"},"image":{"@id":"https:\/\/www.keelingsknowledge.com\/de\/erp-software\/packhaus\/lagerverwaltung\/#primaryimage"},"thumbnailUrl":"https:\/\/www.keelingsknowledge.com\/wp-content\/uploads\/2018\/08\/Keelings-Solutions-Video-6-Screen-Front.jpg","datePublished":"2018-12-11T01:15:04+00:00","dateModified":"2019-02-27T13:54:21+00:00","description":"Das Lagerverwaltungsmodul der Keelings Knowledge Software unterst\u00fctzt die Lagerverwaltung in Packh\u00e4usern. Bereitstellung genauer Lagerbest\u00e4nde in Echtzeit.","breadcrumb":{"@id":"https:\/\/www.keelingsknowledge.com\/de\/erp-software\/packhaus\/lagerverwaltung\/#breadcrumb"},"inLanguage":"de-DE","potentialAction":[{"@type":"ReadAction","target":["https:\/\/www.keelingsknowledge.com\/de\/erp-software\/packhaus\/lagerverwaltung\/"]}]},{"@type":"ImageObject","inLanguage":"de-DE","@id":"https:\/\/www.keelingsknowledge.com\/de\/erp-software\/packhaus\/lagerverwaltung\/#primaryimage","url":"https:\/\/www.keelingsknowledge.com\/wp-content\/uploads\/2018\/08\/Keelings-Solutions-Video-6-Screen-Front.jpg","contentUrl":"https:\/\/www.keelingsknowledge.com\/wp-content\/uploads\/2018\/08\/Keelings-Solutions-Video-6-Screen-Front.jpg","width":1920,"height":1080,"caption":"Mitarbeiter in gr\u00fcner Arbeitskleidung \u00fcberwacht Produktionsdaten auf einem Computerbildschirm in einem Fabrikraum."},{"@type":"BreadcrumbList","@id":"https:\/\/www.keelingsknowledge.com\/de\/erp-software\/packhaus\/lagerverwaltung\/#breadcrumb","itemListElement":[{"@type":"ListItem","position":1,"name":"Home","item":"https:\/\/www.keelingsknowledge.com\/de\/"},{"@type":"ListItem","position":2,"name":"L\u00f6sungen","item":"https:\/\/www.keelingsknowledge.com\/de\/erp-software\/"},{"@type":"ListItem","position":3,"name":"Packhausbetrieb","item":"https:\/\/www.keelingsknowledge.com\/de\/erp-software\/packhaus\/"},{"@type":"ListItem","position":4,"name":"Lagerverwaltung"}]},{"@type":"WebSite","@id":"https:\/\/www.keelingsknowledge.com\/de\/#website","url":"https:\/\/www.keelingsknowledge.com\/de\/","name":"Keelings Knowledge","description":"ERP Fresh Produce Solutions","potentialAction":[{"@type":"SearchAction","target":{"@type":"EntryPoint","urlTemplate":"https:\/\/www.keelingsknowledge.com\/de\/?s={search_term_string}"},"query-input":{"@type":"PropertyValueSpecification","valueRequired":true,"valueName":"search_term_string"}}],"inLanguage":"de-DE"}]}},"_links":{"self":[{"href":"https:\/\/www.keelingsknowledge.com\/de\/wp-json\/wp\/v2\/pages\/3995","targetHints":{"allow":["GET"]}}],"collection":[{"href":"https:\/\/www.keelingsknowledge.com\/de\/wp-json\/wp\/v2\/pages"}],"about":[{"href":"https:\/\/www.keelingsknowledge.com\/de\/wp-json\/wp\/v2\/types\/page"}],"author":[{"embeddable":true,"href":"https:\/\/www.keelingsknowledge.com\/de\/wp-json\/wp\/v2\/users\/1"}],"replies":[{"embeddable":true,"href":"https:\/\/www.keelingsknowledge.com\/de\/wp-json\/wp\/v2\/comments?post=3995"}],"version-history":[{"count":0,"href":"https:\/\/www.keelingsknowledge.com\/de\/wp-json\/wp\/v2\/pages\/3995\/revisions"}],"up":[{"embeddable":true,"href":"https:\/\/www.keelingsknowledge.com\/de\/wp-json\/wp\/v2\/pages\/3874"}],"wp:featuredmedia":[{"embeddable":true,"href":"https:\/\/www.keelingsknowledge.com\/de\/wp-json\/wp\/v2\/media\/1993"}],"wp:attachment":[{"href":"https:\/\/www.keelingsknowledge.com\/de\/wp-json\/wp\/v2\/media?parent=3995"}],"curies":[{"name":"wp","href":"https:\/\/api.w.org\/{rel}","templated":true}]}}