{"id":4001,"date":"2018-12-11T01:13:23","date_gmt":"2018-12-11T01:13:23","guid":{"rendered":"https:\/\/www.keelingsknowledge.com\/erp-software\/pack-house\/food-safety\/"},"modified":"2019-02-27T13:47:14","modified_gmt":"2019-02-27T13:47:14","slug":"lebensmittelsicherheit","status":"publish","type":"page","link":"https:\/\/www.keelingsknowledge.com\/de\/erp-software\/packhaus\/lebensmittelsicherheit\/","title":{"rendered":"Lebensmittelsicherheit"},"content":{"rendered":"<h2>\n\t\tPackhaus\n\t<\/h2>\n<h1>\n\t\tLebensmittelsicherheit\n\t<\/h1>\n\t<h4>Lebensmittelsicherheit<\/h4>\n<p>Lebensmittelsicherheit und R\u00fcckverfolgbarkeit sind in einer Branche mit einem hohen Risiko von R\u00fcckrufaktionen von wesentlicher Bedeutung. Die vollst\u00e4ndige R\u00fcckverfolgbarkeit bis auf Paletten-Ebene ist ein wichtiges Merkmal unserer L\u00f6sung f\u00fcr den internationalen Handel. Alle Bewegungen einer Palette durch das Lager k\u00f6nnen mit Hilfe der neuesten mobilen Technologien noch effizienter erfasst werden. Bei einem Produktr\u00fcckruf erhalten Sie auf Knopfdruck einen vollst\u00e4ndigen Pr\u00fcfpfad zu allen Paletten.<\/p>\n<p>&nbsp;<\/p>\n\t<h4>Vorteile<\/h4>\n<ul>\n<li>Effizientes Management von Produkt-R\u00fcckrufaktionen<\/li>\n<li>Einfache Nachverfolgung f\u00fcr Kontrollen durch Kunden und Aufsichtsbeh\u00f6rden<\/li>\n<li>Isolieren Sie Ware, die nicht den gew\u00fcnschten Qualit\u00e4tsstandards entspricht, um zu verhindern, dass sie verkauft wird<\/li>\n<li>Speichern Sie Laborkosten f\u00fcr Lebensmittelsicherheit<\/li>\n<li>Speichern Sie die Ergebnisse von Qualit\u00e4tskontrollen f\u00fcr die Lebensmittelsicherheit<\/li>\n<li>Die vollst\u00e4ndige R\u00fcckverfolgbarkeit des Produkts auch nach mehrfacher Verarbeitung bleibt gew\u00e4hrleistet<\/li>\n<\/ul>\n\t<h4>Funktionen<\/h4>\n<ul>\n<li>Volle R\u00fcckverfolgbarkeit in beide Richtungen bis zur Paletten-Ebene<\/li>\n<li>Quarant\u00e4ne f\u00fcr unsichere oder ungepr\u00fcfte Lebensmittel<\/li>\n<li>Geregelter Ablauf f\u00fcr Qualit\u00e4tskontrollen f\u00fcr die Lebensmittelsicherheit<\/li>\n<li>Kostenmanagement f\u00fcr die Qualit\u00e4tskontrollen f\u00fcr die Lebensmittelsicherheit<\/li>\n<li>Vollst\u00e4ndige Nachvollziehbarkeit aller Qualit\u00e4tskontrollen f\u00fcr die Lebensmittelsicherheit, einschlie\u00dflich aller Ergebnisse<\/li>\n<\/ul>\n<h3>\n\t\tAlle Module f\u00fcr Packhausbetrieb\n\t<\/h3>\n<h3>\n\t<\/h3>\n\t<h3>Einkauf<\/h3>\n<h3>\n\t<\/h3>\n\t<h3>Logistik<\/h3>\n<h3>\n\t<\/h3>\n\t<h3>Qualit\u00e4t<\/h3>\n<h3>\n\t<\/h3>\n\t<h3>Lebensmittelsicherheit<\/h3>\n<h3>\n\t<\/h3>\n\t<h3>Produktion<\/h3>\n<h3>\n\t<\/h3>\n\t<h3>Verkauf<\/h3>\n<h3>\n\t<\/h3>\n\t<h3>Lagerverwaltung<\/h3>\n<h3>\n\t<\/h3>\n\t<h3>Warehouse Management Systemt<\/h3>\n<h3>\n\t<\/h3>\n\t<h3>Planung und<\/h3>\n<h3>Prognose<\/h3>\n<h3>\n\t<\/h3>\n\t<h3>Finanzwesen<\/h3>\n<h3>\n\t<\/h3>\n\t<h3>Business Intelligence<\/h3>\n<h3>\n\t<\/h3>\n\t<h3>Zollabwicklung \/ Zolllager<\/h3>\n\t<a href=\"\/?page_id=3835\">\n        <h3>Downloads<\/h3>\n            <h4>Brosch\u00fcre herunterladen<\/h4>\n<\/a>\n\t<a href=\"https:\/\/www.keelingsknowledge.com\/en\/10-tips-choosing-erp-software\/\">\n        <h3>Tipps<\/h3>\n            <h4>10 Tipps f\u00fcr die ERP-Auswahl<\/h4>\n<\/a>\n","protected":false},"excerpt":{"rendered":"<p>Packhaus Lebensmittelsicherheit Lebensmittelsicherheit Lebensmittelsicherheit und R\u00fcckverfolgbarkeit sind in einer Branche mit einem hohen Risiko von R\u00fcckrufaktionen von wesentlicher Bedeutung. Die vollst\u00e4ndige R\u00fcckverfolgbarkeit bis auf Paletten-Ebene ist ein wichtiges Merkmal unserer L\u00f6sung f\u00fcr den internationalen Handel. Alle Bewegungen einer Palette durch das Lager k\u00f6nnen mit Hilfe der neuesten mobilen Technologien noch effizienter erfasst werden. Bei einem [&hellip;]<\/p>\n","protected":false},"author":1,"featured_media":2786,"parent":3874,"menu_order":0,"comment_status":"closed","ping_status":"closed","template":"full_width.php","meta":{"_genesis_hide_title":false,"_genesis_hide_breadcrumbs":false,"_genesis_hide_singular_image":false,"_genesis_hide_footer_widgets":false,"_genesis_custom_body_class":"","_genesis_custom_post_class":"","_genesis_layout":"","footnotes":""},"class_list":{"0":"post-4001","1":"page","2":"type-page","3":"status-publish","4":"has-post-thumbnail","6":"entry"},"yoast_head":"<!-- This site is optimized with the Yoast SEO plugin v26.2 - https:\/\/yoast.com\/wordpress\/plugins\/seo\/ -->\n<title>Lebensmittelsicherheit f\u00fcr das Packhaus| Keelings Knowledge<\/title>\n<meta name=\"description\" content=\"Das Modul zur Lebensmittelsicherheit von Keelings Knowledge ERP bietet Packhausbetrieben volle R\u00fcckverfolgbarkeit und maximiert Sicherheitsstandards.\" \/>\n<meta name=\"robots\" content=\"index, follow, max-snippet:-1, max-image-preview:large, max-video-preview:-1\" \/>\n<link rel=\"canonical\" href=\"https:\/\/www.keelingsknowledge.com\/de\/erp-software\/packhaus\/lebensmittelsicherheit\/\" \/>\n<meta property=\"og:locale\" content=\"de_DE\" \/>\n<meta property=\"og:type\" content=\"article\" \/>\n<meta property=\"og:title\" content=\"Lebensmittelsicherheit f\u00fcr das Packhaus| Keelings Knowledge\" \/>\n<meta property=\"og:description\" content=\"Das Modul zur Lebensmittelsicherheit von Keelings Knowledge ERP bietet Packhausbetrieben volle R\u00fcckverfolgbarkeit und maximiert Sicherheitsstandards.\" \/>\n<meta property=\"og:url\" content=\"https:\/\/www.keelingsknowledge.com\/de\/erp-software\/packhaus\/lebensmittelsicherheit\/\" \/>\n<meta property=\"og:site_name\" content=\"Keelings Knowledge\" \/>\n<meta property=\"article:modified_time\" content=\"2019-02-27T13:47:14+00:00\" \/>\n<meta property=\"og:image\" content=\"https:\/\/www.keelingsknowledge.com\/wp-content\/uploads\/2018\/12\/Food-Safety.jpg\" \/>\n\t<meta property=\"og:image:width\" content=\"1920\" \/>\n\t<meta property=\"og:image:height\" content=\"1080\" \/>\n\t<meta property=\"og:image:type\" content=\"image\/jpeg\" \/>\n<meta name=\"twitter:card\" content=\"summary_large_image\" \/>\n<meta name=\"twitter:site\" content=\"@Knowledge_ERP\" \/>\n<meta name=\"twitter:label1\" content=\"Gesch\u00e4tzte Lesezeit\" \/>\n\t<meta name=\"twitter:data1\" content=\"1 Minute\" \/>\n<script type=\"application\/ld+json\" class=\"yoast-schema-graph\">{\"@context\":\"https:\/\/schema.org\",\"@graph\":[{\"@type\":\"WebPage\",\"@id\":\"https:\/\/www.keelingsknowledge.com\/de\/erp-software\/packhaus\/lebensmittelsicherheit\/\",\"url\":\"https:\/\/www.keelingsknowledge.com\/de\/erp-software\/packhaus\/lebensmittelsicherheit\/\",\"name\":\"Lebensmittelsicherheit f\u00fcr das Packhaus| Keelings Knowledge\",\"isPartOf\":{\"@id\":\"https:\/\/www.keelingsknowledge.com\/de\/#website\"},\"primaryImageOfPage\":{\"@id\":\"https:\/\/www.keelingsknowledge.com\/de\/erp-software\/packhaus\/lebensmittelsicherheit\/#primaryimage\"},\"image\":{\"@id\":\"https:\/\/www.keelingsknowledge.com\/de\/erp-software\/packhaus\/lebensmittelsicherheit\/#primaryimage\"},\"thumbnailUrl\":\"https:\/\/www.keelingsknowledge.com\/wp-content\/uploads\/2018\/12\/Food-Safety.jpg\",\"datePublished\":\"2018-12-11T01:13:23+00:00\",\"dateModified\":\"2019-02-27T13:47:14+00:00\",\"description\":\"Das Modul zur Lebensmittelsicherheit von Keelings Knowledge ERP bietet Packhausbetrieben volle R\u00fcckverfolgbarkeit und maximiert Sicherheitsstandards.\",\"breadcrumb\":{\"@id\":\"https:\/\/www.keelingsknowledge.com\/de\/erp-software\/packhaus\/lebensmittelsicherheit\/#breadcrumb\"},\"inLanguage\":\"de-DE\",\"potentialAction\":[{\"@type\":\"ReadAction\",\"target\":[\"https:\/\/www.keelingsknowledge.com\/de\/erp-software\/packhaus\/lebensmittelsicherheit\/\"]}]},{\"@type\":\"ImageObject\",\"inLanguage\":\"de-DE\",\"@id\":\"https:\/\/www.keelingsknowledge.com\/de\/erp-software\/packhaus\/lebensmittelsicherheit\/#primaryimage\",\"url\":\"https:\/\/www.keelingsknowledge.com\/wp-content\/uploads\/2018\/12\/Food-Safety.jpg\",\"contentUrl\":\"https:\/\/www.keelingsknowledge.com\/wp-content\/uploads\/2018\/12\/Food-Safety.jpg\",\"width\":1920,\"height\":1080,\"caption\":\"H\u00e4nde halten kleine gr\u00fcne Pflanze in Erde, symbolisiert Wachstum und Naturverbundenheit. Umweltfreundliche Szene.\"},{\"@type\":\"BreadcrumbList\",\"@id\":\"https:\/\/www.keelingsknowledge.com\/de\/erp-software\/packhaus\/lebensmittelsicherheit\/#breadcrumb\",\"itemListElement\":[{\"@type\":\"ListItem\",\"position\":1,\"name\":\"Home\",\"item\":\"https:\/\/www.keelingsknowledge.com\/de\/\"},{\"@type\":\"ListItem\",\"position\":2,\"name\":\"L\u00f6sungen\",\"item\":\"https:\/\/www.keelingsknowledge.com\/de\/erp-software\/\"},{\"@type\":\"ListItem\",\"position\":3,\"name\":\"Packhausbetrieb\",\"item\":\"https:\/\/www.keelingsknowledge.com\/de\/erp-software\/packhaus\/\"},{\"@type\":\"ListItem\",\"position\":4,\"name\":\"Lebensmittelsicherheit\"}]},{\"@type\":\"WebSite\",\"@id\":\"https:\/\/www.keelingsknowledge.com\/de\/#website\",\"url\":\"https:\/\/www.keelingsknowledge.com\/de\/\",\"name\":\"Keelings Knowledge\",\"description\":\"ERP Fresh Produce Solutions\",\"potentialAction\":[{\"@type\":\"SearchAction\",\"target\":{\"@type\":\"EntryPoint\",\"urlTemplate\":\"https:\/\/www.keelingsknowledge.com\/de\/?s={search_term_string}\"},\"query-input\":{\"@type\":\"PropertyValueSpecification\",\"valueRequired\":true,\"valueName\":\"search_term_string\"}}],\"inLanguage\":\"de-DE\"}]}<\/script>\n<!-- \/ Yoast SEO plugin. -->","yoast_head_json":{"title":"Lebensmittelsicherheit f\u00fcr das Packhaus| Keelings Knowledge","description":"Das Modul zur Lebensmittelsicherheit von Keelings Knowledge ERP bietet Packhausbetrieben volle R\u00fcckverfolgbarkeit und maximiert Sicherheitsstandards.","robots":{"index":"index","follow":"follow","max-snippet":"max-snippet:-1","max-image-preview":"max-image-preview:large","max-video-preview":"max-video-preview:-1"},"canonical":"https:\/\/www.keelingsknowledge.com\/de\/erp-software\/packhaus\/lebensmittelsicherheit\/","og_locale":"de_DE","og_type":"article","og_title":"Lebensmittelsicherheit f\u00fcr das Packhaus| Keelings Knowledge","og_description":"Das Modul zur Lebensmittelsicherheit von Keelings Knowledge ERP bietet Packhausbetrieben volle R\u00fcckverfolgbarkeit und maximiert Sicherheitsstandards.","og_url":"https:\/\/www.keelingsknowledge.com\/de\/erp-software\/packhaus\/lebensmittelsicherheit\/","og_site_name":"Keelings Knowledge","article_modified_time":"2019-02-27T13:47:14+00:00","og_image":[{"width":1920,"height":1080,"url":"https:\/\/www.keelingsknowledge.com\/wp-content\/uploads\/2018\/12\/Food-Safety.jpg","type":"image\/jpeg"}],"twitter_card":"summary_large_image","twitter_site":"@Knowledge_ERP","twitter_misc":{"Gesch\u00e4tzte Lesezeit":"1 Minute"},"schema":{"@context":"https:\/\/schema.org","@graph":[{"@type":"WebPage","@id":"https:\/\/www.keelingsknowledge.com\/de\/erp-software\/packhaus\/lebensmittelsicherheit\/","url":"https:\/\/www.keelingsknowledge.com\/de\/erp-software\/packhaus\/lebensmittelsicherheit\/","name":"Lebensmittelsicherheit f\u00fcr das Packhaus| Keelings Knowledge","isPartOf":{"@id":"https:\/\/www.keelingsknowledge.com\/de\/#website"},"primaryImageOfPage":{"@id":"https:\/\/www.keelingsknowledge.com\/de\/erp-software\/packhaus\/lebensmittelsicherheit\/#primaryimage"},"image":{"@id":"https:\/\/www.keelingsknowledge.com\/de\/erp-software\/packhaus\/lebensmittelsicherheit\/#primaryimage"},"thumbnailUrl":"https:\/\/www.keelingsknowledge.com\/wp-content\/uploads\/2018\/12\/Food-Safety.jpg","datePublished":"2018-12-11T01:13:23+00:00","dateModified":"2019-02-27T13:47:14+00:00","description":"Das Modul zur Lebensmittelsicherheit von Keelings Knowledge ERP bietet Packhausbetrieben volle R\u00fcckverfolgbarkeit und maximiert Sicherheitsstandards.","breadcrumb":{"@id":"https:\/\/www.keelingsknowledge.com\/de\/erp-software\/packhaus\/lebensmittelsicherheit\/#breadcrumb"},"inLanguage":"de-DE","potentialAction":[{"@type":"ReadAction","target":["https:\/\/www.keelingsknowledge.com\/de\/erp-software\/packhaus\/lebensmittelsicherheit\/"]}]},{"@type":"ImageObject","inLanguage":"de-DE","@id":"https:\/\/www.keelingsknowledge.com\/de\/erp-software\/packhaus\/lebensmittelsicherheit\/#primaryimage","url":"https:\/\/www.keelingsknowledge.com\/wp-content\/uploads\/2018\/12\/Food-Safety.jpg","contentUrl":"https:\/\/www.keelingsknowledge.com\/wp-content\/uploads\/2018\/12\/Food-Safety.jpg","width":1920,"height":1080,"caption":"H\u00e4nde halten kleine gr\u00fcne Pflanze in Erde, symbolisiert Wachstum und Naturverbundenheit. Umweltfreundliche Szene."},{"@type":"BreadcrumbList","@id":"https:\/\/www.keelingsknowledge.com\/de\/erp-software\/packhaus\/lebensmittelsicherheit\/#breadcrumb","itemListElement":[{"@type":"ListItem","position":1,"name":"Home","item":"https:\/\/www.keelingsknowledge.com\/de\/"},{"@type":"ListItem","position":2,"name":"L\u00f6sungen","item":"https:\/\/www.keelingsknowledge.com\/de\/erp-software\/"},{"@type":"ListItem","position":3,"name":"Packhausbetrieb","item":"https:\/\/www.keelingsknowledge.com\/de\/erp-software\/packhaus\/"},{"@type":"ListItem","position":4,"name":"Lebensmittelsicherheit"}]},{"@type":"WebSite","@id":"https:\/\/www.keelingsknowledge.com\/de\/#website","url":"https:\/\/www.keelingsknowledge.com\/de\/","name":"Keelings Knowledge","description":"ERP Fresh Produce Solutions","potentialAction":[{"@type":"SearchAction","target":{"@type":"EntryPoint","urlTemplate":"https:\/\/www.keelingsknowledge.com\/de\/?s={search_term_string}"},"query-input":{"@type":"PropertyValueSpecification","valueRequired":true,"valueName":"search_term_string"}}],"inLanguage":"de-DE"}]}},"_links":{"self":[{"href":"https:\/\/www.keelingsknowledge.com\/de\/wp-json\/wp\/v2\/pages\/4001","targetHints":{"allow":["GET"]}}],"collection":[{"href":"https:\/\/www.keelingsknowledge.com\/de\/wp-json\/wp\/v2\/pages"}],"about":[{"href":"https:\/\/www.keelingsknowledge.com\/de\/wp-json\/wp\/v2\/types\/page"}],"author":[{"embeddable":true,"href":"https:\/\/www.keelingsknowledge.com\/de\/wp-json\/wp\/v2\/users\/1"}],"replies":[{"embeddable":true,"href":"https:\/\/www.keelingsknowledge.com\/de\/wp-json\/wp\/v2\/comments?post=4001"}],"version-history":[{"count":0,"href":"https:\/\/www.keelingsknowledge.com\/de\/wp-json\/wp\/v2\/pages\/4001\/revisions"}],"up":[{"embeddable":true,"href":"https:\/\/www.keelingsknowledge.com\/de\/wp-json\/wp\/v2\/pages\/3874"}],"wp:featuredmedia":[{"embeddable":true,"href":"https:\/\/www.keelingsknowledge.com\/de\/wp-json\/wp\/v2\/media\/2786"}],"wp:attachment":[{"href":"https:\/\/www.keelingsknowledge.com\/de\/wp-json\/wp\/v2\/media?parent=4001"}],"curies":[{"name":"wp","href":"https:\/\/api.w.org\/{rel}","templated":true}]}}