{"id":4474,"date":"2019-03-05T14:12:41","date_gmt":"2019-03-05T14:12:41","guid":{"rendered":"https:\/\/www.keelingsknowledge.com\/?page_id=4474"},"modified":"2021-07-15T08:56:13","modified_gmt":"2021-07-15T07:56:13","slug":"datenschutz-bestimmungen","status":"publish","type":"page","link":"https:\/\/www.keelingsknowledge.com\/de\/datenschutz-bestimmungen\/","title":{"rendered":"Datenschutz-Bestimmungen"},"content":{"rendered":"\n\n\t<strong>Keelings Solutions\u00a0<\/strong><strong>Datenschutzerkl\u00e4rung<\/strong><br \/>\n<strong>Stand: 15. Juli 2021<\/strong>\n\n\n<p>Wir von Keelings Solutions glauben, dass Transparenz wichtig ist. Wir danken Ihnen daf\u00fcr, dass Sie uns Informationen \u00fcber sich anvertrauen, die Ihnen wichtig sind. Wir m\u00f6chten im Nachfolgenden deutlich machen, wie wir mit diesen Informationen umgehen.<\/p>\n\n\n<p>Hier beschreiben wir die Datenschutzpraxis f\u00fcr unsere Website. Sie erfahren, welche Daten wir sammeln, wie wir sie verwenden, welche Kontrollen wir Ihnen geben und welche Ma\u00dfnahmen wir ergreifen, um Ihre Daten zu sch\u00fctzen.<\/p>\n\n\n<p>Wir verarbeiten pers\u00f6nliche Informationen ausschlie\u00dflich f\u00fcr legitime Gesch\u00e4ftszwecke. Diese beinhalten einige oder alle der folgenden Punkte:<\/p>\n\n\n<ul>\n<li>Um unsere Dienstleistung \/ Kommunikation zu f\u00f6rdern, zu modifizieren, zu personalisieren oder in anderer Weise zum Wohle unserer Kunden zu verbessern<\/li>\n<li>Um Betrug zu erkennen und zu verhindern<\/li>\n<li>Um die Sicherheit unseres Netzwerkes und unseres Informationssystems zu f\u00f6rdern<\/li>\n<li>Um besser zu verstehen, wie Besucher mit unserer Webseite interagieren<\/li>\n<li>Um E-Mails zu verschicken, von welchen wir glauben, dass sie Sie interessieren werden<\/li>\n<li>Um die Wirksamkeit von Werbekampagnen und Werbung zu bestimmen<\/li>\n<\/ul>\n\n\n\n\n\n\n\n\n<p>Wenn Sie mit uns \u00fcber unsere \u201eKeelings Solutions&#8220;-Webseite Kontakt aufnehmen m\u00f6chten, tragen Sie bitte ins vorgesehene Formular Ihren Namen, Ihre E-Mail-Adresse, einen Betreff und eine kurze Nachricht ein. Dies sind die einzigen Informationen, welche angegeben werden m\u00fcssen, wenn Sie uns \u00fcber unsere Webseite kontaktieren.<\/p>\n\n\n<p>Wenn Sie uns kontaktieren oder an einer Umfrage, einem Wettbewerb oder einer Werbeaktion teilnehmen, dann erfassen wir die von Ihnen \u00fcbermittelten Informationen wie Namen, Kontaktinformationen und die gesendete Nachricht.<\/p>\n\n\n\n\n\n<p>Wir sammeln durch Drittanbieter statistische und andere analytische Informationen von allen Besuchern unserer Webseite. Dabei handelt es sich um nicht-personenbezogene Informationen, welche dazu nicht genutzt werden k\u00f6nnen, Sie zu kontaktieren.<\/p>\n\n\n\n\n\n<p>Wenn Sie auf unsere Webseite zugreifen, dann erhalten wir bestimmte Nutzungsdaten. Dazu geh\u00f6ren Informationen \u00fcber Ihre Interaktion mit der Webseite, z.B. wie lange Sie welche Seite besucht haben etc.<\/p>\n\n\n<p>Wir erfassen auch Daten \u00fcber die Ger\u00e4te und Computer, die Sie f\u00fcr den Zugriff auf unsere Webseite verwenden, einschlie\u00dflich Firmenname (nicht pers\u00f6nlich), Browsertyp, Sprache, Betriebssystem, verwendete Suchmaschine (einschlie\u00dflich Ger\u00e4te- und Anwendungskennungen), die verweisende Webseite, besuchte Seiten, Standort (abh\u00e4ngig von den Berechtigungen, die Sie uns erteilt haben) und Cookie-Informationen.<\/p>\n\n\n\n\n\n<p>Das Sammeln dieser Informationen erm\u00f6glicht uns, Dienstleistungen im Rahmen unseres Service-Vertrags mit Ihnen zu erf\u00fcllen, bspw. zum Versenden unserer Unternehmensbrosch\u00fcre oder um Ihnen unseren monatlichen Newsletter zur Verf\u00fcgung zu stellen.<\/p>\n\n\n\n\n\n<p>Wir verwenden die gesammelten Informationen zur Verbesserung, Personalisierung und Weiterentwicklung unserer Dienstleistungen und um neue Services zu entwickeln, bspw. zur Fehlerbehebung und Fehlervermeidung, das erheben von Datenanalysen und die Umsetzung entsprechender Tests, die Durchf\u00fchrung von Forschung und Umfragen sowie die Neuentwicklung von Dienstleistungen.<\/p>\n\n\n<p>Wenn Sie uns erlauben, Standortinformationen zu sammeln, dann verwenden wir diese um Ihnen unsere Services nicht nur zur Verf\u00fcgung zu stellen, sondern auch neue Features zu entwickeln. Aufgrund dieser Informationen k\u00f6nnen wir entsprechende R\u00fcckschl\u00fcsse machen und Ihnen f\u00fcr Sie relevantere Inhalte zuschicken.<\/p>\n\n\n\n\n\n<p>Wir nutzen Ihre Informationen bei Bedarf, um Ihnen auf Ihre Anfragen zu antworten und um Ihnen branchenspezifische Informationen zukommen zu lassen. Au\u00dferdem verwenden wir sie auch, um Sie \u00fcber neue Funktionen und Produkte zu informieren, von denen wir glauben, dass sie interessant f\u00fcr Sie sind. Sie k\u00f6nnen sich selbstverst\u00e4ndlich von jedweder Marketing-Kommunikation \u00fcber die \u201eUnsubscribe&#8220;-Funktion (Abbestellen) in unseren E-Mails abmelden.<\/p>\n\n\n\n\n\n<p>Wir verwenden die von uns gesammelten Informationen, um die Sicherheit unserer Dienstleistungen und anderer Parteien zu f\u00f6rdern. Zum Beispiel k\u00f6nnen wir die Informationen zur Authentifizierung von Kontakten, zum Schutz vor Betrug und Missbrauch, zur Beantwortung einer rechtlichen Anfrage oder Forderung, zur Durchf\u00fchrung von Audits und zur Durchsetzung unserer Bestimmungen und Richtlinien verwenden.<\/p>\n\n\n<p>Wir verwenden Cookies und \u00e4hnliche Technologien f\u00fcr die oben beschriebenen Zwecke. Weitere Informationen finden Sie in unserer\u00a0<strong><a href=\"https:\/\/www.keelingsknowledge.com\/de\/cookie-policy\/\">Erkl\u00e4rung zur Verwendung von Cookies<\/a><\/strong>.<\/p>\n\n\n\n\n\n\n\n\n<p>Wir k\u00f6nnen Informationen \u00fcber Sie speichern oder offenlegen, um einem Gesetz, einer Regulierung, einem rechtlichen Verfahren oder einer beh\u00f6rdlichen Anfrage zu entsprechen; um gesetzliche Rechte durchzusetzen oder gegen Rechtsanspr\u00fcche zu verteidigen; oder um illegale Aktivit\u00e4ten, Betrug, Missbrauch, Verst\u00f6\u00dfe gegen unsere Nutzungsbedingungen oder Bedrohungen f\u00fcr die Sicherheit der Dienste oder die physische Sicherheit einer Person zu verhindern, zu entdecken oder zu untersuchen.<\/p>\n\n\n<p>Bitte beachten Sie: Unsere Richtlinie besteht darin, Sie \u00fcber rechtliche Verfahren zu informieren, die Zugriff auf Ihre Daten ben\u00f6tigen, wie z. B. Durchsuchungsbeschl\u00fcsse, Gerichtsbeschl\u00fcsse oder Vorladungen, es sei denn, wir wurden gesetzlich dazu aufgefordert dies zu unterlassen. In F\u00e4llen, in denen eine gerichtliche Anordnung eine Nichtoffenlegungsfrist festlegt, werden wir Sie dar\u00fcber nach Ablauf dieser informieren. Ausnahmen von unserer K\u00fcndigungsrichtlinie sind zwingende oder kontraproduktive Umst\u00e4nde, z. B. wenn ein Notfall eintritt, bei dem die Gefahr des Todes oder schwerer K\u00f6rperverletzung f\u00fcr eine Person besteht.<\/p>\n\n\n<p>Wenn wir an einer Fusion, einem Erwerb oder einem Verkauf von Verm\u00f6genswerten beteiligt sind, werden wir weiterhin Ma\u00dfnahmen ergreifen, um die Vertraulichkeit personenbezogener Daten zu sch\u00fctzen, und betroffene Benutzer dar\u00fcber informieren, bevor sie pers\u00f6nliche Informationen an eine neue \u201eEinheit&#8220; \u00fcbertragen.<\/p>\n\n\n\n\n\n<p>Wenn Sie im Europ\u00e4ischen Wirtschaftsraum, im Vereinigten K\u00f6nigreich und in der Schweiz (die \u201eBestimmungsl\u00e4nder&#8220;) wohnen, haben Sie unter bestimmten Voraussetzungen und unter Ber\u00fccksichtigung etwaiger Ausnahmen in Bezug auf Ihre personenbezogenen Daten folgende Rechte gem\u00e4\u00df der DSGVO:<\/p>\n\n\n<ul>\n<li>Recht auf Zugang zu den Daten &#8211; Sie haben das Recht, eine Kopie der personenbezogenen Daten anzufordern, die wir \u00fcber Sie gespeichert haben, zusammen mit anderen Informationen \u00fcber unsere Verarbeitung dieser personenbezogenen Daten. Auf allen Seiten unserer Webseite k\u00f6nnen Sie bei uns \u201eIhre pers\u00f6nlichen Daten anfordern&#8220; (\u201eRequest Your Personal Data&#8220;).<\/li>\n<li>Recht auf Berichtigung &#8211; Sie haben das Recht, zu verlangen, dass fehlerhafte Daten, die \u00fcber Sie gespeichert sind, korrigiert werden, oder wenn wir unvollst\u00e4ndige Informationen haben, k\u00f6nnen Sie verlangen, dass wir die Informationen so aktualisieren, dass sie vollst\u00e4ndig sind.<\/li>\n<li>Recht auf L\u00f6schung &#8211; Sie haben das Recht, uns zu bitten, personenbezogene Daten, die wir von Ihnen gespeichert haben, zu l\u00f6schen. Dies wird manchmal als das \u201eRecht auf Vergessen&#8220; bezeichnet.<\/li>\n<li>Recht auf Einschr\u00e4nkung der Datenverarbeitung oder Widerspruch zur Datenverarbeitung &#8211; Sie haben das Recht zu verlangen, dass wir Ihre personenbezogenen Daten nicht mehr f\u00fcr bestimmte Zwecke verarbeiten oder Sie k\u00f6nnen der Verarbeitung Ihrer personenbezogenen Daten f\u00fcr bestimmte Zwecke widersprechen.<\/li>\n<li>Recht auf Daten\u00fcbertragbarkeit &#8211; Sie haben das Recht, uns aufzufordern, Ihnen oder Dritten eine Kopie Ihrer pers\u00f6nlichen Daten in einem strukturierten, h\u00e4ufig verwendeten maschinenlesbaren Format zur Verf\u00fcgung zu stellen.<\/li>\n<\/ul>\n\n\n<p>Um eines der oben genannten Rechte auszu\u00fcben, kontaktieren Sie uns bitte unter den unten angegebenen Kontaktdaten.<\/p>\n\n\n<p>Wenn wir personenbezogene Daten aufgrund Ihrer Einwilligung verarbeiten, k\u00f6nnen Sie diese Einwilligung jederzeit widerrufen. Dies ber\u00fchrt nicht die Rechtm\u00e4\u00dfigkeit der Datenverarbeitung, die vor ihrem Widerruf stattgefunden hat.<\/p>\n\n\n<p>Wenn Sie mit der Verarbeitung personenbezogener Daten unzufrieden sind, bitten wir Sie, uns zu kontaktieren, damit wir die Situation korrigieren k\u00f6nnen.<\/p>\n\n\n<p>Sie k\u00f6nnen eine Beschwerde bei einer Aufsichtsbeh\u00f6rde einreichen. Die irische Aufsichtsbeh\u00f6rde ist die Datenschutzkommission.<\/p>\n\n\n\n\n\n<p>Wir speichern Ihre Informationen wie Ihren Namen und Ihre E-Mail-Adresse, bis Sie uns anderweitig benachrichtigen.<\/p>\n\n\n\n\n\n<p>Wir arbeiten mit Partnern zusammen, die uns Analyse- und Werbedienstleistungen anbieten. Dazu geh\u00f6rt, dass wir verstehen, wie Nutzer mit den Diensten interagieren, Werbung in unserem Auftrag im Internet schalten und die Leistung dieser Werbung messen. Diese Unternehmen verwenden m\u00f6glicherweise Cookies und \u00e4hnliche Technologien, um Informationen \u00fcber Ihre Interaktionen mit den Diensten sowie anderen Websites und Anwendungen zu sammeln. Weitere Informationen zu Ihren Datenschutzoptionen finden Sie in unserer\u00a0<strong>Erkl\u00e4rung zur Verwendung von Cookies<\/strong>.<\/p>\n\n\n\n\n\n<p>Wir k\u00f6nnen diese Datenschutzerkl\u00e4rung von Zeit zu Zeit aktualisieren und werden diese aktualisierte Version falls angemessen auf unserer Website ver\u00f6ffentlichen.<\/p>\n\n\n<p>Bitte beachten Sie: Sollte es zu einem Konflikt bez\u00fcglich der Datenschutzerkl\u00e4rung kommen, hat die auf unserer Webseite ver\u00f6ffentlichte englischsprachige Version der Datenschutzrichtlinie Vorrang vor jeglicher \u00dcbersetzung der Datenschutzerkl\u00e4rung.<\/p>\n\n\n\n\n\n<p>Wenn Sie Fragen, Anregungen oder Bedenken zu unserer Datenschutzerkl\u00e4rung oder zur Verwendung Ihrer Informationen haben, kontaktieren Sie uns bitte unter\u00a0<a href=\"mailto:sales@keelingsknowledge.com\">sales@keelingsknowledge.com<\/a>.<\/p>\n\n\n","protected":false},"excerpt":{"rendered":"<p>Keelings Solutions\u00a0Datenschutzerkl\u00e4rung Stand: 15. Juli 2021 Wir von Keelings Solutions glauben, dass Transparenz wichtig ist. Wir danken Ihnen daf\u00fcr, dass Sie uns Informationen \u00fcber sich anvertrauen, die Ihnen wichtig sind. Wir m\u00f6chten im Nachfolgenden deutlich machen, wie wir mit diesen Informationen umgehen. Hier beschreiben wir die Datenschutzpraxis f\u00fcr unsere Website. Sie erfahren, welche Daten wir [&hellip;]<\/p>\n","protected":false},"author":1,"featured_media":0,"parent":0,"menu_order":0,"comment_status":"closed","ping_status":"closed","template":"","meta":{"_genesis_hide_title":false,"_genesis_hide_breadcrumbs":false,"_genesis_hide_singular_image":false,"_genesis_hide_footer_widgets":false,"_genesis_custom_body_class":"","_genesis_custom_post_class":"","_genesis_layout":"","footnotes":""},"class_list":{"0":"post-4474","1":"page","2":"type-page","3":"status-publish","5":"entry"},"yoast_head":"<!-- This site is optimized with the Yoast SEO plugin v26.2 - https:\/\/yoast.com\/wordpress\/plugins\/seo\/ -->\n<title>Datenschutz-Bestimmungen | Keelings Knowledge<\/title>\n<meta name=\"description\" content=\"Lesen Sie hier die Informationen zu den Datenschutz-Bestimmungen.\" \/>\n<meta name=\"robots\" content=\"index, follow, max-snippet:-1, max-image-preview:large, max-video-preview:-1\" \/>\n<link rel=\"canonical\" href=\"https:\/\/www.keelingsknowledge.com\/de\/datenschutz-bestimmungen\/\" \/>\n<meta property=\"og:locale\" content=\"de_DE\" \/>\n<meta property=\"og:type\" content=\"article\" \/>\n<meta property=\"og:title\" content=\"Datenschutz-Bestimmungen | Keelings Knowledge\" \/>\n<meta property=\"og:description\" content=\"Lesen Sie hier die Informationen zu den Datenschutz-Bestimmungen.\" \/>\n<meta property=\"og:url\" content=\"https:\/\/www.keelingsknowledge.com\/de\/datenschutz-bestimmungen\/\" \/>\n<meta property=\"og:site_name\" content=\"Keelings Knowledge\" \/>\n<meta property=\"article:modified_time\" content=\"2021-07-15T07:56:13+00:00\" \/>\n<meta property=\"og:image\" content=\"https:\/\/www.keelingsknowledge.com\/wp-content\/uploads\/2019\/01\/Keelings-Knowledge-Support-Desk.jpg\" \/>\n\t<meta property=\"og:image:width\" content=\"1920\" \/>\n\t<meta property=\"og:image:height\" content=\"1080\" \/>\n\t<meta property=\"og:image:type\" content=\"image\/jpeg\" \/>\n<meta name=\"twitter:card\" content=\"summary_large_image\" \/>\n<meta name=\"twitter:site\" content=\"@Knowledge_ERP\" \/>\n<meta name=\"twitter:label1\" content=\"Gesch\u00e4tzte Lesezeit\" \/>\n\t<meta name=\"twitter:data1\" content=\"7 Minuten\" \/>\n<script type=\"application\/ld+json\" class=\"yoast-schema-graph\">{\"@context\":\"https:\/\/schema.org\",\"@graph\":[{\"@type\":\"WebPage\",\"@id\":\"https:\/\/www.keelingsknowledge.com\/de\/datenschutz-bestimmungen\/\",\"url\":\"https:\/\/www.keelingsknowledge.com\/de\/datenschutz-bestimmungen\/\",\"name\":\"Datenschutz-Bestimmungen | Keelings Knowledge\",\"isPartOf\":{\"@id\":\"https:\/\/www.keelingsknowledge.com\/de\/#website\"},\"datePublished\":\"2019-03-05T14:12:41+00:00\",\"dateModified\":\"2021-07-15T07:56:13+00:00\",\"description\":\"Lesen Sie hier die Informationen zu den Datenschutz-Bestimmungen.\",\"breadcrumb\":{\"@id\":\"https:\/\/www.keelingsknowledge.com\/de\/datenschutz-bestimmungen\/#breadcrumb\"},\"inLanguage\":\"de-DE\",\"potentialAction\":[{\"@type\":\"ReadAction\",\"target\":[\"https:\/\/www.keelingsknowledge.com\/de\/datenschutz-bestimmungen\/\"]}]},{\"@type\":\"BreadcrumbList\",\"@id\":\"https:\/\/www.keelingsknowledge.com\/de\/datenschutz-bestimmungen\/#breadcrumb\",\"itemListElement\":[{\"@type\":\"ListItem\",\"position\":1,\"name\":\"Home\",\"item\":\"https:\/\/www.keelingsknowledge.com\/de\/\"},{\"@type\":\"ListItem\",\"position\":2,\"name\":\"Datenschutz-Bestimmungen\"}]},{\"@type\":\"WebSite\",\"@id\":\"https:\/\/www.keelingsknowledge.com\/de\/#website\",\"url\":\"https:\/\/www.keelingsknowledge.com\/de\/\",\"name\":\"Keelings Knowledge\",\"description\":\"ERP Fresh Produce Solutions\",\"potentialAction\":[{\"@type\":\"SearchAction\",\"target\":{\"@type\":\"EntryPoint\",\"urlTemplate\":\"https:\/\/www.keelingsknowledge.com\/de\/?s={search_term_string}\"},\"query-input\":{\"@type\":\"PropertyValueSpecification\",\"valueRequired\":true,\"valueName\":\"search_term_string\"}}],\"inLanguage\":\"de-DE\"}]}<\/script>\n<!-- \/ Yoast SEO plugin. -->","yoast_head_json":{"title":"Datenschutz-Bestimmungen | Keelings Knowledge","description":"Lesen Sie hier die Informationen zu den Datenschutz-Bestimmungen.","robots":{"index":"index","follow":"follow","max-snippet":"max-snippet:-1","max-image-preview":"max-image-preview:large","max-video-preview":"max-video-preview:-1"},"canonical":"https:\/\/www.keelingsknowledge.com\/de\/datenschutz-bestimmungen\/","og_locale":"de_DE","og_type":"article","og_title":"Datenschutz-Bestimmungen | Keelings Knowledge","og_description":"Lesen Sie hier die Informationen zu den Datenschutz-Bestimmungen.","og_url":"https:\/\/www.keelingsknowledge.com\/de\/datenschutz-bestimmungen\/","og_site_name":"Keelings Knowledge","article_modified_time":"2021-07-15T07:56:13+00:00","og_image":[{"width":1920,"height":1080,"url":"https:\/\/www.keelingsknowledge.com\/wp-content\/uploads\/2019\/01\/Keelings-Knowledge-Support-Desk.jpg","type":"image\/jpeg"}],"twitter_card":"summary_large_image","twitter_site":"@Knowledge_ERP","twitter_misc":{"Gesch\u00e4tzte Lesezeit":"7 Minuten"},"schema":{"@context":"https:\/\/schema.org","@graph":[{"@type":"WebPage","@id":"https:\/\/www.keelingsknowledge.com\/de\/datenschutz-bestimmungen\/","url":"https:\/\/www.keelingsknowledge.com\/de\/datenschutz-bestimmungen\/","name":"Datenschutz-Bestimmungen | Keelings Knowledge","isPartOf":{"@id":"https:\/\/www.keelingsknowledge.com\/de\/#website"},"datePublished":"2019-03-05T14:12:41+00:00","dateModified":"2021-07-15T07:56:13+00:00","description":"Lesen Sie hier die Informationen zu den Datenschutz-Bestimmungen.","breadcrumb":{"@id":"https:\/\/www.keelingsknowledge.com\/de\/datenschutz-bestimmungen\/#breadcrumb"},"inLanguage":"de-DE","potentialAction":[{"@type":"ReadAction","target":["https:\/\/www.keelingsknowledge.com\/de\/datenschutz-bestimmungen\/"]}]},{"@type":"BreadcrumbList","@id":"https:\/\/www.keelingsknowledge.com\/de\/datenschutz-bestimmungen\/#breadcrumb","itemListElement":[{"@type":"ListItem","position":1,"name":"Home","item":"https:\/\/www.keelingsknowledge.com\/de\/"},{"@type":"ListItem","position":2,"name":"Datenschutz-Bestimmungen"}]},{"@type":"WebSite","@id":"https:\/\/www.keelingsknowledge.com\/de\/#website","url":"https:\/\/www.keelingsknowledge.com\/de\/","name":"Keelings Knowledge","description":"ERP Fresh Produce Solutions","potentialAction":[{"@type":"SearchAction","target":{"@type":"EntryPoint","urlTemplate":"https:\/\/www.keelingsknowledge.com\/de\/?s={search_term_string}"},"query-input":{"@type":"PropertyValueSpecification","valueRequired":true,"valueName":"search_term_string"}}],"inLanguage":"de-DE"}]}},"_links":{"self":[{"href":"https:\/\/www.keelingsknowledge.com\/de\/wp-json\/wp\/v2\/pages\/4474","targetHints":{"allow":["GET"]}}],"collection":[{"href":"https:\/\/www.keelingsknowledge.com\/de\/wp-json\/wp\/v2\/pages"}],"about":[{"href":"https:\/\/www.keelingsknowledge.com\/de\/wp-json\/wp\/v2\/types\/page"}],"author":[{"embeddable":true,"href":"https:\/\/www.keelingsknowledge.com\/de\/wp-json\/wp\/v2\/users\/1"}],"replies":[{"embeddable":true,"href":"https:\/\/www.keelingsknowledge.com\/de\/wp-json\/wp\/v2\/comments?post=4474"}],"version-history":[{"count":0,"href":"https:\/\/www.keelingsknowledge.com\/de\/wp-json\/wp\/v2\/pages\/4474\/revisions"}],"wp:attachment":[{"href":"https:\/\/www.keelingsknowledge.com\/de\/wp-json\/wp\/v2\/media?parent=4474"}],"curies":[{"name":"wp","href":"https:\/\/api.w.org\/{rel}","templated":true}]}}