{"id":5726,"date":"2021-03-19T14:49:06","date_gmt":"2021-03-19T14:49:06","guid":{"rendered":"https:\/\/www.keelingsknowledge.com\/?page_id=5726"},"modified":"2021-03-19T15:33:00","modified_gmt":"2021-03-19T15:33:00","slug":"ueber-uns","status":"publish","type":"page","link":"https:\/\/www.keelingsknowledge.com\/de\/ueber-uns\/","title":{"rendered":"\u00dcber uns"},"content":{"rendered":"<h1>\r\n\t\tUnsere ERP-Software &#8211; Die Grundlage f\u00fcr Ihr Unternehmen\r\n\t<\/h1>\r\n<h2>\r\n\t\t\u00dcber uns\r\n\t<\/h2>\r\n\t<p>Keelings ist bereits seit 1926 und damit seit drei Generationen in der Obst- und Gem\u00fcsebranche t\u00e4tig. Schon in den 1980er Jahren begann man damit, an einer branchenspezifischen Software zu arbeiten. Im Jahr 2012 dann wurde ein eigenes Unternehmen mit dem Namen Keelings Solutions gegr\u00fcndet, jetzt Keelings Knowledge. Keelings Knowledge zeichnet sich sowohl durch die technische Expertise in der Softwareentwicklung als auch durch erstklassiges Branchenwissen aus. Keelings Knowledge hat sein speziell auf die Lebensmittelindustrie ausgerichtetes \u201e<em>Enterprise Resource Planning<\/em>\u201c-Produkt (ERP) aus der Frischwarenbranche heraus entwickelt. Die ERP-Komplettl\u00f6sung wurde weltweit erfolgreich in Unternehmen des Obst- und Gem\u00fcsesektors implementiert.<\/p>\r\n<p>Wir bieten dar\u00fcber hinaus erstklassige, exklusiv auf die Lebensmittelindustrie zugeschnittene Dienstleistungen an \u2013 von Implementierung, \u00fcber Support bis hin zum Consulting. Keelings Knowledge selbst hat seinen Ursprung in der Obst- und Gem\u00fcsebranche. Dies qualifiziert uns in besonderem Ma\u00dfe, diese Software stetig weiterzuentwickeln und so unseren Kunden zu helfen, ihr Potential voll auszusch\u00f6pfen und ihren Betrieb zu solidem Wachstum zu f\u00fchren.<\/p>\r\n<h3>\r\n\t\tBranchenspezifische Software\r\n\t<\/h3>\r\n\t<p>Unsere Kunden nutzen unsere branchenspezifische Software f\u00fcr alle operativen Bereiche, vom Einkauf \u00fcber Verkauf bis hin zum Export und Import, um so die die Qualit\u00e4t und Profitabilit\u00e4t in ihres Unternehmens zu steigern. Unsere Software bietet eine solide Plattform f\u00fcr Wachstum. Dar\u00fcber hinaus tr\u00e4gt sie dazu bei, die umfangreichen gesetzlichen Anforderungen innerhalb des Obst- und Gem\u00fcsesektors zu erf\u00fcllen.<\/p>\r\n<p>Unsere ERP-Softwarel\u00f6sung kann problemlos in Ihrem Obst- und Gem\u00fcseunternehmen eingesetzt werden. Dabei spielt es keine Rolle, ob Sie Obst oder Gem\u00fcse anbauen, ob Sie Lebensmittelhersteller oder -h\u00e4ndler sind, ob Sie in der Distribution beheimatet sind oder aber in der Gastronomie-Belieferung. Unabh\u00e4ngig von der Gr\u00f6\u00dfe, dem Standort oder der Sprache, die haupts\u00e4chlich in Ihrem Betrieb gesprochen wird \u2013 unsere Software kann in Ihrem Betrieb erfolgreich eingesetzt werden. \u00a0Die Eisntellungen in unserer Software k\u00f6nnen genau auf Ihre Bed\u00fcrfnisse angepasst werden, die Flexibilit\u00e4t in unserem ERP-System ist perfekt auf die hohen Anforderungen des Frischwarensektors abgestimmt. Unsere \u201cPlug-And-Play\u201d-Module stellen sicher, dass Ihr Unternehmen heute und auch in der Zukunft solide wachsen kann und dass Sie sich weiterhin auf Ihre Kernaktivit\u00e4ten konzentrieren k\u00f6nnen.<\/p>\r\n\t<h3><a href=\"\/de\/ueber\/geschichte\/\">Geschichte<\/a><\/h3>\r\n<p>Keelings ist seit drei Generationen in der Obst- und Gem\u00fcsebranche beheimatet und entwickelt seit den 80er Jahren eine branchenspezifische Software, welche weltweit erfolgreich in Unternehmen implementiert wurde.<\/p>\r\n<p>&nbsp;<\/p>\r\n<h6>Der Ursprung von Keelings Knowledge &gt;<\/h6>\r\n\t\t\t\t<img loading=\"lazy\" decoding=\"async\" src=\"https:\/\/www.keelingsknowledge.com\/wp-content\/uploads\/2019\/01\/Keelings-Knowledge-Historu.jpg\" alt=\"Keelings Knowledge History\" itemprop=\"image\" height=\"1080\" width=\"1920\" title=\"Keelings Knowledge History\" onerror=\"this.style.display='none'\"  \/>\r\n\t<h3><a href=\"\/de\/ueber\/team\/\">Unser Team<\/a><\/h3>\r\n<p>Dank unserer umfangreichen Kenntnisse in der Softwareentwicklung und langj\u00e4hrigen Erfahrung im Obst- und Gem\u00fcsesektor hat unser international ausgerichtes Team auch Ihrem Unternehmen viel zu bieten.<\/p>\r\n<p>&nbsp;<\/p>\r\n<h6>Lernen Sie unsere Branchenexperten kennen &gt;<\/h6>\r\n\t\t\t\t<img loading=\"lazy\" decoding=\"async\" src=\"https:\/\/www.keelingsknowledge.com\/wp-content\/uploads\/2019\/01\/Keelings-Knowledge-Team.jpg\" alt=\"Keelings Knowledge Team\" itemprop=\"image\" height=\"1080\" width=\"1920\" title=\"Keelings Knowledge Team\" onerror=\"this.style.display='none'\"  \/>\r\n\t<a href=\"https:\/\/www.keelingsknowledge.com\/nl\/brochure\/\">\r\n        <h3>Downloads<\/h3>\r\n            <h4>Download our brochure<\/h4>\r\n<\/a>\r\n\t<a href=\"https:\/\/www.keelingsknowledge.com\/en\/10-tips-choosing-erp-software\/\">\r\n        <h3>Tips<\/h3>\r\n            <h4>10 Tips For Choosing ERP Software<\/h4>\r\n<\/a>\r\n","protected":false},"excerpt":{"rendered":"<p>Unsere ERP-Software &#8211; Die Grundlage f\u00fcr Ihr Unternehmen \u00dcber uns Keelings ist bereits seit 1926 und damit seit drei Generationen in der Obst- und Gem\u00fcsebranche t\u00e4tig. Schon in den 1980er Jahren begann man damit, an einer branchenspezifischen Software zu arbeiten. Im Jahr 2012 dann wurde ein eigenes Unternehmen mit dem Namen Keelings Solutions gegr\u00fcndet, jetzt [&hellip;]<\/p>\n","protected":false},"author":11,"featured_media":4453,"parent":0,"menu_order":0,"comment_status":"closed","ping_status":"closed","template":"full_width.php","meta":{"_genesis_hide_title":false,"_genesis_hide_breadcrumbs":false,"_genesis_hide_singular_image":false,"_genesis_hide_footer_widgets":false,"_genesis_custom_body_class":"","_genesis_custom_post_class":"","_genesis_layout":"","footnotes":""},"class_list":{"0":"post-5726","1":"page","2":"type-page","3":"status-publish","4":"has-post-thumbnail","6":"entry"},"yoast_head":"<!-- This site is optimized with the Yoast SEO plugin v26.2 - https:\/\/yoast.com\/wordpress\/plugins\/seo\/ -->\n<title>\u00dcber uns | Keelings Knowledge<\/title>\n<meta name=\"description\" content=\"Lesen Sie mehr \u00fcber Keelings Knowledge, einem Software-Hersteller, der sich auf die Frischwarenbranche spezialisiert hat und Teil des Obst- und Gem\u00fcseunternehmens Keelings ist.\" \/>\n<meta name=\"robots\" content=\"index, follow, max-snippet:-1, max-image-preview:large, max-video-preview:-1\" \/>\n<link rel=\"canonical\" href=\"https:\/\/www.keelingsknowledge.com\/de\/ueber-uns\/\" \/>\n<meta property=\"og:locale\" content=\"de_DE\" \/>\n<meta property=\"og:type\" content=\"article\" \/>\n<meta property=\"og:title\" content=\"\u00dcber uns | Keelings Knowledge\" \/>\n<meta property=\"og:description\" content=\"Lesen Sie mehr \u00fcber Keelings Knowledge, einem Software-Hersteller, der sich auf die Frischwarenbranche spezialisiert hat und Teil des Obst- und Gem\u00fcseunternehmens Keelings ist.\" \/>\n<meta property=\"og:url\" content=\"https:\/\/www.keelingsknowledge.com\/de\/ueber-uns\/\" \/>\n<meta property=\"og:site_name\" content=\"Keelings Knowledge\" \/>\n<meta property=\"article:modified_time\" content=\"2021-03-19T15:33:00+00:00\" \/>\n<meta property=\"og:image\" content=\"https:\/\/www.keelingsknowledge.com\/wp-content\/uploads\/2019\/03\/Keelings-Knowledge-Home.jpg\" \/>\n\t<meta property=\"og:image:width\" content=\"1920\" \/>\n\t<meta property=\"og:image:height\" content=\"1080\" \/>\n\t<meta property=\"og:image:type\" content=\"image\/jpeg\" \/>\n<meta name=\"twitter:card\" content=\"summary_large_image\" \/>\n<meta name=\"twitter:site\" content=\"@Knowledge_ERP\" \/>\n<meta name=\"twitter:label1\" content=\"Gesch\u00e4tzte Lesezeit\" \/>\n\t<meta name=\"twitter:data1\" content=\"2 Minuten\" \/>\n<script type=\"application\/ld+json\" class=\"yoast-schema-graph\">{\"@context\":\"https:\/\/schema.org\",\"@graph\":[{\"@type\":\"WebPage\",\"@id\":\"https:\/\/www.keelingsknowledge.com\/de\/ueber-uns\/\",\"url\":\"https:\/\/www.keelingsknowledge.com\/de\/ueber-uns\/\",\"name\":\"\u00dcber uns | Keelings Knowledge\",\"isPartOf\":{\"@id\":\"https:\/\/www.keelingsknowledge.com\/de\/#website\"},\"primaryImageOfPage\":{\"@id\":\"https:\/\/www.keelingsknowledge.com\/de\/ueber-uns\/#primaryimage\"},\"image\":{\"@id\":\"https:\/\/www.keelingsknowledge.com\/de\/ueber-uns\/#primaryimage\"},\"thumbnailUrl\":\"https:\/\/www.keelingsknowledge.com\/wp-content\/uploads\/2019\/03\/Keelings-Knowledge-Home.jpg\",\"datePublished\":\"2021-03-19T14:49:06+00:00\",\"dateModified\":\"2021-03-19T15:33:00+00:00\",\"description\":\"Lesen Sie mehr \u00fcber Keelings Knowledge, einem Software-Hersteller, der sich auf die Frischwarenbranche spezialisiert hat und Teil des Obst- und Gem\u00fcseunternehmens Keelings ist.\",\"breadcrumb\":{\"@id\":\"https:\/\/www.keelingsknowledge.com\/de\/ueber-uns\/#breadcrumb\"},\"inLanguage\":\"de-DE\",\"potentialAction\":[{\"@type\":\"ReadAction\",\"target\":[\"https:\/\/www.keelingsknowledge.com\/de\/ueber-uns\/\"]}]},{\"@type\":\"ImageObject\",\"inLanguage\":\"de-DE\",\"@id\":\"https:\/\/www.keelingsknowledge.com\/de\/ueber-uns\/#primaryimage\",\"url\":\"https:\/\/www.keelingsknowledge.com\/wp-content\/uploads\/2019\/03\/Keelings-Knowledge-Home.jpg\",\"contentUrl\":\"https:\/\/www.keelingsknowledge.com\/wp-content\/uploads\/2019\/03\/Keelings-Knowledge-Home.jpg\",\"width\":1920,\"height\":1080,\"caption\":\"Mann mit roter M\u00fctze steht vor einem Apfelbaum und pfl\u00fcckt einen Apfel im Obstgarten.\"},{\"@type\":\"BreadcrumbList\",\"@id\":\"https:\/\/www.keelingsknowledge.com\/de\/ueber-uns\/#breadcrumb\",\"itemListElement\":[{\"@type\":\"ListItem\",\"position\":1,\"name\":\"Home\",\"item\":\"https:\/\/www.keelingsknowledge.com\/de\/\"},{\"@type\":\"ListItem\",\"position\":2,\"name\":\"\u00dcber uns\"}]},{\"@type\":\"WebSite\",\"@id\":\"https:\/\/www.keelingsknowledge.com\/de\/#website\",\"url\":\"https:\/\/www.keelingsknowledge.com\/de\/\",\"name\":\"Keelings Knowledge\",\"description\":\"ERP Fresh Produce Solutions\",\"potentialAction\":[{\"@type\":\"SearchAction\",\"target\":{\"@type\":\"EntryPoint\",\"urlTemplate\":\"https:\/\/www.keelingsknowledge.com\/de\/?s={search_term_string}\"},\"query-input\":{\"@type\":\"PropertyValueSpecification\",\"valueRequired\":true,\"valueName\":\"search_term_string\"}}],\"inLanguage\":\"de-DE\"}]}<\/script>\n<!-- \/ Yoast SEO plugin. -->","yoast_head_json":{"title":"\u00dcber uns | Keelings Knowledge","description":"Lesen Sie mehr \u00fcber Keelings Knowledge, einem Software-Hersteller, der sich auf die Frischwarenbranche spezialisiert hat und Teil des Obst- und Gem\u00fcseunternehmens Keelings ist.","robots":{"index":"index","follow":"follow","max-snippet":"max-snippet:-1","max-image-preview":"max-image-preview:large","max-video-preview":"max-video-preview:-1"},"canonical":"https:\/\/www.keelingsknowledge.com\/de\/ueber-uns\/","og_locale":"de_DE","og_type":"article","og_title":"\u00dcber uns | Keelings Knowledge","og_description":"Lesen Sie mehr \u00fcber Keelings Knowledge, einem Software-Hersteller, der sich auf die Frischwarenbranche spezialisiert hat und Teil des Obst- und Gem\u00fcseunternehmens Keelings ist.","og_url":"https:\/\/www.keelingsknowledge.com\/de\/ueber-uns\/","og_site_name":"Keelings Knowledge","article_modified_time":"2021-03-19T15:33:00+00:00","og_image":[{"width":1920,"height":1080,"url":"https:\/\/www.keelingsknowledge.com\/wp-content\/uploads\/2019\/03\/Keelings-Knowledge-Home.jpg","type":"image\/jpeg"}],"twitter_card":"summary_large_image","twitter_site":"@Knowledge_ERP","twitter_misc":{"Gesch\u00e4tzte Lesezeit":"2 Minuten"},"schema":{"@context":"https:\/\/schema.org","@graph":[{"@type":"WebPage","@id":"https:\/\/www.keelingsknowledge.com\/de\/ueber-uns\/","url":"https:\/\/www.keelingsknowledge.com\/de\/ueber-uns\/","name":"\u00dcber uns | Keelings Knowledge","isPartOf":{"@id":"https:\/\/www.keelingsknowledge.com\/de\/#website"},"primaryImageOfPage":{"@id":"https:\/\/www.keelingsknowledge.com\/de\/ueber-uns\/#primaryimage"},"image":{"@id":"https:\/\/www.keelingsknowledge.com\/de\/ueber-uns\/#primaryimage"},"thumbnailUrl":"https:\/\/www.keelingsknowledge.com\/wp-content\/uploads\/2019\/03\/Keelings-Knowledge-Home.jpg","datePublished":"2021-03-19T14:49:06+00:00","dateModified":"2021-03-19T15:33:00+00:00","description":"Lesen Sie mehr \u00fcber Keelings Knowledge, einem Software-Hersteller, der sich auf die Frischwarenbranche spezialisiert hat und Teil des Obst- und Gem\u00fcseunternehmens Keelings ist.","breadcrumb":{"@id":"https:\/\/www.keelingsknowledge.com\/de\/ueber-uns\/#breadcrumb"},"inLanguage":"de-DE","potentialAction":[{"@type":"ReadAction","target":["https:\/\/www.keelingsknowledge.com\/de\/ueber-uns\/"]}]},{"@type":"ImageObject","inLanguage":"de-DE","@id":"https:\/\/www.keelingsknowledge.com\/de\/ueber-uns\/#primaryimage","url":"https:\/\/www.keelingsknowledge.com\/wp-content\/uploads\/2019\/03\/Keelings-Knowledge-Home.jpg","contentUrl":"https:\/\/www.keelingsknowledge.com\/wp-content\/uploads\/2019\/03\/Keelings-Knowledge-Home.jpg","width":1920,"height":1080,"caption":"Mann mit roter M\u00fctze steht vor einem Apfelbaum und pfl\u00fcckt einen Apfel im Obstgarten."},{"@type":"BreadcrumbList","@id":"https:\/\/www.keelingsknowledge.com\/de\/ueber-uns\/#breadcrumb","itemListElement":[{"@type":"ListItem","position":1,"name":"Home","item":"https:\/\/www.keelingsknowledge.com\/de\/"},{"@type":"ListItem","position":2,"name":"\u00dcber uns"}]},{"@type":"WebSite","@id":"https:\/\/www.keelingsknowledge.com\/de\/#website","url":"https:\/\/www.keelingsknowledge.com\/de\/","name":"Keelings Knowledge","description":"ERP Fresh Produce Solutions","potentialAction":[{"@type":"SearchAction","target":{"@type":"EntryPoint","urlTemplate":"https:\/\/www.keelingsknowledge.com\/de\/?s={search_term_string}"},"query-input":{"@type":"PropertyValueSpecification","valueRequired":true,"valueName":"search_term_string"}}],"inLanguage":"de-DE"}]}},"_links":{"self":[{"href":"https:\/\/www.keelingsknowledge.com\/de\/wp-json\/wp\/v2\/pages\/5726","targetHints":{"allow":["GET"]}}],"collection":[{"href":"https:\/\/www.keelingsknowledge.com\/de\/wp-json\/wp\/v2\/pages"}],"about":[{"href":"https:\/\/www.keelingsknowledge.com\/de\/wp-json\/wp\/v2\/types\/page"}],"author":[{"embeddable":true,"href":"https:\/\/www.keelingsknowledge.com\/de\/wp-json\/wp\/v2\/users\/11"}],"replies":[{"embeddable":true,"href":"https:\/\/www.keelingsknowledge.com\/de\/wp-json\/wp\/v2\/comments?post=5726"}],"version-history":[{"count":0,"href":"https:\/\/www.keelingsknowledge.com\/de\/wp-json\/wp\/v2\/pages\/5726\/revisions"}],"wp:featuredmedia":[{"embeddable":true,"href":"https:\/\/www.keelingsknowledge.com\/de\/wp-json\/wp\/v2\/media\/4453"}],"wp:attachment":[{"href":"https:\/\/www.keelingsknowledge.com\/de\/wp-json\/wp\/v2\/media?parent=5726"}],"curies":[{"name":"wp","href":"https:\/\/api.w.org\/{rel}","templated":true}]}}